{"id":1424,"date":"2025-08-15T12:00:20","date_gmt":"2025-08-15T10:00:20","guid":{"rendered":"https:\/\/dev.aljoshagasser.com\/z-7.ch?post_type=product&#038;p=1424"},"modified":"2026-03-27T14:13:57","modified_gmt":"2026-03-27T13:13:57","slug":"voelkerball-2026-2","status":"publish","type":"product","link":"https:\/\/z-7.ch\/en\/event\/voelkerball-2026-2\/","title":{"rendered":"V\u00f6lkerball"},"content":{"rendered":"<h3>Konzertverschiebung &#8211; V\u00d6LKERBALL<\/h3>\n<p>In den letzten Tagen haben wir uns im Z7 intensiv Gedanken gemacht. Die Ereignisse in Crans-Montana haben uns sehr bewegt \u2013 und sie haben auch Einfluss darauf, wie sich manche Menschen aktuell in bestimmten Situationen f\u00fchlen. Aus Respekt gegen\u00fcber den Betroffenen und ihren Angeh\u00f6rigen, aber auch gegen\u00fcber unseren Besucher:innen, die sich bei Shows mit viel Feuer und Pyrotechnik momentan unwohl f\u00fchlen k\u00f6nnten, haben wir entschieden, bis zur Open-Air-Saison auf feuer- und pyrotechnische Effekte in der Halle zu verzichten.<br \/>\nDa die Shows von V\u00f6lkerball untrennbar mit genau diesen Elementen verbunden sind, verschieben wir die beiden Konzerte in den September.<\/p>\n<p><strong>Neu finden die Shows am 11. und 12. September 2026 statt.<\/strong><br \/>\nTickets f\u00fcr Fr. 17.04.2026 sind neu g\u00fcltig f\u00fcr Fr. 11.09.2026<br \/>\nTickets f\u00fcr Sa. 18.04.2026 sind neu g\u00fcltig f\u00fcr Sa. 12.09.2026<\/p>\n<p>Wer am neuen Termin verhindert ist, kann sein Ticket dort zur\u00fcckgeben, wo es gekauft wurde.<\/p>\n<p><a class=\"button\" href=\"\/besucherinfos\/#ticketrueckerstattung\">Infos zu Ticketr\u00fcckerstattung<\/a><\/p>\n<h3>99,9 % RAMMSTEIN \u2013 100 % V\u00d6LKERBALL<\/h3>\n<p><strong>Im Jahr 2026 heben V\u00f6lkerball \u2013 die authentischste Rammstein Tribute Band Europas \u2013 buchst\u00e4blich ab. Mit originalgetreu nachgebauten Requisiten schafft es die Band in diesem Jahr mehr als jemals zuvor, die Perfektion einer Rammstein-Show ganz nah zu Euch zu bringen und zur atemberaubenden Realit\u00e4t werden zu lassen.<\/strong><\/p>\n<p>Wie niemand sonst, setzen V\u00f6lkerball das Konzerterlebnis der Berliner Rockgiganten mit explosiver Kraft und in nie da gewesener Perfektion auf der B\u00fchne um. V\u00f6lkerball: 99,9 % Rammstein \u2013 100 % V\u00f6lkerball ist mehr als ein Versprechen: Die Band ist eine Garantie f\u00fcr G\u00e4nsehaut, eine h\u00f6chst beindruckende Pyro-Show und musikalische Pr\u00e4zision auf h\u00f6chstem Niveau.<br \/>\nAuch 2026 setzen V\u00f6lkerball wieder neue Massst\u00e4be in Sachen Showdesign und Originaltreue zu ihrem grossen Vorbild: Bekannte und beliebte Requisiten wie der Feuerbogen und der Flammenwerfer im Song \u201aMein Teil\u2019 wechseln sich ab mit neuen Elementen wie dem \u00fcberdimensionalen, Konfetti-spr\u00fchendem Phallus im Song \u201aPussy\u2018. Und gem\u00e4ss dem Namen \u201aEngel\u2018-Tour erhebt sich Ren\u00e9 -alias Till- mit m\u00e4chtigen Fl\u00fcgeln in die L\u00fcfte, hoch bis ins Dach der B\u00fchne \u2013 um dann im brutalen Pyrogewitter das grosse Finale der 2,5 Stunden dauernden Tributeshow einzuleiten.<br \/>\n2026 wird es V\u00f6lkerball erneut gelingen, eine unglaubliche Inszenierung auf die B\u00fchne zu bringen, die an Dynamik, Kraft und Authentizit\u00e4t ihresgleichen sucht. So wird jedes V\u00f6lkerball-Konzert mit perfektem Sound, spektakul\u00e4rem Licht\u00a0und gewaltigen pyrotechnischen Effekten zur faszinierenden\u00a0Ausnahmeerfahrung f\u00fcr jeden Konzertbesucher.<\/p>\n","protected":false},"excerpt":{"rendered":"<p>Konzertverschiebung &#8211; V\u00d6LKERBALL In den letzten Tagen haben wir uns im Z7 intensiv Gedanken gemacht. Die Ereignisse in Crans-Montana haben&hellip;<\/p>\n","protected":false},"author":2,"featured_media":1417,"template":"","meta":{"_acf_changed":false},"product_brand":[],"product_cat":[26],"product_tag":[140,51,71],"class_list":{"0":"post-1424","1":"product","2":"type-product","3":"status-publish","4":"has-post-thumbnail","6":"product_cat-event","7":"product_tag-dark-rock-metal","8":"product_tag-industrial-metal","9":"product_tag-tribute","11":"first","12":"instock","13":"virtual","14":"purchasable","15":"product-type-simple"},"acf":[],"_links":{"self":[{"href":"https:\/\/z-7.ch\/en\/wp-json\/wp\/v2\/product\/1424","targetHints":{"allow":["GET"]}}],"collection":[{"href":"https:\/\/z-7.ch\/en\/wp-json\/wp\/v2\/product"}],"about":[{"href":"https:\/\/z-7.ch\/en\/wp-json\/wp\/v2\/types\/product"}],"author":[{"embeddable":true,"href":"https:\/\/z-7.ch\/en\/wp-json\/wp\/v2\/users\/2"}],"wp:featuredmedia":[{"embeddable":true,"href":"https:\/\/z-7.ch\/en\/wp-json\/wp\/v2\/media\/1417"}],"wp:attachment":[{"href":"https:\/\/z-7.ch\/en\/wp-json\/wp\/v2\/media?parent=1424"}],"wp:term":[{"taxonomy":"product_brand","embeddable":true,"href":"https:\/\/z-7.ch\/en\/wp-json\/wp\/v2\/product_brand?post=1424"},{"taxonomy":"product_cat","embeddable":true,"href":"https:\/\/z-7.ch\/en\/wp-json\/wp\/v2\/product_cat?post=1424"},{"taxonomy":"product_tag","embeddable":true,"href":"https:\/\/z-7.ch\/en\/wp-json\/wp\/v2\/product_tag?post=1424"}],"curies":[{"name":"wp","href":"https:\/\/api.w.org\/{rel}","templated":true}]}}