{"id":15654,"date":"2026-03-09T10:55:26","date_gmt":"2026-03-09T09:55:26","guid":{"rendered":"https:\/\/z-7.ch\/?post_type=product&#038;p=15654"},"modified":"2026-04-10T14:50:24","modified_gmt":"2026-04-10T12:50:24","slug":"whitechapel","status":"publish","type":"product","link":"https:\/\/z-7.ch\/en\/event\/whitechapel\/","title":{"rendered":"Whitechapel"},"content":{"rendered":"<h3>REFINED BRUTALITY<\/h3>\n<p><strong>For 20 years, Whitechapel from Knoxville have stood for uncompromising deathcore and death metal. With their ninth album Hymns Of Dissonance, the Americans returned in 2025 to the brutally relentless sound of their early days. In 2027, they\u2019ll bring the \u201cBurn Forever Tour\u201d to Europe, ready to knock out fans with their blastbeat-driven anthems.   Support comes from Sylosis, 200 Stab Wounds and Tribal Gaze. <\/strong><\/p>\n<p>\u201cHymns In Dissonance\u201d \u2013 the title of Whitechapel\u2019s current album says it all. \u201cThere is nothing pretty about HID, from the riffs to the lyrics to the overall melody of the album. We tried to write our heaviest album yet. We wanted to put out something shockingly menacing and brutal,\u201d says guitarist Alex Wade about the band\u2019s latest work. \u201cThe album follows the story of a cultist gathering people to join his cult. There are moments in the story where the followers sing a hymn to open a portal through which the main cultist can enter.\u201d The band\u2019s dynamic and brutal musicianship provides the perfect soundtrack to the gripping story imagined by singer Phil Bozeman: \u201c\u2018Hymns in Dissonance\u2019 is a mockery of the true nature of hymns,\u201d he explains. \u201cHymns are melodic and harmonious. Dissonance is the exact opposite of melody and harmony. It represents evil. And the tracks on the album represent the seven deadly sins.\u201d A reviewer from Metal Hammer wrote about the band\u2019s latest output: \u201cWe had just gotten used to Whitechapel opening a new, calmer musical chapter of their career with The Valley, which continued on the 2021 album Kin. Anyone expecting a continuation of that will not only be surprised by Hymns Of Dissonance \u2013 they\u2019ll be steamrolled by it!\u201d He summed up the relentless death-metal assault as follows: \u201cAcross ten tracks, fury rages in every shade of red. The blastbeat machinery fires nonstop, while Philip Bozeman\u2019s diabolical vocals shift between growling lows and hissing shouts.\u201d There\u2019s certainly no room here for sentimentality.       <\/p>\n<p><strong>SYLOSIS:<\/strong> Since 2000, the band from Reading, England has stood for uncompromising riff storms and technical precision. In February 2026, Sylosis released their highly anticipated, career-defining new album The New Flesh via Nuclear Blast. It stands as a monumental testament to crushing riffs, sharp melodies and refined brute force. The band\u2019s seventh studio album is a powerful snapshot: lethal, uncompromising and metal to the core. The band comments: \u201cWe couldn\u2019t be happier with what we\u2019ve created here. It\u2019s our heaviest album so far, but also our most diverse and collaborative. We\u2019ve already played many of these songs live and it\u2019s been amazing to see the positive reaction from the crowds. It truly feels like the next step for the band. We can\u2019t wait to see you all again.\u201d    <\/p>\n<p><strong>200 STAB WOUNDS:<\/strong> Nach einer EP und einem Album f\u00fcr das kultige Underground-Label Maggot Stomp wurden die aufstrebenden Death-Metal-Newcomer 200 Stab Wounds aus Cleveland im Jahr 2024 von Metal Blade Records unter Vertrag genommen. Beim renommierten Label wurde schliesslich der Longplayer \u201eManual Manic Procedures\u201c ver\u00f6ffentlicht. Die Scheibe ist ein brutales St\u00fcck Death Metal der alten Schule mit einer modernen Note. Die Tracks sind definitiv nichts f\u00fcr schwache Nerven und haben die klassische Gore-Musik zur\u00fcck ins kollektive Bewusstsein der Metal-Gemeinde gebracht. Stormbringer.at urteilt: \u201eIn etwas mehr als 29 Minuten Spielzeit sind es vor allem Dynamik und Druck, die Eindruck schinden. 200 Stab Wounds agieren l\u00e4ngst nicht so stumpf im Caveman-Death-Style, wie man das beispielsweise von ihren Kollegen von Sanguisugabogg gewohnt ist, sondern variieren bei Gelegenheit innerhalb der einzelnen Songs im Foltertempo, streuen beissende Soli in offene Wunden oder bauen mit einem Synth-Gitarren-Interlude bedrohliche Horrorfilm-Atmosph\u00e4re auf.\u201c Das klingt zuweilen so, als h\u00e4tte man Cannibal Corpse und Jungle Rot in einem Genforschungslabor gekreuzt, sp\u00e4ter noch Skinless beigemischt und nach einem langen Mutationsprozess einen wunderbar h\u00e4sslichen Hybrid auf die Menschheit losgelassen.     <\/p>\n<p><strong>TRIBAL GAZE:<\/strong> This project was born out of boredom during the Covid pandemic in 2020. Tribal Gaze quickly developed into a serious band and released their first album in 2022. During a live show, A&amp;R legend and talent scout Monte Conner took notice of the Texans and helped them secure a deal with Nuclear Blast. The first result of that collaboration is Inveighing Brilliance (2025), offering old-school death metal with hardcore elements somewhere between Obituary, Gatecreeper and 200 Stab Wounds. With a strong sense for short, punchy songs, Tribal Gaze are guaranteed to get neck muscles moving. A reviewer from Metalfactory.ch wrote: \u201cFrom the scorched earth of Texas, Tribal Gaze return with Inveighing Brilliance, a death metal monolith marked by violence and relentless brutality. The five-piece conjure visions of primal rage and nihilistic clarity with a sound rooted in the rawness of old-school death metal but sharpened with modern elements.\u201d     <\/p>\n","protected":false},"excerpt":{"rendered":"<p>REFINED BRUTALITY For 20 years, Whitechapel from Knoxville have stood for uncompromising deathcore and death metal. With their ninth album&hellip;<\/p>\n","protected":false},"author":2,"featured_media":15454,"template":"","meta":{"_acf_changed":false},"product_brand":[],"product_cat":[151],"product_tag":[165,207],"class_list":{"0":"post-15654","1":"product","2":"type-product","3":"status-publish","4":"has-post-thumbnail","6":"product_cat-event","7":"product_tag-black-death-metal","8":"product_tag-metalcore","10":"first","11":"instock","12":"virtual","13":"purchasable","14":"product-type-simple"},"acf":[],"_links":{"self":[{"href":"https:\/\/z-7.ch\/en\/wp-json\/wp\/v2\/product\/15654","targetHints":{"allow":["GET"]}}],"collection":[{"href":"https:\/\/z-7.ch\/en\/wp-json\/wp\/v2\/product"}],"about":[{"href":"https:\/\/z-7.ch\/en\/wp-json\/wp\/v2\/types\/product"}],"author":[{"embeddable":true,"href":"https:\/\/z-7.ch\/en\/wp-json\/wp\/v2\/users\/2"}],"wp:featuredmedia":[{"embeddable":true,"href":"https:\/\/z-7.ch\/en\/wp-json\/wp\/v2\/media\/15454"}],"wp:attachment":[{"href":"https:\/\/z-7.ch\/en\/wp-json\/wp\/v2\/media?parent=15654"}],"wp:term":[{"taxonomy":"product_brand","embeddable":true,"href":"https:\/\/z-7.ch\/en\/wp-json\/wp\/v2\/product_brand?post=15654"},{"taxonomy":"product_cat","embeddable":true,"href":"https:\/\/z-7.ch\/en\/wp-json\/wp\/v2\/product_cat?post=15654"},{"taxonomy":"product_tag","embeddable":true,"href":"https:\/\/z-7.ch\/en\/wp-json\/wp\/v2\/product_tag?post=15654"}],"curies":[{"name":"wp","href":"https:\/\/api.w.org\/{rel}","templated":true}]}}