{"id":9563,"date":"2025-10-16T15:03:49","date_gmt":"2025-10-16T13:03:49","guid":{"rendered":"https:\/\/z-7.ch\/produkt\/heuer-night-2026\/"},"modified":"2026-02-16T14:22:14","modified_gmt":"2026-02-16T13:22:14","slug":"heuer-night-2026","status":"publish","type":"product","link":"https:\/\/z-7.ch\/en\/event\/heuer-night-2026\/","title":{"rendered":"Heuer Night 2026"},"content":{"rendered":"<h3>HEUER NIGHT 2026 \u2013 40 JOHR JUBIL\u00c4UM!<\/h3>\n<p><strong>Am 23. &amp; 24. Januar 2026 wird das Z7 in Pratteln zum ultimativen Fasnachts-Hotspot!\u2028Feier mit uns 40 Jahre Noote Heuer \u2013 und die Heuer Night kehrt zur\u00fcck in die grosse Konzerthalle, genau dort, wo ein Teil unserer Geschichte geschrieben wurde!<\/strong><br \/>\n<strong>Top Guggen und spektakul\u00e4re Specials erwarten dich!<\/strong><\/p>\n<p><b>Line-Up indoor &amp; outdoor:<\/b><br \/>\n<strong>Freitag<\/strong><br \/>\nHotze-H\u00fc\u00fcler<br \/>\nHirzef\u00e4ger<br \/>\nSambaschr\u00e4nzer<br \/>\nMoskito W\u00fcrger<br \/>\nB\u00f6\u00f6gge Br\u00e4tscher<br \/>\nFotzelcheibe<br \/>\nNoote Heuer<br \/>\nAerdwybli Schr\u00e4nzer<br \/>\nNachtfalter Schr\u00e4nzer<br \/>\nR\u00fcsselgugge<\/p>\n<p><strong>Samstag<\/strong><br \/>\nNoote Heuer<br \/>\nBarocker<br \/>\nTschapatalpas<br \/>\nOktav\u00e4sumpfer<br \/>\nR\u00fcssSuuger<br \/>\nFuege-F\u00e4ger<br \/>\nGlori-Moore<br \/>\nHorburgschlurbi<br \/>\nLRG 13<\/p>\n<p>Ob eingefleischter Fasn\u00e4chtler oder einfach Partyfan \u2013 hier kommt jeder auf seine Kosten.<\/p>\n<p>\u2022 18+ Event only<\/p>\n<p>HEUER NIGHT 2026 \u2013 zwei N\u00e4chte, top Sound und only good vibes!<\/p>\n","protected":false},"excerpt":{"rendered":"<p>HEUER NIGHT 2026 \u2013 40 JOHR JUBIL\u00c4UM! Am 23. &amp; 24. Januar 2026 wird das Z7 in Pratteln zum ultimativen&hellip;<\/p>\n","protected":false},"author":2,"featured_media":3778,"template":"","meta":{"_acf_changed":false},"product_brand":[],"product_cat":[151],"product_tag":[],"class_list":{"0":"post-9563","1":"product","2":"type-product","3":"status-publish","4":"has-post-thumbnail","6":"product_cat-event","8":"first","9":"instock","10":"taxable","11":"shipping-taxable","12":"product-type-external"},"acf":[],"_links":{"self":[{"href":"https:\/\/z-7.ch\/en\/wp-json\/wp\/v2\/product\/9563","targetHints":{"allow":["GET"]}}],"collection":[{"href":"https:\/\/z-7.ch\/en\/wp-json\/wp\/v2\/product"}],"about":[{"href":"https:\/\/z-7.ch\/en\/wp-json\/wp\/v2\/types\/product"}],"author":[{"embeddable":true,"href":"https:\/\/z-7.ch\/en\/wp-json\/wp\/v2\/users\/2"}],"wp:featuredmedia":[{"embeddable":true,"href":"https:\/\/z-7.ch\/en\/wp-json\/wp\/v2\/media\/3778"}],"wp:attachment":[{"href":"https:\/\/z-7.ch\/en\/wp-json\/wp\/v2\/media?parent=9563"}],"wp:term":[{"taxonomy":"product_brand","embeddable":true,"href":"https:\/\/z-7.ch\/en\/wp-json\/wp\/v2\/product_brand?post=9563"},{"taxonomy":"product_cat","embeddable":true,"href":"https:\/\/z-7.ch\/en\/wp-json\/wp\/v2\/product_cat?post=9563"},{"taxonomy":"product_tag","embeddable":true,"href":"https:\/\/z-7.ch\/en\/wp-json\/wp\/v2\/product_tag?post=9563"}],"curies":[{"name":"wp","href":"https:\/\/api.w.org\/{rel}","templated":true}]}}