{"id":1905,"date":"2025-05-08T10:59:00","date_gmt":"2025-05-08T08:59:00","guid":{"rendered":"https:\/\/z-7.cha-propos-de-nous\/"},"modified":"2026-02-19T15:44:50","modified_gmt":"2026-02-19T14:44:50","slug":"a-propos-de-nous","status":"publish","type":"page","link":"https:\/\/z-7.ch\/fr\/a-propos-de-nous\/","title":{"rendered":"\u00c0 propos de nous"},"content":{"rendered":"\n<h2 class=\"wp-block-heading\">Histoire<\/h2>\n\n<p>Depuis 1994, le Z7 de Pratteln, pr\u00e8s de B\u00e2le, est synonyme de concerts live de tout premier ordre. Ce qui peut para\u00eetre discret de l\u2019ext\u00e9rieur se r\u00e9v\u00e8le \u00e0 l\u2019int\u00e9rieur comme l\u2019une des salles de concert les plus renomm\u00e9es d\u2019Europe. Des visiteuses et visiteurs venant d\u2019un rayon pouvant atteindre 250 kilom\u00e8tres se rendent \u00e0 Pratteln pour vivre des concerts dont le rayonnement d\u00e9passe largement la r\u00e9gion.  <\/p>\n\n<p>Chaque ann\u00e9e, l\u2019association Z7 organise environ 100 \u00e9v\u00e9nements et propose \u00e0 la r\u00e9gion des trois fronti\u00e8res ainsi qu\u2019\u00e0 toute la Suisse un programme soigneusement s\u00e9lectionn\u00e9, r\u00e9unissant des t\u00eates d\u2019affiche internationales et des figures majeures de la sc\u00e8ne. L\u2019accent est r\u00e9solument mis sur la musique live, la proximit\u00e9 avec la sc\u00e8ne et une atmosph\u00e8re appr\u00e9ci\u00e9e autant par le public que par les artistes. <\/p>\n\n<p>L\u2019ancien entrep\u00f4t a \u00e9t\u00e9 transform\u00e9 en salle de concert en 1994. Depuis, pr\u00e8s de 3 000 concerts ont eu lieu au Z7, attirant bien plus d\u2019un million de visiteuses et visiteurs. La salle peut accueillir jusqu\u2019\u00e0 1 600 personnes et s\u00e9duit par une technologie de son et de lumi\u00e8re haut de gamme, unique en son genre en Suisse.  <\/p>\n\n<p>En plus des concerts \u00e0 Pratteln, le Z7 organise r\u00e9guli\u00e8rement des open airs et des \u00e9v\u00e9nements dans la r\u00e9gion. Malgr\u00e9 son rayonnement international, une chose est rest\u00e9e inchang\u00e9e : l\u2019objectif d\u2019offrir une qualit\u00e9 de concert maximale dans un cadre qui reste familial, personnel et authentique. <\/p>\n\n<figure class=\"wp-block-gallery has-nested-images columns-default is-cropped wp-block-gallery-1 is-layout-flex wp-block-gallery-is-layout-flex js-exp-gallery\" data-controls=\"galleryLightbox-0\">\n<figure class=\"wp-block-image size-large hover:cursor-pointer hover:opacity-85 js-exp-gallery__item\"><img decoding=\"async\" width=\"800\" height=\"533\" data-id=\"326\" src=\"https:\/\/z-7.ch\/wp-content\/uploads\/2025\/06\/about-1.jpg\" data-thumb=\"https:\/\/z-7.ch\/wp-content\/uploads\/2025\/06\/about-1.jpg\" alt=\"\" class=\"wp-image-326\" srcset=\"https:\/\/z-7.ch\/wp-content\/uploads\/2025\/06\/about-1.jpg 800w, https:\/\/z-7.ch\/wp-content\/uploads\/2025\/06\/about-1-600x400.jpg 600w, https:\/\/z-7.ch\/wp-content\/uploads\/2025\/06\/about-1-300x200.jpg 300w, https:\/\/z-7.ch\/wp-content\/uploads\/2025\/06\/about-1-768x512.jpg 768w\" sizes=\"(max-width: 800px) 100vw, 800px\" \/><\/figure>\n\n\n\n<figure class=\"wp-block-image size-large hover:cursor-pointer hover:opacity-85 js-exp-gallery__item\"><img decoding=\"async\" width=\"800\" height=\"533\" data-id=\"328\" src=\"https:\/\/z-7.ch\/wp-content\/uploads\/2025\/06\/about-2.jpg\" data-thumb=\"https:\/\/z-7.ch\/wp-content\/uploads\/2025\/06\/about-2.jpg\" alt=\"\" class=\"wp-image-328\" srcset=\"https:\/\/z-7.ch\/wp-content\/uploads\/2025\/06\/about-2.jpg 800w, https:\/\/z-7.ch\/wp-content\/uploads\/2025\/06\/about-2-600x400.jpg 600w, https:\/\/z-7.ch\/wp-content\/uploads\/2025\/06\/about-2-300x200.jpg 300w, https:\/\/z-7.ch\/wp-content\/uploads\/2025\/06\/about-2-768x512.jpg 768w\" sizes=\"(max-width: 800px) 100vw, 800px\" \/><\/figure>\n\n\n\n<figure class=\"wp-block-image size-large hover:cursor-pointer hover:opacity-85 js-exp-gallery__item\"><img decoding=\"async\" width=\"800\" height=\"488\" data-id=\"325\" src=\"https:\/\/z-7.ch\/wp-content\/uploads\/2025\/06\/about-3.jpg\" data-thumb=\"https:\/\/z-7.ch\/wp-content\/uploads\/2025\/06\/about-3.jpg\" alt=\"\" class=\"wp-image-325\" srcset=\"https:\/\/z-7.ch\/wp-content\/uploads\/2025\/06\/about-3.jpg 800w, https:\/\/z-7.ch\/wp-content\/uploads\/2025\/06\/about-3-600x366.jpg 600w, https:\/\/z-7.ch\/wp-content\/uploads\/2025\/06\/about-3-300x183.jpg 300w, https:\/\/z-7.ch\/wp-content\/uploads\/2025\/06\/about-3-768x468.jpg 768w\" sizes=\"(max-width: 800px) 100vw, 800px\" \/><\/figure>\n\n\n\n<figure class=\"wp-block-image size-large hover:cursor-pointer hover:opacity-85 js-exp-gallery__item\"><img decoding=\"async\" width=\"800\" height=\"600\" data-id=\"327\" src=\"https:\/\/z-7.ch\/wp-content\/uploads\/2025\/06\/about-4.jpg\" data-thumb=\"https:\/\/z-7.ch\/wp-content\/uploads\/2025\/06\/about-4.jpg\" alt=\"\" class=\"wp-image-327\" srcset=\"https:\/\/z-7.ch\/wp-content\/uploads\/2025\/06\/about-4.jpg 800w, https:\/\/z-7.ch\/wp-content\/uploads\/2025\/06\/about-4-600x450.jpg 600w, https:\/\/z-7.ch\/wp-content\/uploads\/2025\/06\/about-4-300x225.jpg 300w, https:\/\/z-7.ch\/wp-content\/uploads\/2025\/06\/about-4-768x576.jpg 768w\" sizes=\"(max-width: 800px) 100vw, 800px\" \/><\/figure>\n\n\n\n<figure class=\"wp-block-image size-large hover:cursor-pointer hover:opacity-85 js-exp-gallery__item\"><img decoding=\"async\" width=\"800\" height=\"475\" data-id=\"329\" src=\"https:\/\/z-7.ch\/wp-content\/uploads\/2025\/06\/about-5.jpg\" data-thumb=\"https:\/\/z-7.ch\/wp-content\/uploads\/2025\/06\/about-5.jpg\" alt=\"\" class=\"wp-image-329\" srcset=\"https:\/\/z-7.ch\/wp-content\/uploads\/2025\/06\/about-5.jpg 800w, https:\/\/z-7.ch\/wp-content\/uploads\/2025\/06\/about-5-600x356.jpg 600w, https:\/\/z-7.ch\/wp-content\/uploads\/2025\/06\/about-5-300x178.jpg 300w, https:\/\/z-7.ch\/wp-content\/uploads\/2025\/06\/about-5-768x456.jpg 768w\" sizes=\"(max-width: 800px) 100vw, 800px\" \/><\/figure>\n<\/figure>\n\n<h2 class=\"wp-block-heading\">Lieux<\/h2>\n\n<h3 class=\"wp-block-heading\">Mini Z7<\/h3>\n\n<p>Kraftwerkstrasse 7<br\/>4133 Pratteln<\/p>\n\n<p>Depuis sa cr\u00e9ation, le Z7 offre \u00e9galement une sc\u00e8ne aux artistes plus petits ou \u00e9mergents. Afin de leur fournir un cadre adapt\u00e9, le Mini Z7 a vu le jour en 2013. <\/p>\n\n<p>Pour les \u00e9v\u00e9nements du Mini Z7, la grande salle du Z7 est r\u00e9duite \u00e0 une capacit\u00e9 d\u2019environ 400 personnes gr\u00e2ce \u00e0 des cloisons modulables. Un espace distinct est ainsi cr\u00e9\u00e9, avec une sc\u00e8ne ind\u00e9pendante \u00e9quip\u00e9e d\u2019une sonorisation et d\u2019un \u00e9clairage professionnels \u2013 parfaitement adapt\u00e9s aux formats plus intimistes et \u00e0 une proximit\u00e9 maximale entre le public et les artistes. <\/p>\n\n<p>Des tapis, tables, chaises, tabourets et plantes contribuent volontairement \u00e0 une atmosph\u00e8re club chaleureuse et \u00e9pur\u00e9e. Le r\u00e9sultat est une exp\u00e9rience de concert intime, o\u00f9 la musique est au centre et o\u00f9 la distance entre la sc\u00e8ne et le public s\u2019efface presque totalement. <\/p>\n\n<figure class=\"wp-block-gallery has-nested-images columns-default is-cropped wp-block-gallery-2 is-layout-flex wp-block-gallery-is-layout-flex js-exp-gallery\" data-controls=\"galleryLightbox-1\">\n<figure class=\"wp-block-image size-full hover:cursor-pointer hover:opacity-85 js-exp-gallery__item\"><img decoding=\"async\" width=\"1024\" height=\"683\" data-id=\"3842\" src=\"https:\/\/z-7.ch\/wp-content\/uploads\/2025\/12\/Mini-Z7_1.jpg\" data-thumb=\"https:\/\/z-7.ch\/wp-content\/uploads\/2025\/12\/Mini-Z7_1.jpg\" alt=\"\" class=\"wp-image-3842\" srcset=\"https:\/\/z-7.ch\/wp-content\/uploads\/2025\/12\/Mini-Z7_1.jpg 1024w, https:\/\/z-7.ch\/wp-content\/uploads\/2025\/12\/Mini-Z7_1-300x200.jpg 300w, https:\/\/z-7.ch\/wp-content\/uploads\/2025\/12\/Mini-Z7_1-768x512.jpg 768w, https:\/\/z-7.ch\/wp-content\/uploads\/2025\/12\/Mini-Z7_1-600x400.jpg 600w\" sizes=\"(max-width: 800px) 100vw, 800px\" \/><\/figure>\n\n\n\n<figure class=\"wp-block-image size-full hover:cursor-pointer hover:opacity-85 js-exp-gallery__item\"><img decoding=\"async\" width=\"1024\" height=\"682\" data-id=\"3841\" src=\"https:\/\/z-7.ch\/wp-content\/uploads\/2025\/12\/Mini-Z7_2.jpg\" data-thumb=\"https:\/\/z-7.ch\/wp-content\/uploads\/2025\/12\/Mini-Z7_2.jpg\" alt=\"\" class=\"wp-image-3841\" srcset=\"https:\/\/z-7.ch\/wp-content\/uploads\/2025\/12\/Mini-Z7_2.jpg 1024w, https:\/\/z-7.ch\/wp-content\/uploads\/2025\/12\/Mini-Z7_2-300x200.jpg 300w, https:\/\/z-7.ch\/wp-content\/uploads\/2025\/12\/Mini-Z7_2-768x512.jpg 768w, https:\/\/z-7.ch\/wp-content\/uploads\/2025\/12\/Mini-Z7_2-600x400.jpg 600w\" sizes=\"(max-width: 800px) 100vw, 800px\" \/><\/figure>\n<\/figure>\n\n<p><\/p>\n\n<h3 class=\"wp-block-heading\">Z7 Summer Nights Open Air<\/h3>\n\n<p>Kraftwerkstrasse 7<br\/>4133 Pratteln<\/p>\n\n<p>Les concerts open air devant la Konzertfabrik Z7 sont une v\u00e9ritable tradition. D\u00e9j\u00e0 \u00e0 l\u2019\u00e9poque des l\u00e9gendaires Metal Days, on y faisait vibrer le public en plein air devant les portes du Z7. Au plus tard lors de soir\u00e9es estivales inoubliables \u2013 comme lorsque Billy Idol a \u00e9lectris\u00e9 le ciel nocturne de Pratteln en 2014 \u2013 une chose \u00e9tait claire : le Z7 ma\u00eetrise aussi l\u2019open air.  <\/p>\n\n<p>Depuis 2015, certains concerts se d\u00e9roulent sous le nom de Z7 Summer Nights. Pendant les mois d\u2019\u00e9t\u00e9, des artistes internationaux de premier plan et des figures majeures de la sc\u00e8ne y proposent des exp\u00e9riences live intenses en plein air, juste devant la halle du Z7. Le site allie une ambiance de festival au caract\u00e8re typique du Z7.  <\/p>\n\n<p>Les Z7 Summer Nights sont synonymes de soir\u00e9es chaudes, de distances courtes, de qualit\u00e9 live sans compromis et d\u2019une atmosph\u00e8re qui ne se planifie pas \u2013 mais se vit. Quand l\u2019\u00e9t\u00e9 arrive, le Z7 s\u2019installe dehors. <\/p>\n\n<figure class=\"wp-block-gallery has-nested-images columns-default is-cropped wp-block-gallery-3 is-layout-flex wp-block-gallery-is-layout-flex js-exp-gallery\" data-controls=\"galleryLightbox-2\">\n<figure class=\"wp-block-image size-large hover:cursor-pointer hover:opacity-85 js-exp-gallery__item\"><img decoding=\"async\" width=\"1024\" height=\"769\" data-id=\"1044\" src=\"https:\/\/z-7.ch\/wp-content\/uploads\/2025\/07\/Z7SN_large-1024x769.jpg\" data-thumb=\"https:\/\/z-7.ch\/wp-content\/uploads\/2025\/07\/Z7SN_large-1024x769.jpg\" alt=\"\" class=\"wp-image-1044\" srcset=\"https:\/\/z-7.ch\/wp-content\/uploads\/2025\/07\/Z7SN_large-1024x769.jpg 1024w, https:\/\/z-7.ch\/wp-content\/uploads\/2025\/07\/Z7SN_large-600x450.jpg 600w, https:\/\/z-7.ch\/wp-content\/uploads\/2025\/07\/Z7SN_large-300x225.jpg 300w, https:\/\/z-7.ch\/wp-content\/uploads\/2025\/07\/Z7SN_large-768x576.jpg 768w\" sizes=\"(max-width: 800px) 100vw, 800px\" \/><\/figure>\n\n\n\n<figure class=\"wp-block-image size-large hover:cursor-pointer hover:opacity-85 js-exp-gallery__item\"><img decoding=\"async\" width=\"1024\" height=\"683\" data-id=\"1047\" src=\"https:\/\/z-7.ch\/wp-content\/uploads\/2025\/07\/z7snoa-1024x683.jpg\" data-thumb=\"https:\/\/z-7.ch\/wp-content\/uploads\/2025\/07\/z7snoa-1024x683.jpg\" alt=\"\" class=\"wp-image-1047\" srcset=\"https:\/\/z-7.ch\/wp-content\/uploads\/2025\/07\/z7snoa-1024x683.jpg 1024w, https:\/\/z-7.ch\/wp-content\/uploads\/2025\/07\/z7snoa-600x400.jpg 600w, https:\/\/z-7.ch\/wp-content\/uploads\/2025\/07\/z7snoa-300x200.jpg 300w, https:\/\/z-7.ch\/wp-content\/uploads\/2025\/07\/z7snoa-768x512.jpg 768w\" sizes=\"(max-width: 800px) 100vw, 800px\" \/><\/figure>\n<\/figure>\n\n<p><\/p>\n\n<h3 class=\"wp-block-heading\">Augusta Raurica &#8211; Live In Concert<\/h3>\n\n<p>Giebenacherstrasse 17<br\/>4302 Augst<\/p>\n\n<p>Le th\u00e9\u00e2tre romain d\u2019Augusta Raurica compte parmi les th\u00e9\u00e2tres antiques en plein air les mieux conserv\u00e9s au nord des Alpes et constitue depuis de nombreuses ann\u00e9es un lieu open air particulier pour le Z7. Au c\u0153ur de murs charg\u00e9s d\u2019histoire, musique live et patrimoine se rencontrent pour cr\u00e9er une atmosph\u00e8re d\u2019une intensit\u00e9 exceptionnelle. <\/p>\n\n<p>Avec environ 1\u2019600 places dispos\u00e9es en demi-cercle, le site offre une exp\u00e9rience de concert qui d\u00e9passe largement l\u2019ordinaire. Lorsque le soleil dispara\u00eet lentement derri\u00e8re l\u2019horizon et que la musique r\u00e9sonne dans les murs mill\u00e9naires, une ambiance v\u00e9ritablement unique s\u2019installe. <\/p>\n\n<p>La combinaison de l\u2019histoire, de l\u2019espace et du son live conf\u00e8re \u00e0 chaque concert une profondeur particuli\u00e8re \u2013 faisant d\u2019Augusta Raurica \u2013 Live In Concert une exp\u00e9rience qui r\u00e9sonne longtemps apr\u00e8s la derni\u00e8re note.<\/p>\n\n<figure class=\"wp-block-gallery has-nested-images columns-default is-cropped wp-block-gallery-4 is-layout-flex wp-block-gallery-is-layout-flex js-exp-gallery\" data-controls=\"galleryLightbox-3\">\n<figure class=\"wp-block-image size-full hover:cursor-pointer hover:opacity-85 js-exp-gallery__item\"><img decoding=\"async\" width=\"1024\" height=\"682\" data-id=\"3846\" src=\"https:\/\/z-7.ch\/wp-content\/uploads\/2025\/12\/Augusta-Raurica_10.jpg\" data-thumb=\"https:\/\/z-7.ch\/wp-content\/uploads\/2025\/12\/Augusta-Raurica_10.jpg\" alt=\"\" class=\"wp-image-3846\" srcset=\"https:\/\/z-7.ch\/wp-content\/uploads\/2025\/12\/Augusta-Raurica_10.jpg 1024w, https:\/\/z-7.ch\/wp-content\/uploads\/2025\/12\/Augusta-Raurica_10-300x200.jpg 300w, https:\/\/z-7.ch\/wp-content\/uploads\/2025\/12\/Augusta-Raurica_10-768x512.jpg 768w, https:\/\/z-7.ch\/wp-content\/uploads\/2025\/12\/Augusta-Raurica_10-600x400.jpg 600w\" sizes=\"(max-width: 800px) 100vw, 800px\" \/><\/figure>\n\n\n\n<figure class=\"wp-block-image size-full hover:cursor-pointer hover:opacity-85 js-exp-gallery__item\"><img decoding=\"async\" width=\"1024\" height=\"682\" data-id=\"3845\" src=\"https:\/\/z-7.ch\/wp-content\/uploads\/2025\/12\/Augusta-Raurica_5.jpg\" data-thumb=\"https:\/\/z-7.ch\/wp-content\/uploads\/2025\/12\/Augusta-Raurica_5.jpg\" alt=\"\" class=\"wp-image-3845\" srcset=\"https:\/\/z-7.ch\/wp-content\/uploads\/2025\/12\/Augusta-Raurica_5.jpg 1024w, https:\/\/z-7.ch\/wp-content\/uploads\/2025\/12\/Augusta-Raurica_5-300x200.jpg 300w, https:\/\/z-7.ch\/wp-content\/uploads\/2025\/12\/Augusta-Raurica_5-768x512.jpg 768w, https:\/\/z-7.ch\/wp-content\/uploads\/2025\/12\/Augusta-Raurica_5-600x400.jpg 600w\" sizes=\"(max-width: 800px) 100vw, 800px\" \/><\/figure>\n\n\n\n<figure class=\"wp-block-image size-full hover:cursor-pointer hover:opacity-85 js-exp-gallery__item\"><img decoding=\"async\" width=\"1024\" height=\"682\" data-id=\"3844\" src=\"https:\/\/z-7.ch\/wp-content\/uploads\/2025\/12\/Augusta-Raurica_4.jpg\" data-thumb=\"https:\/\/z-7.ch\/wp-content\/uploads\/2025\/12\/Augusta-Raurica_4.jpg\" alt=\"\" class=\"wp-image-3844\" srcset=\"https:\/\/z-7.ch\/wp-content\/uploads\/2025\/12\/Augusta-Raurica_4.jpg 1024w, https:\/\/z-7.ch\/wp-content\/uploads\/2025\/12\/Augusta-Raurica_4-300x200.jpg 300w, https:\/\/z-7.ch\/wp-content\/uploads\/2025\/12\/Augusta-Raurica_4-768x512.jpg 768w, https:\/\/z-7.ch\/wp-content\/uploads\/2025\/12\/Augusta-Raurica_4-600x400.jpg 600w\" sizes=\"(max-width: 800px) 100vw, 800px\" \/><\/figure>\n<\/figure>\n","protected":false},"excerpt":{"rendered":"<p>Histoire Depuis 1994, le Z7 de Pratteln, pr\u00e8s de B\u00e2le, est synonyme de concerts live de tout premier ordre. Ce&hellip;<\/p>\n","protected":false},"author":1,"featured_media":0,"parent":0,"menu_order":0,"comment_status":"closed","ping_status":"closed","template":"","meta":{"_acf_changed":false,"footnotes":""},"class_list":["post-1905","page","type-page","status-publish","hentry"],"acf":[],"_links":{"self":[{"href":"https:\/\/z-7.ch\/fr\/wp-json\/wp\/v2\/pages\/1905","targetHints":{"allow":["GET"]}}],"collection":[{"href":"https:\/\/z-7.ch\/fr\/wp-json\/wp\/v2\/pages"}],"about":[{"href":"https:\/\/z-7.ch\/fr\/wp-json\/wp\/v2\/types\/page"}],"author":[{"embeddable":true,"href":"https:\/\/z-7.ch\/fr\/wp-json\/wp\/v2\/users\/1"}],"replies":[{"embeddable":true,"href":"https:\/\/z-7.ch\/fr\/wp-json\/wp\/v2\/comments?post=1905"}],"version-history":[{"count":2,"href":"https:\/\/z-7.ch\/fr\/wp-json\/wp\/v2\/pages\/1905\/revisions"}],"predecessor-version":[{"id":12284,"href":"https:\/\/z-7.ch\/fr\/wp-json\/wp\/v2\/pages\/1905\/revisions\/12284"}],"wp:attachment":[{"href":"https:\/\/z-7.ch\/fr\/wp-json\/wp\/v2\/media?parent=1905"}],"curies":[{"name":"wp","href":"https:\/\/api.w.org\/{rel}","templated":true}]}}