{"id":3490,"date":"2025-05-08T10:36:28","date_gmt":"2025-05-08T08:36:28","guid":{"rendered":"https:\/\/z-7.chprotection-des-donnees\/"},"modified":"2026-01-25T11:56:00","modified_gmt":"2026-01-25T10:56:00","slug":"protection-des-donnees","status":"publish","type":"page","link":"https:\/\/z-7.ch\/fr\/protection-des-donnees\/","title":{"rendered":"Protection des donn\u00e9es"},"content":{"rendered":"\n<p class=\"is-style-lead\">Les exploitants de ce site attachent une grande importance \u00e0 la protection de vos donn\u00e9es personnelles. Nous traitons vos donn\u00e9es personnelles de mani\u00e8re confidentielle et conform\u00e9ment aux dispositions l\u00e9gales en vigueur en mati\u00e8re de protection des donn\u00e9es ainsi qu\u2019\u00e0 la pr\u00e9sente d\u00e9claration de protection des donn\u00e9es. <\/p>\n\n<p>Tous les textes et graphiques pr\u00e9sent\u00e9s sur ce site sont soumis au copyright du Z7 ou des groupes ou artistes mis \u00e0 disposition pour la promotion des concerts et pour les fans des musiciens. Aucune information ne peut \u00eatre utilis\u00e9e \u00e0 des fins priv\u00e9es ou professionnelles sans autorisation expresse et \u00e9crite. <\/p>\n\n<p>Le Z7 n&rsquo;assume en aucun cas les co\u00fbts des dommages qui pourraient \u00eatre caus\u00e9s ou qui ont \u00e9t\u00e9 caus\u00e9s par les sites web, les liens ou les liens de tiers pr\u00e9sent\u00e9s sur le site www.z-7.ch.<\/p>\n\n<h2 class=\"wp-block-heading\">Collecte des donn\u00e9es<\/h2>\n\n<p>L\u2019utilisation de notre site internet est en r\u00e8gle g\u00e9n\u00e9rale possible sans fournir de donn\u00e9es personnelles. Dans la mesure o\u00f9 des donn\u00e9es personnelles (par exemple nom, adresse ou adresse e-mail) sont collect\u00e9es sur nos pages, cela se fait, dans la mesure du possible, toujours sur une base volontaire. Conform\u00e9ment \u00e0 la pr\u00e9sente d\u00e9claration de protection des donn\u00e9es, certaines de ces donn\u00e9es peuvent \u00eatre transmises \u00e0 des tiers.  <\/p>\n\n<p>Nous attirons votre attention sur le fait que la transmission de donn\u00e9es sur Internet (par exemple lors de la communication par e-mail) peut pr\u00e9senter des failles de s\u00e9curit\u00e9. Une protection compl\u00e8te des donn\u00e9es contre l\u2019acc\u00e8s par des tiers n\u2019est pas possible. <\/p>\n\n<h2 class=\"wp-block-heading\">Cookies<\/h2>\n\n<p>Les pages internet utilisent en partie ce que l\u2019on appelle des cookies. Les cookies ne causent aucun dommage \u00e0 votre ordinateur et ne contiennent pas de virus. Les cookies servent \u00e0 rendre notre offre plus conviviale, plus efficace et plus s\u00fbre. Les cookies sont de petits fichiers texte qui sont enregistr\u00e9s sur votre ordinateur et sauvegard\u00e9s par votre navigateur.   <\/p>\n\n<p>La plupart des cookies que nous utilisons sont des \u00ab cookies de session \u00bb. Ils sont automatiquement supprim\u00e9s \u00e0 la fin de votre visite. D\u2019autres cookies restent stock\u00e9s sur votre terminal jusqu\u2019\u00e0 ce que vous les supprimiez. Ces cookies nous permettent de reconna\u00eetre votre navigateur lors de votre prochaine visite.   <\/p>\n\n<p>Vous pouvez configurer votre navigateur de mani\u00e8re \u00e0 \u00eatre inform\u00e9 de l\u2019installation de cookies et \u00e0 n\u2019autoriser les cookies que dans des cas particuliers, \u00e0 exclure l\u2019acceptation des cookies pour certains cas ou de mani\u00e8re g\u00e9n\u00e9rale, ainsi qu\u2019\u00e0 activer la suppression automatique des cookies \u00e0 la fermeture du navigateur. La d\u00e9sactivation des cookies peut limiter les fonctionnalit\u00e9s de ce site internet. <\/p>\n\n<h2 class=\"wp-block-heading\">H\u00e9bergeur &amp; fichiers journaux du serveur<\/h2>\n\n<p>Le fournisseur des pages collecte et enregistre automatiquement des informations dans des fichiers journaux du serveur, que votre navigateur nous transmet automatiquement. Il s\u2019agit notamment de : <\/p>\n\n<ul class=\"wp-block-list\">\n<li>Adresse IP<\/li>\n\n\n\n<li>Type et version du navigateur<\/li>\n\n\n\n<li>yst\u00e8me d\u2019exploitation utilis\u00e9<\/li>\n\n\n\n<li>URL de provenance (referrer)<\/li>\n\n\n\n<li>Nom d\u2019h\u00f4te de l\u2019ordinateur acc\u00e9dant au site<\/li>\n\n\n\n<li>Heure de la requ\u00eate serveur<\/li>\n<\/ul>\n\n<p>Ces donn\u00e9es ne peuvent pas \u00eatre attribu\u00e9es directement \u00e0 des personnes d\u00e9termin\u00e9es. Aucune fusion de ces donn\u00e9es avec d\u2019autres sources de donn\u00e9es n\u2019est effectu\u00e9e. Nous nous r\u00e9servons le droit de v\u00e9rifier ult\u00e9rieurement ces donn\u00e9es si des indices concrets d\u2019une utilisation ill\u00e9gale nous sont port\u00e9s \u00e0 connaissance.  <\/p>\n\n<p>Ces donn\u00e9es, ainsi que toutes les donn\u00e9es de ce site, sont stock\u00e9es chez notre h\u00e9bergeur cyon AG, Brung\u00e4sslein 12, CH-4052 B\u00e2le. Vous trouverez leur d\u00e9claration de protection des donn\u00e9es <a href=\"https:\/\/www.cyon.ch\/legal\/datenschutzerklaerung\" target=\"_blank\" data-type=\"link\" data-id=\"https:\/\/www.cyon.ch\/legal\/datenschutzerklaerung\" rel=\"noreferrer noopener\">ici<\/a>.<\/p>\n\n<h2 class=\"wp-block-heading\">Chiffrement SSL<\/h2>\n\n<p>Pour des raisons de s\u00e9curit\u00e9 et afin de prot\u00e9ger la transmission de contenus confidentiels, tels que les demandes que vous nous adressez en tant qu\u2019exploitant du site, ce site utilise un <a href=\"https:\/\/letsencrypt.org\/\" target=\"_blank\" rel=\"noreferrer noopener\">chiffrement SSL<\/a>. Vous reconnaissez une connexion chiffr\u00e9e au fait que la ligne d\u2019adresse du navigateur passe de \u00ab http:\/\/ \u00bb \u00e0 \u00ab https:\/\/ \u00bb et \u00e0 l\u2019ic\u00f4ne de cadenas dans la barre de votre navigateur. <\/p>\n\n<p>Lorsque le chiffrement SSL est activ\u00e9, les donn\u00e9es que vous nous transmettez ne peuvent pas \u00eatre lues par des tiers.<\/p>\n\n<h2 class=\"wp-block-heading\">Kontaktformular<\/h2>\n\n<p>Si vous nous envoyez des demandes via le formulaire de contact, les informations que vous avez fournies dans le formulaire, y compris vos coordonn\u00e9es et votre adresse IP, sont enregistr\u00e9es chez nous \u00e0 des fins de traitement de la demande et en cas de questions ult\u00e9rieures. Nous ne transmettons pas ces donn\u00e9es sans votre consentement. <\/p>\n\n<h2 class=\"wp-block-heading\">Google Fonts<\/h2>\n\n<p>Ce site utilise Google Fonts. \u00c0 notre connaissance, aucune donn\u00e9e personnelle n\u2019est stock\u00e9e par Google dans ce cadre. <\/p>\n\n<p>Toutefois, pour des raisons techniques, votre adresse IP doit \u00eatre transmise \u00e0 Google afin que les polices puissent \u00eatre charg\u00e9es dans votre navigateur.<\/p>\n\n<p>Vous trouverez plus d\u2019informations sur Google Fonts <a href=\"https:\/\/developers.google.com\/fonts\/faq#what_does_using_the_google_fonts_api_mean_for_the_privacy_of_my_users\" target=\"_blank\" rel=\"noreferrer noopener\">ici<\/a>.<\/p>\n\n<h2 class=\"wp-block-heading\">Droit d\u2019acc\u00e8s, de suppression et de blocage<\/h2>\n\n<p>Vous disposez \u00e0 tout moment d\u2019un droit d\u2019acc\u00e8s gratuit aux donn\u00e9es personnelles vous concernant enregistr\u00e9es, \u00e0 leur origine, \u00e0 leurs destinataires et \u00e0 la finalit\u00e9 du traitement des donn\u00e9es, ainsi que d\u2019un droit de rectification, de blocage ou de suppression de ces donn\u00e9es. Pour toute question \u00e0 ce sujet ou concernant les donn\u00e9es personnelles, vous pouvez nous contacter \u00e0 tout moment \u00e0 l\u2019adresse indiqu\u00e9e dans les <a href=\"https:\/\/z-7.ch\/fr\/mentions-legales\/\" data-type=\"page\" data-id=\"101\">mentions l\u00e9gales<\/a>. <\/p>\n","protected":false},"excerpt":{"rendered":"<p>Les exploitants de ce site attachent une grande importance \u00e0 la protection de vos donn\u00e9es personnelles. Nous traitons vos donn\u00e9es&hellip;<\/p>\n","protected":false},"author":1,"featured_media":0,"parent":0,"menu_order":0,"comment_status":"closed","ping_status":"open","template":"","meta":{"_acf_changed":false,"footnotes":""},"class_list":["post-3490","page","type-page","status-publish","hentry"],"acf":[],"_links":{"self":[{"href":"https:\/\/z-7.ch\/fr\/wp-json\/wp\/v2\/pages\/3490","targetHints":{"allow":["GET"]}}],"collection":[{"href":"https:\/\/z-7.ch\/fr\/wp-json\/wp\/v2\/pages"}],"about":[{"href":"https:\/\/z-7.ch\/fr\/wp-json\/wp\/v2\/types\/page"}],"author":[{"embeddable":true,"href":"https:\/\/z-7.ch\/fr\/wp-json\/wp\/v2\/users\/1"}],"replies":[{"embeddable":true,"href":"https:\/\/z-7.ch\/fr\/wp-json\/wp\/v2\/comments?post=3490"}],"version-history":[{"count":0,"href":"https:\/\/z-7.ch\/fr\/wp-json\/wp\/v2\/pages\/3490\/revisions"}],"wp:attachment":[{"href":"https:\/\/z-7.ch\/fr\/wp-json\/wp\/v2\/media?parent=3490"}],"curies":[{"name":"wp","href":"https:\/\/api.w.org\/{rel}","templated":true}]}}