{"id":10660,"date":"2026-02-12T11:40:56","date_gmt":"2026-02-12T10:40:56","guid":{"rendered":"https:\/\/z-7.ch\/produkt\/dire-strats-2\/"},"modified":"2026-04-01T10:09:37","modified_gmt":"2026-04-01T08:09:37","slug":"dire-strats-2","status":"publish","type":"product","link":"https:\/\/z-7.ch\/fr\/event\/dire-strats-2\/","title":{"rendered":"Dire Strats"},"content":{"rendered":"<h3>UN SON QUI A FAIT LE TOUR DU MONDE<b><br \/>\n<\/b><\/h3>\n<p><b>D\u00e9couvrez en live le tribute band Dire Straits le plus demand\u00e9 d\u2019Europe ! Au centre du spectacle se trouve ce son l\u00e9gendaire qui a fait le tour du monde \u2013 port\u00e9 par un jeu de guitare que personne n\u2019a jamais oubli\u00e9. Wolfgang Uhlich est consid\u00e9r\u00e9 par de nombreux fans avertis, en Allemagne comme \u00e0 l\u2019\u00e9tranger, comme le meilleur imitateur de Mark Knopfler.<br \/>\n<\/b><\/p>\n<p>Avec plus de 800 concerts \u00e0 son actif, le groupe s\u2019est solidement impos\u00e9 sur la sc\u00e8ne musicale allemande. L\u2019un des moments forts de leur carri\u00e8re fut la victoire au concours national de tribute bands \u00e0 Coblence, r\u00e9unissant 100 formations participantes. Gr\u00e2ce \u00e0 une grande capacit\u00e9 d\u2019adaptation, ils proposent un programme live qui s\u00e9duit aussi bien les connaisseurs de longue date que les nouveaux fans. Les classiques Walk of Life, Sultans of Swing et Brothers in Arms font partie int\u00e9grante d\u2019un set soigneusement \u00e9labor\u00e9 \u2013 jou\u00e9 \u00e0 100 % en live ! Aucun artifice, aucun trucage \u2013 avec de l\u2019individualit\u00e9, une grande sensibilit\u00e9 musicale, des solos pr\u00e9cis et un lien authentique avec le public, le groupe a conquis sc\u00e8nes et c\u0153urs au fil des ann\u00e9es.<\/p>\n<p>La musique se vit en direct. Et depuis 2004, dIRE sTRATS sont la r\u00e9f\u00e9rence absolue pour revivre sur sc\u00e8ne la musique de Dire Straits, dissous en 1992. Ceux qui souhaitent ressentir de pr\u00e8s l\u2019\u00e9nergie de ce groupe unique et de sa musique ne devraient surtout pas manquer leur concert au Z7.<\/p>\n","protected":false},"excerpt":{"rendered":"<p>UN SON QUI A FAIT LE TOUR DU MONDE D\u00e9couvrez en live le tribute band Dire Straits le plus demand\u00e9&hellip;<\/p>\n","protected":false},"author":2,"featured_media":1239,"template":"","meta":{"_acf_changed":false},"product_brand":[],"product_cat":[160],"product_tag":[123,121,122,135,182],"class_list":{"0":"post-10660","1":"product","2":"type-product","3":"status-publish","4":"has-post-thumbnail","6":"product_cat-event","7":"product_tag-americana-fr","8":"product_tag-blues-fr","9":"product_tag-blues-rock-fr","10":"product_tag-classic-rock-fr","11":"product_tag-guitar","13":"first","14":"instock","15":"virtual","16":"purchasable","17":"product-type-simple"},"acf":[],"_links":{"self":[{"href":"https:\/\/z-7.ch\/fr\/wp-json\/wp\/v2\/product\/10660","targetHints":{"allow":["GET"]}}],"collection":[{"href":"https:\/\/z-7.ch\/fr\/wp-json\/wp\/v2\/product"}],"about":[{"href":"https:\/\/z-7.ch\/fr\/wp-json\/wp\/v2\/types\/product"}],"author":[{"embeddable":true,"href":"https:\/\/z-7.ch\/fr\/wp-json\/wp\/v2\/users\/2"}],"wp:featuredmedia":[{"embeddable":true,"href":"https:\/\/z-7.ch\/fr\/wp-json\/wp\/v2\/media\/1239"}],"wp:attachment":[{"href":"https:\/\/z-7.ch\/fr\/wp-json\/wp\/v2\/media?parent=10660"}],"wp:term":[{"taxonomy":"product_brand","embeddable":true,"href":"https:\/\/z-7.ch\/fr\/wp-json\/wp\/v2\/product_brand?post=10660"},{"taxonomy":"product_cat","embeddable":true,"href":"https:\/\/z-7.ch\/fr\/wp-json\/wp\/v2\/product_cat?post=10660"},{"taxonomy":"product_tag","embeddable":true,"href":"https:\/\/z-7.ch\/fr\/wp-json\/wp\/v2\/product_tag?post=10660"}],"curies":[{"name":"wp","href":"https:\/\/api.w.org\/{rel}","templated":true}]}}