{"id":11955,"date":"2026-02-20T10:09:28","date_gmt":"2026-02-20T09:09:28","guid":{"rendered":"https:\/\/z-7.ch\/?post_type=product&#038;p=11955"},"modified":"2026-04-13T13:47:33","modified_gmt":"2026-04-13T11:47:33","slug":"trivium","status":"publish","type":"product","link":"https:\/\/z-7.ch\/fr\/event\/trivium\/","title":{"rendered":"Trivium"},"content":{"rendered":"<h3>LES ROIS DU MODERN METAL<b><br \/>\n<\/b><\/h3>\n<p><strong>Depuis leurs d\u00e9buts dans l\u2019underground metalcore, Trivium n\u2019ont cess\u00e9 d\u2019\u00e9voluer d\u2019album en album, rejoignant en un temps record le sommet de la sc\u00e8ne modern metal. Aujourd\u2019hui, le groupe incarne un heavy metal polyvalent, actuel et taill\u00e9 pour les grandes salles. \u00c0 l\u2019\u00e9t\u00e9 2026, les Am\u00e9ricains feront halte au Z7 pour une Summer Nights Indoor Show exclusive.  <\/strong><\/p>\n<p>Sweden Rock, Rock im Park, Nova Rock, Rock am Ring, Download \u2013 Z7 ! En 2026, les ma\u00eetres du modern metal Trivium enflammeront les plus grandes sc\u00e8nes de festivals europ\u00e9ens. Au Z7, vous aurez l\u2019occasion de les voir dans le cadre intime d\u2019une Summer Nights Indoor Show. Trivium font incontestablement partie des groupes metal majeurs de notre \u00e9poque. Avec leur album phare Ascendancy (2005), les musiciens originaires de Floride ont acquis une renomm\u00e9e internationale. Leur m\u00e9lange de m\u00e9lodie, de puissance thrash et de shows survolt\u00e9s s\u00e9duit aussi bien les fans de metal que le grand public. D\u00e9but 2025, Trivium sont partis pour une grande tourn\u00e9e r\u00e9tro \u00e0 travers l\u2019Europe. Lors de leur co-headline tour avec Bullet For My Valentine, ils ont c\u00e9l\u00e9br\u00e9 les 20 ans de leur album r\u00e9volutionnaire Ascendancy. La tourn\u00e9e devait initialement se poursuivre dans le monde entier jusqu\u2019\u00e0 la fin de l\u2019ann\u00e9e, mais BFMV se sont retir\u00e9s de mani\u00e8re inattendue. Trivium ont alors d\u00e9cid\u00e9 de sortir, pour la premi\u00e8re fois de leur carri\u00e8re, une EP de trois titres intitul\u00e9e Struck Dead. Le bassiste Paolo Gregoletto confie : \u00ab Les nouveaux morceaux canalisent d\u2019une certaine mani\u00e8re l\u2019\u00e9nergie rageuse de Ascendancy. Le r\u00e9sultat est vraiment heavy. Certains passages sont peut-\u00eatre un peu prog, mais il y a beaucoup d\u2019excellents hooks et de riffs redoutables. \u00bb Entre-temps, le chanteur Matt Heafy et ses compagnons ont entam\u00e9 le travail sur un nouvel album studio pr\u00e9vu pour 2026. Le guitariste Corey Beaulieu explique : \u00ab Notre dernier album, In The Court Of The Dragon, est sorti en 2021. C\u2019est l\u2019intervalle le plus long que nous ayons eu entre deux albums. De nouvelles musiques arrivent donc \u00e0 coup s\u00fbr. Nous avons travaill\u00e9 sur plusieurs id\u00e9es et tournons la page vers un nouveau chapitre. En 2026, il y aura un nouvel album accompagn\u00e9 d\u2019une tourn\u00e9e, de festivals et de tout ce qui va avec. Ce sera encore une ann\u00e9e bien charg\u00e9e. Nous laissons la nostalgie derri\u00e8re nous et regardons vers l\u2019avenir. Et cela nous r\u00e9jouit. \u00bb             <\/p>\n","protected":false},"excerpt":{"rendered":"<p>LES ROIS DU MODERN METAL Depuis leurs d\u00e9buts dans l\u2019underground metalcore, Trivium n\u2019ont cess\u00e9 d\u2019\u00e9voluer d\u2019album en album, rejoignant en&hellip;<\/p>\n","protected":false},"author":2,"featured_media":11939,"template":"","meta":{"_acf_changed":false},"product_brand":[],"product_cat":[160],"product_tag":[209,162,212],"class_list":{"0":"post-11955","1":"product","2":"type-product","3":"status-publish","4":"has-post-thumbnail","6":"product_cat-event","7":"product_tag-metalcore","8":"product_tag-prog-metal","9":"product_tag-thrash-metal","11":"first","12":"instock","13":"virtual","14":"purchasable","15":"product-type-simple"},"acf":[],"_links":{"self":[{"href":"https:\/\/z-7.ch\/fr\/wp-json\/wp\/v2\/product\/11955","targetHints":{"allow":["GET"]}}],"collection":[{"href":"https:\/\/z-7.ch\/fr\/wp-json\/wp\/v2\/product"}],"about":[{"href":"https:\/\/z-7.ch\/fr\/wp-json\/wp\/v2\/types\/product"}],"author":[{"embeddable":true,"href":"https:\/\/z-7.ch\/fr\/wp-json\/wp\/v2\/users\/2"}],"wp:featuredmedia":[{"embeddable":true,"href":"https:\/\/z-7.ch\/fr\/wp-json\/wp\/v2\/media\/11939"}],"wp:attachment":[{"href":"https:\/\/z-7.ch\/fr\/wp-json\/wp\/v2\/media?parent=11955"}],"wp:term":[{"taxonomy":"product_brand","embeddable":true,"href":"https:\/\/z-7.ch\/fr\/wp-json\/wp\/v2\/product_brand?post=11955"},{"taxonomy":"product_cat","embeddable":true,"href":"https:\/\/z-7.ch\/fr\/wp-json\/wp\/v2\/product_cat?post=11955"},{"taxonomy":"product_tag","embeddable":true,"href":"https:\/\/z-7.ch\/fr\/wp-json\/wp\/v2\/product_tag?post=11955"}],"curies":[{"name":"wp","href":"https:\/\/api.w.org\/{rel}","templated":true}]}}