{"id":12489,"date":"2026-02-24T18:00:06","date_gmt":"2026-02-24T17:00:06","guid":{"rendered":"https:\/\/z-7.ch\/?post_type=product&#038;p=12489"},"modified":"2026-04-13T13:34:15","modified_gmt":"2026-04-13T11:34:15","slug":"kamelot","status":"publish","type":"product","link":"https:\/\/z-7.ch\/fr\/event\/kamelot\/","title":{"rendered":"Kamelot"},"content":{"rendered":"<h3>SYMPHONIC POWER \u00c0 PRATTELN<\/h3>\n<p><strong>Pour la seizi\u00e8me fois, les Am\u00e9ricains de Kamelot seront \u00e0 l\u2019affiche de notre Konzertfabrik \u00e0 l\u2019automne 2026. Au cours des trois d\u00e9cennies et demie pass\u00e9es, le groupe s\u2019est forg\u00e9 la r\u00e9putation d\u2019\u00eatre l\u2019une des formations les plus influentes et innovantes du melodic power &amp; symphonic metal \u00e0 l\u2019\u00e9chelle mondiale. Le 6 novembre 2026, ils viendront au Z7 avec leurs classiques, un tout nouvel album studio ainsi que les invit\u00e9s Exit Eden et Temperance. Une chaude nuit d\u2019automne s\u2019annonce !   <\/strong><\/p>\n<p>En avril 2025, Kamelot ont publi\u00e9 sur leurs r\u00e9seaux sociaux une photo de concert prise au Z7 accompagn\u00e9e du message : \u00ab Switzerland!! See you in 2026!! \u00bb Et oui \u2013 ils reviennent au Z7 ! Le 6 novembre, Kamelot monteront sur sc\u00e8ne avec de nouveaux titres et une toute nouvelle production sc\u00e9nique. Avec leur m\u00e9lange unique de symphonic, melodic et power metal, le groupe am\u00e9ricain figure parmi les formations les plus importantes de la sc\u00e8ne. Kamelot \u00e9voluaient d\u00e9j\u00e0 dans la cour des grands aux c\u00f4t\u00e9s de Nightwish et Within Temptation. Fond\u00e9 en 1991, le groupe a grandi avec le Z7. Ce qui s\u2019est pr\u00e9sent\u00e9 en 1998 comme un jeune groupe prometteur en Suisse est rapidement devenu un habitu\u00e9 des rotations sur Viva et MTV \u2013 et fait aujourd\u2019hui partie int\u00e9grante de la sc\u00e8ne metal. En novembre 2026, le quintette foulera pour la seizi\u00e8me fois la sc\u00e8ne du Z7. Au fil des ann\u00e9es, le groupe autour du dernier membre fondateur encore pr\u00e9sent, Thomas Youngblood, a affin\u00e9 son son d\u2019album en album. De mani\u00e8re assez atypique pour un groupe am\u00e9ricain, leur musique affiche une forte sensibilit\u00e9 europ\u00e9enne, enrichie de somptueuses orchestrations qui lui conf\u00e8rent une dimension \u00e9pique. Dans l\u2019univers du hard rock, Kamelot occupent une place \u00e0 part : leur melodic metal raffin\u00e9 s\u2019est toujours ouvert \u00e0 des styles voisins, int\u00e9grant des \u00e9l\u00e9ments progressifs ainsi que des touches de doom\/gothic metal et de musique classique, cr\u00e9ant ainsi un univers propre. Deux ans apr\u00e8s leur dernier concert au Z7, Kamelot reviennent \u00e0 Pratteln avec de nouveaux morceaux, une nouvelle sc\u00e9nographie et un line-up puissant pour c\u00e9l\u00e9brer leur 35e anniversaire avec leurs fans.           <\/p>\n<p><strong>Exit Eden:<\/strong><br \/>\nLes voix exceptionnelles de Cl\u00e9mentine Delauney (Visions of Atlantis, ex-Serenity), Marina La Torraca (Phantom Elite) et Anna \u00ab Ace \u00bb Brunner (League of Distortion) s\u2019unissent au sein d\u2019Exit Eden pour former un groupe qui incarne tout ce qu\u2019une formation moderne peut ambitionner. Ouvertes sur le monde, s\u00fbres d\u2019elles et ind\u00e9pendantes, les trois artistes suivent leur propre voie. En 2017, Exit Eden \u2013 alors encore un quatuor avec Amanda Somerville \u2013 ont attir\u00e9 l\u2019attention avec leur reprise de \u00ab Unfaithful \u00bb de Rihanna. Leur album d\u00e9but a atteint la 15e place des charts allemands. Rhapsodies in Black propose un m\u00e9lange color\u00e9 de superhits internationaux allant de Rihanna et Madonna \u00e0 Depeche Mode et Adele, tout en \u00e9tant bien plus qu\u2019un simple album de reprises. Avec un chant remarquable, un concept original et une production de grande qualit\u00e9, le trio a sorti en 2024 un nouvel album marquant, Femmes Fatales, consolidant davantage l\u2019identit\u00e9 de la supergroup. Outre des relectures de morceaux c\u00e9l\u00e8bres, l\u2019album comprend \u00e9galement des compositions originales, dont le single \u00ab Run \u00bb avec le chanteur invit\u00e9 Marko Hietala. Les membres \u00e9tant tr\u00e8s occup\u00e9es par leurs autres projets, Exit Eden se sont produites assez rarement sur sc\u00e8ne jusqu\u2019\u00e0 pr\u00e9sent. Nous nous r\u00e9jouissons d\u2019autant plus de l\u2019automne 2026, lorsque ces trois talentueuses artistes metal, accompagn\u00e9es de leur groupe live, feront vibrer notre sc\u00e8ne.        <\/p>\n<p><strong>Temperance:<\/strong><br \/>\nAvec leur album studio Hermitage \u2013 Daruma\u2019s Eyes Pt. 2, la formation italienne de melodic\/symphonic metal Temperance a sign\u00e9 un retour \u00e9clatant en 2023, pr\u00e9sentant un line-up impressionnant. \u00c0 sa t\u00eate se trouve la voix puissante de Kristin Starkey. Avec la chanteuse lyrique de formation, le groupe a parcouru les sc\u00e8nes europ\u00e9ennes aux c\u00f4t\u00e9s de Serenity et Sirenia, conqu\u00e9rant de nombreux nouveaux fans. L\u2019intensit\u00e9 de ces concerts est captur\u00e9e sur leur premier album live, paru au printemps 2025. From Hermitage To Europe restitue parfaitement l\u2019\u00e9nergie du quintette et le charisme de leurs prestations. Entre titres pl\u00e9biscit\u00e9s par les fans et plong\u00e9e dans les aventures musicales de leur dernier album studio, ce live nous emm\u00e8ne dans l\u2019univers sonore magique de Temperance.     <\/p>\n","protected":false},"excerpt":{"rendered":"<p>SYMPHONIC POWER \u00c0 PRATTELN Pour la seizi\u00e8me fois, les Am\u00e9ricains de Kamelot seront \u00e0 l\u2019affiche de notre Konzertfabrik \u00e0 l\u2019automne&hellip;<\/p>\n","protected":false},"author":2,"featured_media":12458,"template":"","meta":{"_acf_changed":false},"product_brand":[],"product_cat":[160],"product_tag":[187],"class_list":{"0":"post-12489","1":"product","2":"type-product","3":"status-publish","4":"has-post-thumbnail","6":"product_cat-event","7":"product_tag-symphonic","9":"first","10":"instock","11":"virtual","12":"purchasable","13":"product-type-simple"},"acf":[],"_links":{"self":[{"href":"https:\/\/z-7.ch\/fr\/wp-json\/wp\/v2\/product\/12489","targetHints":{"allow":["GET"]}}],"collection":[{"href":"https:\/\/z-7.ch\/fr\/wp-json\/wp\/v2\/product"}],"about":[{"href":"https:\/\/z-7.ch\/fr\/wp-json\/wp\/v2\/types\/product"}],"author":[{"embeddable":true,"href":"https:\/\/z-7.ch\/fr\/wp-json\/wp\/v2\/users\/2"}],"wp:featuredmedia":[{"embeddable":true,"href":"https:\/\/z-7.ch\/fr\/wp-json\/wp\/v2\/media\/12458"}],"wp:attachment":[{"href":"https:\/\/z-7.ch\/fr\/wp-json\/wp\/v2\/media?parent=12489"}],"wp:term":[{"taxonomy":"product_brand","embeddable":true,"href":"https:\/\/z-7.ch\/fr\/wp-json\/wp\/v2\/product_brand?post=12489"},{"taxonomy":"product_cat","embeddable":true,"href":"https:\/\/z-7.ch\/fr\/wp-json\/wp\/v2\/product_cat?post=12489"},{"taxonomy":"product_tag","embeddable":true,"href":"https:\/\/z-7.ch\/fr\/wp-json\/wp\/v2\/product_tag?post=12489"}],"curies":[{"name":"wp","href":"https:\/\/api.w.org\/{rel}","templated":true}]}}