{"id":13711,"date":"2026-03-06T10:55:45","date_gmt":"2026-03-06T09:55:45","guid":{"rendered":"https:\/\/z-7.ch\/?post_type=product&p=13711"},"modified":"2026-04-13T10:00:45","modified_gmt":"2026-04-13T08:00:45","slug":"eric-steckel-2","status":"publish","type":"product","link":"https:\/\/z-7.ch\/fr\/event\/eric-steckel-2\/","title":{"rendered":"Eric Steckel"},"content":{"rendered":"<h3>UNE TEMP\u00caTE DE BLUES ROCK EXPLOSIVE<\/h3>\n<p><strong>Avec sa puissance de guitare d\u00e9brid\u00e9e, ses vocaux empreints de soul et son savant m\u00e9lange de blues et de hard rock, Eric Steckel sera de retour cette ann\u00e9e au Z7. Son nouvel album Sandstorm (sortie : avril 2026) montre l\u2019artiste plus concentr\u00e9 et explosif que jamais. Riffs massifs, solos intenses et \u00e9criture moderne fusionnent en un son puissant et actuel qui s\u00e9duira aussi bien les puristes du blues que les fans de hard rock.  <\/strong><\/p>\n<p>Bien qu\u2019il n\u2019ait qu\u2019une trentaine d\u2019ann\u00e9es, Eric Steckel jouit d\u00e9j\u00e0 d\u2019un v\u00e9ritable statut culte sur la sc\u00e8ne internationale des guitaristes et affiche un parcours impressionnant. Son premier album, A Few Degrees Warmer, a \u00e9t\u00e9 enregistr\u00e9 en live en avril 2002, alors qu\u2019il n\u2019avait que onze ans. Peu apr\u00e8s, il se produisait au Sarasota Blues Festival, o\u00f9 sa performance est rapidement devenue le sujet de conversation du jour. Avant m\u00eame la fin de la soir\u00e9e, la l\u00e9gende britannique du blues rock John Mayall pr\u00e9sentait le jeune prodige comme le plus jeune guitariste \u00e0 avoir jamais jou\u00e9 sur sc\u00e8ne avec ses Bluesbreakers. Steckel est un musicien exceptionnel, capable d\u2019enregistrer presque seul un album complet, assurant au studio les parties de piano, d\u2019orgue, de basse, de guitare, de chant ainsi que la production. Fort de plus de 20 ans d\u2019exp\u00e9rience sur sc\u00e8ne et en studio, Eric propose r\u00e9guli\u00e8rement son m\u00e9lange caract\u00e9ristique de rock, de blues et de blues metal aux amateurs de guitare du monde entier.     <\/p>\n<p>En octobre 2025, Steckel est mont\u00e9 pour la premi\u00e8re fois sur la sc\u00e8ne du Z7 avec son power trio. Ceux qui ont assist\u00e9 \u00e0 ce show incroyable ne manqueront certainement pas le concert de septembre prochain. Avec le titre \u00ab When It Rains, It Pours \u00bb, l\u2019artiste a offert un premier aper\u00e7u du nouvel album Sandstorm : des vocaux charg\u00e9s d\u2019\u00e9motion rencontrent des arrangements dynamiques et un son de guitare brut, moderne et imm\u00e9diatement identifiable comme celui d\u2019Eric Steckel. La production percutante des nouveaux morceaux a \u00e9t\u00e9 confi\u00e9e \u00e0 Dan Malsch (Ghost, Gojira, Avenged Sevenfold, entre autres). Apr\u00e8s la sortie de l\u2019album en avril, Steckel se lancera dans sa tourn\u00e9e mondiale 2026, au cours de laquelle il pr\u00e9sentera ses nouveaux titres en live. Les fans peuvent s\u2019attendre \u00e0 des concerts intenses et \u00e9nergiques, o\u00f9 Eric Steckel interpr\u00e9tera non seulement ses morceaux in\u00e9dits, mais aussi une s\u00e9lection de temps forts issus de ses pr\u00e9c\u00e9dentes publications.     <\/p>\n","protected":false},"excerpt":{"rendered":"<p>UNE TEMP\u00caTE DE BLUES ROCK EXPLOSIVE Avec sa puissance de guitare d\u00e9brid\u00e9e, ses vocaux empreints de soul et son savant&hellip;<\/p>\n","protected":false},"author":2,"featured_media":15027,"template":"","meta":{"_acf_changed":false},"product_brand":[],"product_cat":[160],"product_tag":[123,121,122,182],"class_list":{"0":"post-13711","1":"product","2":"type-product","3":"status-publish","4":"has-post-thumbnail","6":"product_cat-event","7":"product_tag-americana-fr","8":"product_tag-blues-fr","9":"product_tag-blues-rock-fr","10":"product_tag-guitar","12":"first","13":"instock","14":"virtual","15":"purchasable","16":"product-type-simple"},"acf":[],"_links":{"self":[{"href":"https:\/\/z-7.ch\/fr\/wp-json\/wp\/v2\/product\/13711","targetHints":{"allow":["GET"]}}],"collection":[{"href":"https:\/\/z-7.ch\/fr\/wp-json\/wp\/v2\/product"}],"about":[{"href":"https:\/\/z-7.ch\/fr\/wp-json\/wp\/v2\/types\/product"}],"author":[{"embeddable":true,"href":"https:\/\/z-7.ch\/fr\/wp-json\/wp\/v2\/users\/2"}],"wp:featuredmedia":[{"embeddable":true,"href":"https:\/\/z-7.ch\/fr\/wp-json\/wp\/v2\/media\/15027"}],"wp:attachment":[{"href":"https:\/\/z-7.ch\/fr\/wp-json\/wp\/v2\/media?parent=13711"}],"wp:term":[{"taxonomy":"product_brand","embeddable":true,"href":"https:\/\/z-7.ch\/fr\/wp-json\/wp\/v2\/product_brand?post=13711"},{"taxonomy":"product_cat","embeddable":true,"href":"https:\/\/z-7.ch\/fr\/wp-json\/wp\/v2\/product_cat?post=13711"},{"taxonomy":"product_tag","embeddable":true,"href":"https:\/\/z-7.ch\/fr\/wp-json\/wp\/v2\/product_tag?post=13711"}],"curies":[{"name":"wp","href":"https:\/\/api.w.org\/{rel}","templated":true}]}}