{"id":1380,"date":"2025-07-30T15:24:24","date_gmt":"2025-07-30T13:24:24","guid":{"rendered":"https:\/\/dev.aljoshagasser.com\/z-7.ch\/produkt\/heavysaurus\/"},"modified":"2026-03-27T14:30:17","modified_gmt":"2026-03-27T13:30:17","slug":"heavysaurus","status":"publish","type":"product","link":"https:\/\/z-7.ch\/fr\/event\/heavysaurus\/","title":{"rendered":"Heavysaurus"},"content":{"rendered":"<h3>PLUS DE \u00ab\u00a0METAL\u00a0\u00bb POUR TOUS<\/h3>\n<p data-start=\"68\" data-end=\"607\"><b>Le dino-m\u00e9tal pour toute la famille ! De la chambre d&rsquo;enfant au l\u00e9gendaire Wacken Open Air, de la sortie en famille \u00e0 la sc\u00e8ne du festival, des petits clubs aux grandes salles, HEAVYSAURUS joue du vrai m\u00e9tal pour petits et grands. Quatre dinosaures et un dragon font bouger les sc\u00e8nes avec un spectacle qui fait tendre la \u00ab\u00a0fourchette \u00e0 frites\u00a0\u00bb aux enfants comme aux adultes. Le 30 janvier 2026, le nouvel album \u00ab\u00a0METAL\u00a0\u00bb sortira avec 15 toutes nouvelles chansons. Ensuite, les cinq h\u00e9ros \u00e0 \u00e9cailles vertes partiront pour une grande tourn\u00e9e de concerts avec le METAL Tour 2026, avec de nouvelles chansons, un nouveau spectacle et la puissance \u00e9prouv\u00e9e des dinosaures !<\/b><\/p>\n<p>Ce qui a commenc\u00e9 comme une id\u00e9e inhabituelle &#8211; du rock et du m\u00e9tal pour les enfants, avec de superbes histoires de dinosaures, mais sans compromis &#8211; est devenu depuis longtemps un ph\u00e9nom\u00e8ne culturel. HEAVYSAURUS prouve que le vrai plaisir de headbanger n&rsquo;a pas d&rsquo;\u00e2ge. Leur musique est forte, vivante et faite avec amour, avec des riffs de guitare, une batterie double-basse, des m\u00e9lodies \u00e0 chanter et des paroles qui raviront les petits m\u00e9talleux. Pendant que les enfants s&rsquo;immergent dans le monde du rock, de nombreux parents c\u00e9l\u00e8brent ou red\u00e9couvrent leur passion pour la musique. Apr\u00e8s le succ\u00e8s retentissant de la tourn\u00e9e \u00ab\u00a0Fourchette \u00e0 frites\u00a0\u00bb en 2024 et 2025 &#8211; plus de 350 dates ! &#8211; HEAVYSAURUS en remet une couche : Avec leur prochain album \u00ab\u00a0METAL\u00a0\u00bb et un nouveau programme live, le groupe est en tourn\u00e9e en Allemagne, en Autriche et en Suisse.<br \/>\n\u00ab\u00a0METAL\u00a0\u00bb n&rsquo;est pas un album pour enfants au sens classique du terme, mais une aventure musicale avec des chansons captivantes pleines de refrains hymniques, de riffs entra\u00eenants, de solos endiabl\u00e9s et de beaucoup de plaisir \u00e0 participer, comme les parents savent le faire avec leurs groupes pr\u00e9f\u00e9r\u00e9s &#8211; par exemple Sabaton, Metallica, Iron Maiden, Volbeat. Et toujours avec eux : l&rsquo;humour, l&rsquo;attitude et la mission d&rsquo;int\u00e9resser les enfants \u00e0 la musique, non pas en tant que produit, mais en tant qu&rsquo;exp\u00e9rience.<br \/>\nLes concerts Heavysaurus sont spectaculaires : lumi\u00e8res, brouillard, pluie d&rsquo;\u00e9tincelles, ballons et confettis, avec de la vraie musique live jou\u00e9e par des musiciens professionnels en costume de dinosaure et un son qui convient aussi bien aux oreilles des enfants qu&rsquo;il est fait pour les fans de rock. Lors d&rsquo;un concert d&rsquo;Heavysaurus, toute la famille assiste \u00e0 un v\u00e9ritable spectacle de rock, adapt\u00e9 aux enfants et avec tout ce que cela implique. De plus, le groupe continue de soutenir \u00ab\u00a0Die Arche\u00a0\u00bb, une organisation pour les enfants d\u00e9favoris\u00e9s : sur chaque billet, 1 euro est revers\u00e9 \u00e0 la bonne cause. HEAVYSAURUS montrent comment la musique unit les g\u00e9n\u00e9rations. Et lorsque, d\u00e8s la premi\u00e8re chanson, les mains des enfants s&rsquo;\u00e9l\u00e8vent dans les airs et qu&rsquo;un puissant \u00ab\u00a0Rarrr !\u00a0\u00bb r\u00e9sonne dans la salle, il est clair que le m\u00e9tal est bien vivant. Et ce, pour tout le monde.<\/p>\n<p>Pour les parents : l&rsquo;exp\u00e9rience du concert est adapt\u00e9e aux enfants de 3 \u00e0 11 ans, mais divertit \u00e9galement leurs parents, grands-parents et fr\u00e8res et s\u0153urs, car toute la famille y trouve son compte. Les spectacles ont lieu l&rsquo;apr\u00e8s-midi, avec un volume sonore adapt\u00e9 aux enfants et, dans la mesure du possible, une zone r\u00e9serv\u00e9e aux enfants situ\u00e9e tout \u00e0 l&rsquo;avant avec une visibilit\u00e9 optimale pour les petits. Et ne vous inqui\u00e9tez pas : les dinosaures ne mordent pas.<\/p>\n<p>Billets, Meet &amp; Greets, Bundles et bien plus encore en exclusivit\u00e9 sur <a href=\"https:\/\/www.heavysaurus.store\/\" target=\"_blank\" rel=\"noopener\">www.heavysaurus.store<\/a><\/p>\n<p>Les billets \u00e0 prix r\u00e9duit pour <b>les d\u00e9tenteurs de la KulturLegi<\/b> sont <a href=\"https:\/\/www.ticketcorner.ch\/event\/heavysaurus-konzertfabrik-z7-20526199\/\" target=\"_blank\" rel=\"noopener\">disponibles ici<\/a>.<br \/>\nUn seul billet peut \u00eatre retir\u00e9 par KulturLegi.<br \/>\nL&rsquo;offre est limit\u00e9e.<\/p>\n<p>&nbsp;<\/p>\n","protected":false},"excerpt":{"rendered":"<p>PLUS DE \u00ab\u00a0METAL\u00a0\u00bb POUR TOUS Le dino-m\u00e9tal pour toute la famille ! De la chambre d&rsquo;enfant au l\u00e9gendaire Wacken Open&hellip;<\/p>\n","protected":false},"author":2,"featured_media":1357,"template":"","meta":{"_acf_changed":false},"product_brand":[],"product_cat":[160],"product_tag":[105,103,107,104,106],"class_list":{"0":"post-1380","1":"product","2":"type-product","3":"status-publish","4":"has-post-thumbnail","6":"product_cat-event","7":"product_tag-hard-rock-fr","8":"product_tag-heavy-metal-fr","9":"product_tag-kids-fr","10":"product_tag-pop-fr","11":"product_tag-show-fr","13":"first","14":"outofstock","15":"product-type-variable"},"acf":[],"_links":{"self":[{"href":"https:\/\/z-7.ch\/fr\/wp-json\/wp\/v2\/product\/1380","targetHints":{"allow":["GET"]}}],"collection":[{"href":"https:\/\/z-7.ch\/fr\/wp-json\/wp\/v2\/product"}],"about":[{"href":"https:\/\/z-7.ch\/fr\/wp-json\/wp\/v2\/types\/product"}],"author":[{"embeddable":true,"href":"https:\/\/z-7.ch\/fr\/wp-json\/wp\/v2\/users\/2"}],"wp:featuredmedia":[{"embeddable":true,"href":"https:\/\/z-7.ch\/fr\/wp-json\/wp\/v2\/media\/1357"}],"wp:attachment":[{"href":"https:\/\/z-7.ch\/fr\/wp-json\/wp\/v2\/media?parent=1380"}],"wp:term":[{"taxonomy":"product_brand","embeddable":true,"href":"https:\/\/z-7.ch\/fr\/wp-json\/wp\/v2\/product_brand?post=1380"},{"taxonomy":"product_cat","embeddable":true,"href":"https:\/\/z-7.ch\/fr\/wp-json\/wp\/v2\/product_cat?post=1380"},{"taxonomy":"product_tag","embeddable":true,"href":"https:\/\/z-7.ch\/fr\/wp-json\/wp\/v2\/product_tag?post=1380"}],"curies":[{"name":"wp","href":"https:\/\/api.w.org\/{rel}","templated":true}]}}