{"id":13946,"date":"2026-03-02T09:55:19","date_gmt":"2026-03-02T08:55:19","guid":{"rendered":"https:\/\/z-7.ch\/?post_type=product&#038;p=13946"},"modified":"2026-04-13T13:44:09","modified_gmt":"2026-04-13T11:44:09","slug":"dominum","status":"publish","type":"product","link":"https:\/\/z-7.ch\/fr\/event\/dominum\/","title":{"rendered":"Dominum"},"content":{"rendered":"<h3>ZOMBIE METAL AU Z7<\/h3>\n<p><strong>Un storytelling captivant, un songwriting brillant et une ma\u00eetrise musicale impressionnante : avec ces ingr\u00e9dients, les Nurembergeois de Dominum ont conquis la sc\u00e8ne metal en un temps record ces trois derni\u00e8res ann\u00e9es. En d\u00e9cembre 2026, Dr. Dead et ses zombies pr\u00e9senteront pour la premi\u00e8re fois leur power metal d\u00e9cha\u00een\u00e9 aux accents horrifiques en tant que headliners sur notre sc\u00e8ne. Dans leurs bagages : leur tout troisi\u00e8me album (sortie : juillet 2026).  <\/strong><\/p>\n<p>Les surdou\u00e9s du power metal Dominum ont fait une entr\u00e9e fracassante en 2023 : leur album d\u00e9but Hey Living People s\u2019est imm\u00e9diatement hiss\u00e9 dans le Top 20 des charts allemands. Avec des textes inspir\u00e9s de l\u2019horreur, des compositions puissantes, des reprises percutantes de Dead or Alive, Billie Eilish ou Midnight Oil et des performances th\u00e9\u00e2trales, ils ont rapidement s\u00e9duit un large public. Le cerveau derri\u00e8re le projet est le chanteur Felix Heldt, qui s\u2019est forg\u00e9 une solide r\u00e9putation comme auteur-compositeur et producteur pour des groupes tels que Feuerschwanz et Visions Of Atlantis. En tant que frontman de Dominum sous le nom de Dr. Dead, il entra\u00eene les auditeurs dans l\u2019univers des morts-vivants et raconte des histoires de zombies, de lutte pour la survie et d\u2019une soif insatiable de toujours plus. Gr\u00e2ce \u00e0 leur premier album, Dominum ont conquis les sc\u00e8nes europ\u00e9ennes en premi\u00e8re partie de poids lourds tels que Bruce Dickinson, Avantasia, Feuerschwanz ou Peyton Parrish, ainsi que lors de festivals acclam\u00e9s devant des dizaines de milliers de fans. Fin 2024, ils ont frapp\u00e9 \u00e0 nouveau : avec The Dead Don\u2019t Die, la formation zombie metal a une fois de plus lib\u00e9r\u00e9 les morts-vivants et grimp\u00e9 cette fois jusqu\u2019au Top 10 des charts. Outre dix nouveaux titres, Dominum ont propos\u00e9 une reprise muscl\u00e9e du classique des Scorpions \u00ab Rock You Like A Hurricane \u00bb. Ces derni\u00e8res ann\u00e9es, Dominum sont \u00e9galement devenus des habitu\u00e9s de Pratteln. En d\u00e9cembre 2023, ils se sont pr\u00e9sent\u00e9s pour la premi\u00e8re fois au Z7 en premi\u00e8re partie de Die Apokalyptischen Reiter. En d\u00e9cembre 2024, ils \u00e9taient de retour avec Feuerschwanz, puis en d\u00e9cembre 2025 comme special guest de Battle Beast. Entre-temps, les power zombies sont pass\u00e9s du statut d\u2019\u00e9chauffeurs de luxe \u00e0 celui de main act. En d\u00e9cembre 2026, ils reviendront \u00e0 Pratteln en t\u00eate d\u2019affiche pour la premi\u00e8re fois, avec leur troisi\u00e8me album, qui sera inaugur\u00e9 en live en juillet lors du Rockharz Festival \u00e0 guichets ferm\u00e9s.           <\/p>\n","protected":false},"excerpt":{"rendered":"<p>ZOMBIE METAL AU Z7 Un storytelling captivant, un songwriting brillant et une ma\u00eetrise musicale impressionnante : avec ces ingr\u00e9dients, les&hellip;<\/p>\n","protected":false},"author":2,"featured_media":14142,"template":"","meta":{"_acf_changed":false},"product_brand":[],"product_cat":[160],"product_tag":[169],"class_list":{"0":"post-13946","1":"product","2":"type-product","3":"status-publish","4":"has-post-thumbnail","6":"product_cat-event","7":"product_tag-power-metal","9":"first","10":"instock","11":"virtual","12":"purchasable","13":"product-type-simple"},"acf":[],"_links":{"self":[{"href":"https:\/\/z-7.ch\/fr\/wp-json\/wp\/v2\/product\/13946","targetHints":{"allow":["GET"]}}],"collection":[{"href":"https:\/\/z-7.ch\/fr\/wp-json\/wp\/v2\/product"}],"about":[{"href":"https:\/\/z-7.ch\/fr\/wp-json\/wp\/v2\/types\/product"}],"author":[{"embeddable":true,"href":"https:\/\/z-7.ch\/fr\/wp-json\/wp\/v2\/users\/2"}],"wp:featuredmedia":[{"embeddable":true,"href":"https:\/\/z-7.ch\/fr\/wp-json\/wp\/v2\/media\/14142"}],"wp:attachment":[{"href":"https:\/\/z-7.ch\/fr\/wp-json\/wp\/v2\/media?parent=13946"}],"wp:term":[{"taxonomy":"product_brand","embeddable":true,"href":"https:\/\/z-7.ch\/fr\/wp-json\/wp\/v2\/product_brand?post=13946"},{"taxonomy":"product_cat","embeddable":true,"href":"https:\/\/z-7.ch\/fr\/wp-json\/wp\/v2\/product_cat?post=13946"},{"taxonomy":"product_tag","embeddable":true,"href":"https:\/\/z-7.ch\/fr\/wp-json\/wp\/v2\/product_tag?post=13946"}],"curies":[{"name":"wp","href":"https:\/\/api.w.org\/{rel}","templated":true}]}}