{"id":1428,"date":"2024-09-02T10:00:56","date_gmt":"2024-09-02T08:00:56","guid":{"rendered":"https:\/\/dev.aljoshagasser.com\/z-7.ch\/produkt\/molly-hatchet\/"},"modified":"2026-01-23T15:30:44","modified_gmt":"2026-01-23T14:30:44","slug":"molly-hatchet","status":"publish","type":"product","link":"https:\/\/z-7.ch\/fr\/event\/molly-hatchet\/","title":{"rendered":"Molly Hatchet"},"content":{"rendered":"<h3>LES L\u00c9GENDES DU ROCK SUDISTE<b><br \/>\n<\/b><\/h3>\n<p><b>Yeehaw &#8211; Molly Hatchet est de retour ! Depuis bient\u00f4t cinq d\u00e9cennies, ce groupe porte haut les couleurs du rock sudiste. En d\u00e9cembre 2024, Molly Hatchet sera de retour sur la sc\u00e8ne du Z7 pour interpr\u00e9ter des classiques comme \u00ab\u00a0Whiskey Man\u00a0\u00bb, \u00ab\u00a0Bounty Hunter\u00a0\u00bb, \u00ab\u00a0Gator Country\u00a0\u00bb, \u00ab\u00a0Fall Of The Peacemakers\u00a0\u00bb, \u00ab\u00a0Devil&rsquo;s Canyon\u00a0\u00bb, \u00ab\u00a0Beatin The Odds\u00a0\u00bb ou \u00ab\u00a0Flirtin With Disaster\u00a0\u00bb, ainsi que de toutes nouvelles chansons issues de leur premier album studio depuis 14 ans.  <\/b><\/p>\n<p>Avec \u00ab\u00a0Firing Line\u00a0\u00bb, Molly Hatchet a sorti en novembre 2023 son premier nouveau titre depuis 13 ans. Le nouveau frontman Parker Lee montre avec ce morceau que sa voix peut facilement perp\u00e9tuer la tradition des grands frontmen de Molly Hatchet. En d\u00e9cembre 2023, le groupe a \u00e9galement pr\u00e9sent\u00e9 son nouveau chanteur au public suisse pour la premi\u00e8re fois chez nous au Z7. Et le rockeur en herbe a donn\u00e9 un spectacle enthousiasmant. D\u00e8s son enfance, Parker s&rsquo;est litt\u00e9ralement impr\u00e9gn\u00e9 des chansons de Molly Hatchet : \u00ab\u00a0Quand mon p\u00e8re me conduisait \u00e0 l&rsquo;\u00e9cole, nous \u00e9coutions les &lsquo;Greatest Hits&rsquo; de Molly Hatchet dans la voiture. J&rsquo;adorais \u00e7a. Et maintenant, \u00eatre sur sc\u00e8ne avec ces l\u00e9gendes et interpr\u00e9ter ces chansons est un r\u00eave devenu r\u00e9alit\u00e9\u00a0\u00bb, a-t-il racont\u00e9 lors du spectacle de l&rsquo;ann\u00e9e derni\u00e8re \u00e0 Pratteln. Il a eu son premier contact avec le groupe lorsqu&rsquo;il a t\u00e9l\u00e9phon\u00e9 \u00e0 Bobby Ingram pour organiser des spectacles pour son propre groupe en premi\u00e8re partie de Molly Hatchet. D\u00e8s la premi\u00e8re conversation, le courant est pass\u00e9 entre les deux musiciens. Ingram : \u00ab\u00a0J&rsquo;ai ador\u00e9 l&rsquo;histoire de la fa\u00e7on dont il a d\u00e9couvert nos chansons dans la voiture de son p\u00e8re lorsqu&rsquo;il \u00e9tait enfant. Cela montre qu&rsquo;il aime le southern rock depuis l&rsquo;enfance\u00a0\u00bb. Molly Hatchet \u00e9tait justement \u00e0 la recherche d&rsquo;un nouveau chanteur et Ingram a donc rapidement invit\u00e9 son jeune coll\u00e8gue \u00e0 venir chez lui pour jammer quelques num\u00e9ros ensemble. \u00ab\u00a0Finalement, nous avons jou\u00e9 tout le set. Il \u00e9tait l\u00e0, en short, pieds nus, et il a commenc\u00e9 \u00e0 chanter. C&rsquo;\u00e9tait magique\u00a0\u00bb, se souvient Ingram. Peu de temps apr\u00e8s, le test a \u00e9t\u00e9 fait en direct : \u00ab\u00a0Lorsque nous l&rsquo;avons vu sur sc\u00e8ne pour la premi\u00e8re fois, nous n&rsquo;en revenions pas. L&rsquo;\u00e9tincelle a \u00e9t\u00e9 imm\u00e9diate. C&rsquo;\u00e9tait fantastique de revivre \u00e7a apr\u00e8s toutes ces ann\u00e9es\u00a0\u00bb. Le groupe a donc d\u00e9cid\u00e9 d&rsquo;aller \u00e9galement en studio avec lui. Et ce devait \u00eatre tr\u00e8s sp\u00e9cial : C&rsquo;est dans les studios Abbey Road de Londres, charg\u00e9s d&rsquo;histoire musicale, que le nouvel album tant attendu par les fans a \u00e9t\u00e9 enregistr\u00e9 sous la direction de Chris Bolster (Paul McCartney, Foo Fighters, Elton John) ainsi que de Lucy Launder et Alex Wharton (Paul McCartney, Rolling Stones). Le premier titre publi\u00e9, \u00ab\u00a0Firing Line\u00a0\u00bb, a d\u00e9j\u00e0 montr\u00e9 que le groupe est toujours pr\u00eat \u00e0 cr\u00e9er des airs de rock sudiste intemporels. Finalement, le premier album studio depuis 14 ans est publi\u00e9 \u00e0 l&rsquo;automne. Peu apr\u00e8s, Molly Hatchet sera de retour sur sc\u00e8ne avec ce nouveau mat\u00e9riel et plusieurs classiques du groupe.               <\/p>\n<p><strong>Il s&rsquo;agit de la date de rattrapage du concert report\u00e9 du 20 mai 2025.<\/strong><\/p>\n","protected":false},"excerpt":{"rendered":"<p>LES L\u00c9GENDES DU ROCK SUDISTE Yeehaw &#8211; Molly Hatchet est de retour ! Depuis bient\u00f4t cinq d\u00e9cennies, ce groupe porte&hellip;<\/p>\n","protected":false},"author":2,"featured_media":1237,"template":"","meta":{"_acf_changed":false},"product_brand":[],"product_cat":[160],"product_tag":[123,121,122,105,124],"class_list":{"0":"post-1428","1":"product","2":"type-product","3":"status-publish","4":"has-post-thumbnail","6":"product_cat-event","7":"product_tag-americana-fr","8":"product_tag-blues-fr","9":"product_tag-blues-rock-fr","10":"product_tag-hard-rock-fr","11":"product_tag-southern-rock-fr","13":"first","14":"instock","15":"product-type-external"},"acf":[],"_links":{"self":[{"href":"https:\/\/z-7.ch\/fr\/wp-json\/wp\/v2\/product\/1428","targetHints":{"allow":["GET"]}}],"collection":[{"href":"https:\/\/z-7.ch\/fr\/wp-json\/wp\/v2\/product"}],"about":[{"href":"https:\/\/z-7.ch\/fr\/wp-json\/wp\/v2\/types\/product"}],"author":[{"embeddable":true,"href":"https:\/\/z-7.ch\/fr\/wp-json\/wp\/v2\/users\/2"}],"wp:featuredmedia":[{"embeddable":true,"href":"https:\/\/z-7.ch\/fr\/wp-json\/wp\/v2\/media\/1237"}],"wp:attachment":[{"href":"https:\/\/z-7.ch\/fr\/wp-json\/wp\/v2\/media?parent=1428"}],"wp:term":[{"taxonomy":"product_brand","embeddable":true,"href":"https:\/\/z-7.ch\/fr\/wp-json\/wp\/v2\/product_brand?post=1428"},{"taxonomy":"product_cat","embeddable":true,"href":"https:\/\/z-7.ch\/fr\/wp-json\/wp\/v2\/product_cat?post=1428"},{"taxonomy":"product_tag","embeddable":true,"href":"https:\/\/z-7.ch\/fr\/wp-json\/wp\/v2\/product_tag?post=1428"}],"curies":[{"name":"wp","href":"https:\/\/api.w.org\/{rel}","templated":true}]}}