{"id":1435,"date":"2024-10-14T10:00:17","date_gmt":"2024-10-14T08:00:17","guid":{"rendered":"https:\/\/dev.aljoshagasser.com\/z-7.ch\/produkt\/guano-apes\/"},"modified":"2026-02-16T15:42:06","modified_gmt":"2026-02-16T14:42:06","slug":"guano-apes","status":"publish","type":"product","link":"https:\/\/z-7.ch\/fr\/event\/guano-apes\/","title":{"rendered":"Guano Apes"},"content":{"rendered":"<h3>GUANO APES ANNUL\u00c9<b><br \/>\n<\/b><\/h3>\n<p>Malheureusement, nous avons de mauvaises nouvelles pour vous : Le concert de Guano Apes du 15.11.2025 au Z7 doit \u00eatre annul\u00e9 sans remplacement pour des raisons de sant\u00e9.<\/p>\n<p>Les billets d\u00e9j\u00e0 achet\u00e9s peuvent \u00eatre rembours\u00e9s au point de vente o\u00f9 ils ont \u00e9t\u00e9 acquis.<\/p>\n<p><strong>Voici le communiqu\u00e9 du groupe :<\/strong><\/p>\n<p>Chers amis des Apes,<br \/>\nNous aurions ador\u00e9 faire la f\u00eate avec vous, mais nous devons malheureusement vous informer aujourd\u2019hui que la tourn\u00e9e free the monkey pr\u00e9vue ne pourra pas avoir lieu en raison de probl\u00e8mes vocaux persistants. Nous en sommes nous-m\u00eames profond\u00e9ment attrist\u00e9s, et vous pouvez \u00eatre s\u00fbrs que cette d\u00e9cision n\u2019a pas \u00e9t\u00e9 prise \u00e0 la l\u00e9g\u00e8re \u2013 l\u2019annulation est vraiment un dernier recours. Reporter une nouvelle fois la tourn\u00e9e sans savoir si, ni quand, elle pourrait avoir lieu ult\u00e9rieurement ne nous semble ni juste ni transparent vis-\u00e0-vis de vous.  <\/p>\n<p>Nous regrettons \u00e9norm\u00e9ment cette situation, car nous nous r\u00e9jouissions \u00e9norm\u00e9ment de cette tourn\u00e9e. Il est incroyable de voir combien d\u2019entre vous souhaitaient assister aux concerts \u2013 au point que, en collaboration avec notre formidable agence de booking FKP Scorpio, nous avons d\u00fb d\u00e9placer plusieurs dates dans des salles plus grandes, qui ont malgr\u00e9 tout affich\u00e9 complet. Merci ! <\/p>\n<p>Les billets achet\u00e9s peuvent bien entendu \u00eatre rembours\u00e9s. Veuillez pour cela contacter le point de vente o\u00f9 vous avez achet\u00e9 vos billets. Nous nous excusons sinc\u00e8rement pour les d\u00e9sagr\u00e9ments caus\u00e9s par cette annulation.<br \/>\nVous nous connaissez \u2013 chacun d\u2019entre nous donne toujours 100 % sur sc\u00e8ne. Ce n\u2019est malheureusement pas possible actuellement, et il ne serait pas juste envers vous de ne pas vous offrir le show \u00e9nergique auquel vous \u00eates habitu\u00e9s et que vous m\u00e9ritez. La sant\u00e9 passe avant tout, et nous devons nous accorder le temps n\u00e9cessaire \u00e0 une gu\u00e9rison compl\u00e8te afin de pouvoir revenir sur sc\u00e8ne en pleine forme. Nous esp\u00e9rons que vous comprendrez.     <\/p>\n<p>Nos remerciements vont \u00e9galement tout particuli\u00e8rement \u00e0 toute notre \u00e9quipe, qui a fait preuve d\u2019une grande compr\u00e9hension dans cette situation. Nous esp\u00e9rons aussi pouvoir compter sur votre compr\u00e9hension et votre fid\u00e9lit\u00e9.<br \/>Vos Apes. \u2728<\/p>\n<p><a class=\"button\" href=\"https:\/\/z-7.ch\/fr\/infos-pour-les-visiteurs\/#ticketrueckerstattung\">INFORMATIONS CONCERNANT LE REMBOURSEMENT DES BILLETS<\/a><\/p>\n","protected":false},"excerpt":{"rendered":"<p>GUANO APES ANNUL\u00c9 Malheureusement, nous avons de mauvaises nouvelles pour vous : Le concert de Guano Apes du 15.11.2025 au&hellip;<\/p>\n","protected":false},"author":2,"featured_media":1257,"template":"","meta":{"_acf_changed":false},"product_brand":[],"product_cat":[160],"product_tag":[129,130],"class_list":{"0":"post-1435","1":"product","2":"type-product","3":"status-publish","4":"has-post-thumbnail","6":"product_cat-event","7":"product_tag-alternative-rock-fr","8":"product_tag-nu-metal-fr","10":"first","11":"discontinued","12":"virtual","13":"product-type-simple"},"acf":[],"_links":{"self":[{"href":"https:\/\/z-7.ch\/fr\/wp-json\/wp\/v2\/product\/1435","targetHints":{"allow":["GET"]}}],"collection":[{"href":"https:\/\/z-7.ch\/fr\/wp-json\/wp\/v2\/product"}],"about":[{"href":"https:\/\/z-7.ch\/fr\/wp-json\/wp\/v2\/types\/product"}],"author":[{"embeddable":true,"href":"https:\/\/z-7.ch\/fr\/wp-json\/wp\/v2\/users\/2"}],"wp:featuredmedia":[{"embeddable":true,"href":"https:\/\/z-7.ch\/fr\/wp-json\/wp\/v2\/media\/1257"}],"wp:attachment":[{"href":"https:\/\/z-7.ch\/fr\/wp-json\/wp\/v2\/media?parent=1435"}],"wp:term":[{"taxonomy":"product_brand","embeddable":true,"href":"https:\/\/z-7.ch\/fr\/wp-json\/wp\/v2\/product_brand?post=1435"},{"taxonomy":"product_cat","embeddable":true,"href":"https:\/\/z-7.ch\/fr\/wp-json\/wp\/v2\/product_cat?post=1435"},{"taxonomy":"product_tag","embeddable":true,"href":"https:\/\/z-7.ch\/fr\/wp-json\/wp\/v2\/product_tag?post=1435"}],"curies":[{"name":"wp","href":"https:\/\/api.w.org\/{rel}","templated":true}]}}