{"id":14882,"date":"2026-03-03T13:31:32","date_gmt":"2026-03-03T12:31:32","guid":{"rendered":"https:\/\/z-7.ch\/?post_type=product&#038;p=14882"},"modified":"2026-04-01T10:20:32","modified_gmt":"2026-04-01T08:20:32","slug":"help-a-beatles-tribute","status":"publish","type":"product","link":"https:\/\/z-7.ch\/fr\/event\/help-a-beatles-tribute\/","title":{"rendered":"Help! A Beatles Tribute"},"content":{"rendered":"<h3>LA MAGIE DES FAB FOUR<\/h3>\n<p><strong>HELP! \u2013 A Beatles Tribute venu de Slov\u00e9nie fait revivre sur la sc\u00e8ne du Z7 les chansons inoubliables des Fab Four. Avec une authenticit\u00e9 impressionnante, un profond respect pour l\u2019original et un grand souci du d\u00e9tail, le groupe redonne vie \u00e0 l\u2019\u00e2ge d\u2019or du rock \u2019n\u2019 roll. Pr\u00e9pare-toi \u00e0 un voyage musical \u00e0 travers les plus grands succ\u00e8s de The Beatles \u2013 fid\u00e8le \u00e0 l\u2019esprit d\u2019origine et d\u00e9bordant d\u2019\u00e9nergie. <\/strong><\/p>\n<p>Des premiers classiques comme \u00ab I Want to Hold Your Hand \u00bb et \u00ab Twist and Shout \u00bb jusqu\u2019aux chefs-d\u2019\u0153uvre ult\u00e9rieurs tels que \u00ab Hey Jude \u00bb ou \u00ab Let It Be \u00bb, HELP! couvre toutes les p\u00e9riodes cr\u00e9atives du groupe l\u00e9gendaire. Les musiciens savent capturer l\u2019atmosph\u00e8re unique de chaque morceau et restituer avec une pr\u00e9cision remarquable le son inimitable des ann\u00e9es 60. Costumes authentiques, instruments d\u2019\u00e9poque et mise en sc\u00e8ne fid\u00e8le aux moindres d\u00e9tails te donnent l\u2019impression d\u2019assister \u00e0 un v\u00e9ritable concert des Beatles.<\/p>\n<p>\u00c0 l\u2019\u00e9chelle europ\u00e9enne, HELP! compte parmi les tribute bands les plus acclam\u00e9s de son genre. Avec une pr\u00e9sence sc\u00e9nique charismatique et une grande sensibilit\u00e9 musicale, ils c\u00e9l\u00e8brent l\u2019h\u00e9ritage de l\u2019un des groupes les plus influents de l\u2019histoire de la musique. Pour les fans des Beatles et pour tous ceux qui aiment les chansons intemporelles, cette soir\u00e9e au Z7 promet d\u2019\u00eatre un moment unique. Ne manque pas l\u2019occasion de ressentir en live la magie des Fab Four.<\/p>\n","protected":false},"excerpt":{"rendered":"<p>LA MAGIE DES FAB FOUR HELP! \u2013 A Beatles Tribute venu de Slov\u00e9nie fait revivre sur la sc\u00e8ne du Z7&hellip;<\/p>\n","protected":false},"author":2,"featured_media":14870,"template":"","meta":{"_acf_changed":false},"product_brand":[],"product_cat":[160],"product_tag":[123,135,106,198],"class_list":{"0":"post-14882","1":"product","2":"type-product","3":"status-publish","4":"has-post-thumbnail","6":"product_cat-event","7":"product_tag-americana-fr","8":"product_tag-classic-rock-fr","9":"product_tag-show-fr","10":"product_tag-tribute","12":"first","13":"instock","14":"virtual","15":"purchasable","16":"product-type-simple"},"acf":[],"_links":{"self":[{"href":"https:\/\/z-7.ch\/fr\/wp-json\/wp\/v2\/product\/14882","targetHints":{"allow":["GET"]}}],"collection":[{"href":"https:\/\/z-7.ch\/fr\/wp-json\/wp\/v2\/product"}],"about":[{"href":"https:\/\/z-7.ch\/fr\/wp-json\/wp\/v2\/types\/product"}],"author":[{"embeddable":true,"href":"https:\/\/z-7.ch\/fr\/wp-json\/wp\/v2\/users\/2"}],"wp:featuredmedia":[{"embeddable":true,"href":"https:\/\/z-7.ch\/fr\/wp-json\/wp\/v2\/media\/14870"}],"wp:attachment":[{"href":"https:\/\/z-7.ch\/fr\/wp-json\/wp\/v2\/media?parent=14882"}],"wp:term":[{"taxonomy":"product_brand","embeddable":true,"href":"https:\/\/z-7.ch\/fr\/wp-json\/wp\/v2\/product_brand?post=14882"},{"taxonomy":"product_cat","embeddable":true,"href":"https:\/\/z-7.ch\/fr\/wp-json\/wp\/v2\/product_cat?post=14882"},{"taxonomy":"product_tag","embeddable":true,"href":"https:\/\/z-7.ch\/fr\/wp-json\/wp\/v2\/product_tag?post=14882"}],"curies":[{"name":"wp","href":"https:\/\/api.w.org\/{rel}","templated":true}]}}