{"id":15656,"date":"2026-03-09T10:55:26","date_gmt":"2026-03-09T09:55:26","guid":{"rendered":"https:\/\/z-7.ch\/?post_type=product&#038;p=15656"},"modified":"2026-04-10T14:50:15","modified_gmt":"2026-04-10T12:50:15","slug":"whitechapel","status":"publish","type":"product","link":"https:\/\/z-7.ch\/fr\/event\/whitechapel\/","title":{"rendered":"Whitechapel"},"content":{"rendered":"<h3>BRUTALIT\u00c9 SOIGN\u00c9E<\/h3>\n<p><strong>Depuis 20 ans, Whitechapel, originaires de Knoxville, incarnent un deathcore et death metal sans compromis. Avec leur neuvi\u00e8me album Hymns Of Dissonance, les Am\u00e9ricains sont revenus en 2025 au son brutal et implacable de leurs d\u00e9buts. En 2027, ils d\u00e9barquent en Europe avec le \u201cBurn Forever Tour\u201d pour assommer les fans avec leurs hymnes port\u00e9s par des blast beats.   En premi\u00e8re partie : Sylosis, 200 Stab Wounds et Tribal Gaze. <\/strong><\/p>\n<p>\u00ab Hymns In Dissonance \u00bb \u2013 le titre du nouvel album de Whitechapel annonce clairement la couleur. \u00ab Il n\u2019y a rien de beau dans HID, des riffs aux paroles en passant par la m\u00e9lodie globale de l\u2019album. Nous avons essay\u00e9 d\u2019\u00e9crire notre album le plus lourd jusqu\u2019\u00e0 pr\u00e9sent. Nous voulions cr\u00e9er quelque chose de choquant, mena\u00e7ant et brutal \u00bb, explique le guitariste Alex Wade. \u00ab L\u2019album suit l\u2019histoire d\u2019un cultiste qui rassemble des gens pour rejoindre son culte. Il y a des moments dans l\u2019histoire o\u00f9 les adeptes chantent un hymne pour ouvrir un portail par lequel le chef du culte peut entrer. \u00bb La musicalit\u00e9 dynamique et brutale du groupe constitue la bande-son parfaite pour cette histoire fascinante imagin\u00e9e par le chanteur Phil Bozeman : \u00ab Hymns in Dissonance est une moquerie de la v\u00e9ritable nature des hymnes \u00bb, dit-il. \u00ab Les hymnes sont m\u00e9lodiques et harmonieux. La dissonance est exactement l\u2019inverse. Elle repr\u00e9sente le mal. Et les morceaux de l\u2019album repr\u00e9sentent les sept p\u00e9ch\u00e9s capitaux. \u00bb Un critique du magazine Metal Hammer \u00e9crit \u00e0 propos de cette nouvelle sortie : \u00ab Nous venions \u00e0 peine de nous habituer \u00e0 ce que Whitechapel ouvre un nouveau chapitre musical plus calme avec The Valley, poursuivi sur Kin en 2021. Ceux qui s\u2019attendaient \u00e0 une suite de cette orientation seront non seulement surpris par Hymns Of Dissonance, mais litt\u00e9ralement balay\u00e9s ! \u00bb Il r\u00e9sume cette temp\u00eate death metal sans compromis ainsi : \u00ab Sur dix morceaux, la fureur explose dans toutes les nuances de rouge. La machine blastbeat tire sans rel\u00e2che, tandis que les chants diaboliques de Philip Bozeman oscillent entre growls caverneux et cris sifflants. \u00bb Autant dire qu\u2019il n\u2019y a pas de place pour la sensiblerie.       <\/p>\n<p><strong>SYLOSIS :<\/strong> Depuis l\u2019an 2000, le groupe de Reading en Angleterre est synonyme de temp\u00eates de riffs impitoyables et de pr\u00e9cision technique. En f\u00e9vrier 2026, Sylosis a sorti son tr\u00e8s attendu nouvel album The New Flesh chez Nuclear Blast. Il s\u2019agit d\u2019un t\u00e9moignage monumental de riffs destructeurs, de m\u00e9lodies incisives et d\u2019une puissance brute affin\u00e9e. Le septi\u00e8me album studio du groupe est une d\u00e9claration de force : mortel, sans compromis et profond\u00e9ment metal. Le groupe d\u00e9clare : \u00ab Nous ne pourrions pas \u00eatre plus heureux de ce que nous avons cr\u00e9\u00e9. C\u2019est notre album le plus lourd jusqu\u2019\u00e0 pr\u00e9sent, mais aussi le plus vari\u00e9 et le plus collaboratif. Nous avons d\u00e9j\u00e0 jou\u00e9 plusieurs de ces morceaux en live et c\u2019\u00e9tait incroyable de voir la r\u00e9action positive du public. Cela ressemble vraiment \u00e0 une nouvelle \u00e9tape pour le groupe. Nous avons h\u00e2te de tous vous revoir. \u00bb    <\/p>\n<p><strong>200 STAB WOUNDS :<\/strong> Apr\u00e8s une EP et un album chez le label underground culte Maggot Stomp, les nouveaux venus du death metal 200 Stab Wounds, originaires de Cleveland, ont sign\u00e9 chez Metal Blade Records en 2024. Le label a ensuite publi\u00e9 leur album Manual Manic Procedures. Ce disque est une pi\u00e8ce de death metal old school brutale avec une touche moderne. Les morceaux ne sont clairement pas pour les \u00e2mes sensibles et ont remis le death metal gore classique au centre de l\u2019attention de la communaut\u00e9 metal. Stormbringer.at \u00e9crit : \u00ab En un peu plus de 29 minutes, ce sont surtout la dynamique et la pression qui impressionnent. 200 Stab Wounds n\u2019op\u00e8rent pas dans le style death metal primitif fa\u00e7on caveman comme leurs coll\u00e8gues Sanguisugabogg, mais varient le tempo au sein des morceaux, ajoutent des solos mordants dans des plaies ouvertes ou cr\u00e9ent une atmosph\u00e8re de film d\u2019horreur avec des interludes de guitare synth\u00e9. \u00bb Par moments, on dirait que Cannibal Corpse et Jungle Rot ont \u00e9t\u00e9 crois\u00e9s dans un laboratoire g\u00e9n\u00e9tique, m\u00e9lang\u00e9s ensuite avec Skinless, avant d\u2019\u00eatre rel\u00e2ch\u00e9s sur l\u2019humanit\u00e9 sous la forme d\u2019un hybride merveilleusement monstrueux.     <\/p>\n<p><strong>TRIBAL GAZE : <\/strong>Ce projet est n\u00e9 de l\u2019ennui pendant la pand\u00e9mie de Covid en 2020. Tribal Gaze est rapidement devenu un groupe s\u00e9rieux et a sorti un premier album en 2022. Lors d\u2019un concert, la l\u00e9gende A&amp;R et talent scout Monte Conner a remarqu\u00e9 les Texans et leur a permis de signer chez Nuclear Blast. Le premier r\u00e9sultat de cette collaboration est Inveighing Brilliance (2025), un death metal old school avec des \u00e9l\u00e9ments hardcore, situ\u00e9 quelque part entre Obituary, Gatecreeper et 200 Stab Wounds. Avec un talent certain pour les morceaux courts et percutants, Tribal Gaze font travailler les muscles de la nuque. Le critique de Metalfactory.ch \u00e9crit dans sa chronique : \u00ab Des terres br\u00fbl\u00e9es du Texas, Tribal Gaze reviennent avec Inveighing Brilliance, un monolithe de death metal marqu\u00e9 par la violence et une brutalit\u00e9 implacable. Le quintette invoque des visions de rage primitive et de clart\u00e9 nihiliste avec un son enracin\u00e9 dans la rudesse du death metal old school, mais aff\u00fbt\u00e9 par des \u00e9l\u00e9ments modernes. \u00bb     <\/p>\n","protected":false},"excerpt":{"rendered":"<p>BRUTALIT\u00c9 SOIGN\u00c9E Depuis 20 ans, Whitechapel, originaires de Knoxville, incarnent un deathcore et death metal sans compromis. Avec leur neuvi\u00e8me&hellip;<\/p>\n","protected":false},"author":2,"featured_media":15455,"template":"","meta":{"_acf_changed":false},"product_brand":[],"product_cat":[160],"product_tag":[164,209],"class_list":{"0":"post-15656","1":"product","2":"type-product","3":"status-publish","4":"has-post-thumbnail","6":"product_cat-event","7":"product_tag-black-death-metal","8":"product_tag-metalcore","10":"first","11":"instock","12":"virtual","13":"purchasable","14":"product-type-simple"},"acf":[],"_links":{"self":[{"href":"https:\/\/z-7.ch\/fr\/wp-json\/wp\/v2\/product\/15656","targetHints":{"allow":["GET"]}}],"collection":[{"href":"https:\/\/z-7.ch\/fr\/wp-json\/wp\/v2\/product"}],"about":[{"href":"https:\/\/z-7.ch\/fr\/wp-json\/wp\/v2\/types\/product"}],"author":[{"embeddable":true,"href":"https:\/\/z-7.ch\/fr\/wp-json\/wp\/v2\/users\/2"}],"wp:featuredmedia":[{"embeddable":true,"href":"https:\/\/z-7.ch\/fr\/wp-json\/wp\/v2\/media\/15455"}],"wp:attachment":[{"href":"https:\/\/z-7.ch\/fr\/wp-json\/wp\/v2\/media?parent=15656"}],"wp:term":[{"taxonomy":"product_brand","embeddable":true,"href":"https:\/\/z-7.ch\/fr\/wp-json\/wp\/v2\/product_brand?post=15656"},{"taxonomy":"product_cat","embeddable":true,"href":"https:\/\/z-7.ch\/fr\/wp-json\/wp\/v2\/product_cat?post=15656"},{"taxonomy":"product_tag","embeddable":true,"href":"https:\/\/z-7.ch\/fr\/wp-json\/wp\/v2\/product_tag?post=15656"}],"curies":[{"name":"wp","href":"https:\/\/api.w.org\/{rel}","templated":true}]}}