{"id":16338,"date":"2026-03-09T13:55:38","date_gmt":"2026-03-09T12:55:38","guid":{"rendered":"https:\/\/z-7.ch\/produkt\/rauhbein-3\/"},"modified":"2026-04-14T11:20:15","modified_gmt":"2026-04-14T09:20:15","slug":"rauhbein-3","status":"publish","type":"product","link":"https:\/\/z-7.ch\/fr\/event\/rauhbein-3\/","title":{"rendered":"Rauhbein"},"content":{"rendered":"<h3>REBELS &amp; H\u00c9ROS<\/h3>\n<p>Apr\u00e8s leur premi\u00e8re tourn\u00e9e en t\u00eate d\u2019affiche \u00ab Wir sind Eins \u00bb au printemps 2024, v\u00e9ritable triomphe qui a d\u00e9pass\u00e9 toutes les attentes et affich\u00e9 complet, Rauhbein est de retour en pleine puissance ! Avec leur quatri\u00e8me album Rebellen &amp; Helden, le groupe apportera \u00e0 nouveau son \u00e9nergie sc\u00e9nique incomparable sur les sc\u00e8nes suisses en 2026. Attends-toi \u00e0 des rythmes puissants, des textes sinc\u00e8res et la voix rauque et inimitable du frontman Henry \u2013 un m\u00e9lange de folk rock passionn\u00e9 et d\u2019\u00e9nergie brute qui s\u00e9duit une base de fans en constante croissance.  <\/p>\n<p><span style=\"color: #ffff00;\">Les billets pour les concerts annul\u00e9s de Rauhbein du 20 mars 2026 au Xtra Musikcafe Z\u00fcrich et du 21 mars 2026 au Rockfact M\u00fcnchenstein restent valables pour cette date.<\/span><\/p>\n","protected":false},"excerpt":{"rendered":"<p>REBELS &amp; H\u00c9ROS Apr\u00e8s leur premi\u00e8re tourn\u00e9e en t\u00eate d\u2019affiche \u00ab Wir sind Eins \u00bb au printemps 2024, v\u00e9ritable triomphe&hellip;<\/p>\n","protected":false},"author":2,"featured_media":22548,"template":"","meta":{"_acf_changed":false},"product_brand":[],"product_cat":[160],"product_tag":[113],"class_list":{"0":"post-16338","1":"product","2":"type-product","3":"status-publish","4":"has-post-thumbnail","6":"product_cat-event","7":"product_tag-folk-fr","9":"first","10":"instock","11":"virtual","12":"purchasable","13":"product-type-simple"},"acf":[],"_links":{"self":[{"href":"https:\/\/z-7.ch\/fr\/wp-json\/wp\/v2\/product\/16338","targetHints":{"allow":["GET"]}}],"collection":[{"href":"https:\/\/z-7.ch\/fr\/wp-json\/wp\/v2\/product"}],"about":[{"href":"https:\/\/z-7.ch\/fr\/wp-json\/wp\/v2\/types\/product"}],"author":[{"embeddable":true,"href":"https:\/\/z-7.ch\/fr\/wp-json\/wp\/v2\/users\/2"}],"wp:featuredmedia":[{"embeddable":true,"href":"https:\/\/z-7.ch\/fr\/wp-json\/wp\/v2\/media\/22548"}],"wp:attachment":[{"href":"https:\/\/z-7.ch\/fr\/wp-json\/wp\/v2\/media?parent=16338"}],"wp:term":[{"taxonomy":"product_brand","embeddable":true,"href":"https:\/\/z-7.ch\/fr\/wp-json\/wp\/v2\/product_brand?post=16338"},{"taxonomy":"product_cat","embeddable":true,"href":"https:\/\/z-7.ch\/fr\/wp-json\/wp\/v2\/product_cat?post=16338"},{"taxonomy":"product_tag","embeddable":true,"href":"https:\/\/z-7.ch\/fr\/wp-json\/wp\/v2\/product_tag?post=16338"}],"curies":[{"name":"wp","href":"https:\/\/api.w.org\/{rel}","templated":true}]}}