{"id":17961,"date":"2026-03-18T11:55:24","date_gmt":"2026-03-18T10:55:24","guid":{"rendered":"https:\/\/z-7.ch\/?post_type=product&#038;p=17961"},"modified":"2026-04-13T13:40:08","modified_gmt":"2026-04-13T11:40:08","slug":"the-new-roses","status":"publish","type":"product","link":"https:\/\/z-7.ch\/fr\/event\/the-new-roses\/","title":{"rendered":"The New Roses"},"content":{"rendered":"<h3>HARD ROCK DES ANN\u00c9ES 80 AU FORMAT STADE<\/h3>\n<p><strong>The New Roses, originaires de Wiesbaden, reviennent au Z7 avec leurs hymnes de stadium rock irr\u00e9sistibles. Groove typiquement ann\u00e9es 80 et \u00e9nergie live garantie. En premi\u00e8re partie, les glam rockers fran\u00e7ais en pleine ascension Harsh apporteront une ambiance Sunset Strip \u00e0 l\u2019infini.  <\/strong><\/p>\n<p>The New Roses comptent parmi les groupes rock allemands les plus couronn\u00e9s de succ\u00e8s, encha\u00eenant depuis des ann\u00e9es les classements dans les charts et les rotations intensives sur les radios rock en Allemagne et au Royaume-Uni. Apr\u00e8s des prestations sur des festivals internationaux comme Wacken, Hellfest ou Sweden Rock, des concerts aux c\u00f4t\u00e9s de l\u00e9gendes telles que Kiss, ZZ Top, Black Stone Cherry, Joe Bonamassa ou Die Toten Hosen, ainsi que des tourn\u00e9es avec Scorpions, Saxon, Accept et Tremonti et d\u2019innombrables shows en t\u00eate d\u2019affiche, The New Roses sont devenus une r\u00e9f\u00e9rence pour tous les amateurs de rock des ann\u00e9es 80. Le quatuor originaire de Hesse a \u00e9galement marqu\u00e9 l\u2019histoire en devenant, en 2018 et 2019, le premier groupe allemand \u00e0 se produire sur la l\u00e9gendaire Kiss Kruise. Le groupe compte d\u00e9sormais six albums acclam\u00e9s. Musicalement, ils proposent un rock \u00e0 l\u2019am\u00e9ricaine de grande qualit\u00e9, souvent compar\u00e9 \u00e0 Bon Jovi \u00e0 leur apog\u00e9e. Au programme : des hymnes taill\u00e9s pour les stades, des riffs puissants, une batterie \u00e9nergique, des refrains accrocheurs et des m\u00e9lodies marquantes, alternant avec des morceaux plus roots aux accents Americana. The New Roses savent aussi d\u00e9voiler leur c\u00f4t\u00e9 plus sensible, avec des ballades mid-tempo et des morceaux acoustiques touchants, o\u00f9 le frontman Timmy d\u00e9ploie toute l\u2019\u00e9tendue de sa voix. Sur sc\u00e8ne, le groupe convainc sur toute la ligne. Tinu de Metalfactory.ch \u00e9crivait \u00e0 propos de leur concert au Z7 en d\u00e9cembre 2024 : \u00ab Avec \u2018The Usual Suspects\u2019 et le chant repris en ch\u0153ur sur \u2018Down By The River\u2019, la soir\u00e9e s\u2019est termin\u00e9e en apoth\u00e9ose \u2013 l\u2019un des concerts les plus marquants de l\u2019ann\u00e9e. The New Roses semblent repousser leurs limites \u00e0 chaque show. Leur plaisir de jouer contagieux, leur chant incroyablement puissant et leur aura internationale finiront par remplir des stades. \u00bb          <\/p>\n<p>Harsh : Un jeune groupe parisien est en passe de devenir l\u2019un des plus grands exports rock fran\u00e7ais. Inspir\u00e9s par des groupes comme Bon Jovi, M\u00f6tley Cr\u00fce, Guns N\u2019 Roses et Van Halen, Harsh font revivre l\u2019\u00e2ge d\u2019or du glam et du hard rock des ann\u00e9es 80 ainsi que l\u2019atmosph\u00e8re mythique du Sunset Strip. Vinyles, Jack Daniel\u2019s, leggings l\u00e9opard et guitares Gibson viennent imm\u00e9diatement \u00e0 l\u2019esprit \u00e0 l\u2019\u00e9coute de leurs m\u00e9lodies accrocheuses, riffs puissants, ch\u0153urs soign\u00e9s et attitude 80s assum\u00e9e. Tout ce qui faisait le charme du hard rock de Los Angeles est l\u00e0 \u2013 revisit\u00e9 pour les ann\u00e9es 2020. Harsh ont sorti en 2022 leur excellent album d\u00e9but Out of Control. En 2024, ils ont encha\u00een\u00e9 avec trois singles, dont une version rock du tube de Flashdance \u00ab Maniac \u00bb. Fid\u00e8les \u00e0 la devise \u00ab And they\u2019re rockin\u2019 like they never rocked before \u00bb, ils transforment ce classique en un v\u00e9ritable br\u00fblot rock. Harsh ont d\u00e9j\u00e0 tourn\u00e9 en Europe et au Royaume-Uni, aussi bien en t\u00eate d\u2019affiche qu\u2019en premi\u00e8re partie d\u2019artistes comme Anvil, Inglorious, The New Roses, Black Rain, la l\u00e9gende de W.A.S.P. Chris Holmes et bien d\u2019autres. Avec leurs performances explosives et leur pr\u00e9sence sc\u00e9nique captivante, les Fran\u00e7ais s\u00e9duisent \u00e0 chaque concert. Leur deuxi\u00e8me album est annonc\u00e9 pour 2026 \u2013 de quoi ravir encore davantage les amateurs de hard rock des ann\u00e9es 80, puissant et imm\u00e9diatement accrocheur.           <\/p>\n","protected":false},"excerpt":{"rendered":"<p>HARD ROCK DES ANN\u00c9ES 80 AU FORMAT STADE The New Roses, originaires de Wiesbaden, reviennent au Z7 avec leurs hymnes&hellip;<\/p>\n","protected":false},"author":2,"featured_media":17948,"template":"","meta":{"_acf_changed":false},"product_brand":[],"product_cat":[160],"product_tag":[135,105],"class_list":{"0":"post-17961","1":"product","2":"type-product","3":"status-publish","4":"has-post-thumbnail","6":"product_cat-event","7":"product_tag-classic-rock-fr","8":"product_tag-hard-rock-fr","10":"first","11":"instock","12":"virtual","13":"purchasable","14":"product-type-simple"},"acf":[],"_links":{"self":[{"href":"https:\/\/z-7.ch\/fr\/wp-json\/wp\/v2\/product\/17961","targetHints":{"allow":["GET"]}}],"collection":[{"href":"https:\/\/z-7.ch\/fr\/wp-json\/wp\/v2\/product"}],"about":[{"href":"https:\/\/z-7.ch\/fr\/wp-json\/wp\/v2\/types\/product"}],"author":[{"embeddable":true,"href":"https:\/\/z-7.ch\/fr\/wp-json\/wp\/v2\/users\/2"}],"wp:featuredmedia":[{"embeddable":true,"href":"https:\/\/z-7.ch\/fr\/wp-json\/wp\/v2\/media\/17948"}],"wp:attachment":[{"href":"https:\/\/z-7.ch\/fr\/wp-json\/wp\/v2\/media?parent=17961"}],"wp:term":[{"taxonomy":"product_brand","embeddable":true,"href":"https:\/\/z-7.ch\/fr\/wp-json\/wp\/v2\/product_brand?post=17961"},{"taxonomy":"product_cat","embeddable":true,"href":"https:\/\/z-7.ch\/fr\/wp-json\/wp\/v2\/product_cat?post=17961"},{"taxonomy":"product_tag","embeddable":true,"href":"https:\/\/z-7.ch\/fr\/wp-json\/wp\/v2\/product_tag?post=17961"}],"curies":[{"name":"wp","href":"https:\/\/api.w.org\/{rel}","templated":true}]}}