{"id":18251,"date":"2026-03-23T11:55:50","date_gmt":"2026-03-23T10:55:50","guid":{"rendered":"https:\/\/z-7.ch\/?post_type=product&#038;p=18251"},"modified":"2026-04-01T10:12:25","modified_gmt":"2026-04-01T08:12:25","slug":"black-sabbitch","status":"publish","type":"product","link":"https:\/\/z-7.ch\/fr\/event\/black-sabbitch\/","title":{"rendered":"Black Sabbitch"},"content":{"rendered":"<h3>BACK TO THE BEGINNING<\/h3>\n<p><strong>\u00ab Nous ne voulons pas simplement jouer Black Sabbath \u2013 nous voulons ressentir Black Sabbath au plus profond de nous-m\u00eames. \u00bb C\u2019est avec cette ambition que la formation am\u00e9ricaine enti\u00e8rement f\u00e9minine Black Sabbitch revient au Z7 deux ans apr\u00e8s sa premi\u00e8re suisse acclam\u00e9e, pour nous replonger une nouvelle fois dans les ann\u00e9es 70 avec des titres issus des d\u00e9buts des pionniers britanniques du metal. <\/strong><\/p>\n<p>Black Sabbitch n\u2019est pas un tribute band ordinaire. Les quatre musiciennes am\u00e9ricaines impressionnent m\u00eame les fans les plus inconditionnels de Sabbath et ont gagn\u00e9 le respect des critiques comme des musiciens. Sharon Osbourne les a personnellement invit\u00e9es \u00e0 assurer la premi\u00e8re partie d\u2019Ozzy. Elles ont jou\u00e9 sur la mythique Kiss Kruise ainsi qu\u2019au l\u00e9gendaire Cal Jam aux c\u00f4t\u00e9s d\u2019Iggy Pop et des Foo Fighters. Peu apr\u00e8s, Dave Grohl a partag\u00e9 des photos de leur performance sur ses r\u00e9seaux sociaux en \u00e9crivant : \u00ab Nous \u00e9tions fascin\u00e9s et n\u2019arrivions pas \u00e0 d\u00e9tourner le regard. \u00bb Aujourd\u2019hui, Black Sabbitch sont devenues de v\u00e9ritables favorites des festivals, se produisant r\u00e9guli\u00e8rement aux c\u00f4t\u00e9s de certains des plus grands noms de la sc\u00e8ne et enthousiasmant les fans de Black Sabbath lors de leurs concerts en club intenses. Leurs setlists, souvent changeantes, m\u00ealent grands classiques intemporels et perles oubli\u00e9es de l\u2019\u00e8re Ozzy, p\u00e9riode fondatrice des l\u00e9gendes originaires de Birmingham. \u00ab Nous ne sommes pas un tribute band comme les autres. Nous sommes les Black Sabbath au f\u00e9minin \u00bb, affirme avec assurance la batteuse Angie Scarpa. Fond\u00e9 \u00e0 Los Angeles il y a quatorze ans, le groupe ne s\u2019est jamais content\u00e9 de reproduire les morceaux de Black Sabbath. \u00ab J\u2019ai toujours \u00e9t\u00e9 une immense fan du groupe, mais je ne voulais pas juste jouer des reprises dans un \u00e9ni\u00e8me groupe du type \u201con sonne comme sur les albums\u201d. Il fallait que ce soit authentique d\u00e8s le d\u00e9part \u2013 comme si on assistait \u00e0 un concert de Black Sabbath en 1972. \u00bb Et avec leurs shows, les musiciennes parviennent r\u00e9guli\u00e8rement \u00e0 transporter le public dans les seventies. Avec des titres issus des d\u00e9buts, lorsque Ozzy Osbourne, Tony Iommi, Geezer Butler et Bill Ward quittaient les West Midlands pour conqu\u00e9rir le monde avec leur son lourd, sombre et r\u00e9volutionnaire. Black Sabbitch ont donn\u00e9 leur tout premier concert \u00e0 West Hollywood \u00e0 l\u2019\u00e9t\u00e9 2013 et tournent depuis r\u00e9guli\u00e8rement aux \u00c9tats-Unis. En 2022, elles ont \u00e9tendu leurs activit\u00e9s au Royaume-Uni, et en 2024, elles sont mont\u00e9es sur la sc\u00e8ne de Wacken avant de jouer d\u2019autres dates en Europe continentale, dont leur premi\u00e8re en Suisse au Z7. Diebuehrers.com \u00e9crivait \u00e0 propos de leur concert de novembre 2024 : \u00ab Avec une forte pr\u00e9sence sc\u00e9nique et une grande ma\u00eetrise musicale, elles ont interpr\u00e9t\u00e9 avec puissance les sonorit\u00e9s sombres et lourdes de morceaux comme \u2018War Pigs\u2019 et \u2018Children of the Grave\u2019 \u00bb et \u00ab le public a savour\u00e9 chaque minute de ce set intense \u00bb.<\/p>\n","protected":false},"excerpt":{"rendered":"<p>BACK TO THE BEGINNING \u00ab Nous ne voulons pas simplement jouer Black Sabbath \u2013 nous voulons ressentir Black Sabbath au&hellip;<\/p>\n","protected":false},"author":2,"featured_media":18244,"template":"","meta":{"_acf_changed":false},"product_brand":[],"product_cat":[160],"product_tag":[135,214,105,103,126],"class_list":{"0":"post-18251","1":"product","2":"type-product","3":"status-publish","4":"has-post-thumbnail","6":"product_cat-event","7":"product_tag-classic-rock-fr","8":"product_tag-female","9":"product_tag-hard-rock-fr","10":"product_tag-heavy-metal-fr","11":"product_tag-stoner-rock-fr","13":"first","14":"instock","15":"virtual","16":"purchasable","17":"product-type-simple"},"acf":[],"_links":{"self":[{"href":"https:\/\/z-7.ch\/fr\/wp-json\/wp\/v2\/product\/18251","targetHints":{"allow":["GET"]}}],"collection":[{"href":"https:\/\/z-7.ch\/fr\/wp-json\/wp\/v2\/product"}],"about":[{"href":"https:\/\/z-7.ch\/fr\/wp-json\/wp\/v2\/types\/product"}],"author":[{"embeddable":true,"href":"https:\/\/z-7.ch\/fr\/wp-json\/wp\/v2\/users\/2"}],"wp:featuredmedia":[{"embeddable":true,"href":"https:\/\/z-7.ch\/fr\/wp-json\/wp\/v2\/media\/18244"}],"wp:attachment":[{"href":"https:\/\/z-7.ch\/fr\/wp-json\/wp\/v2\/media?parent=18251"}],"wp:term":[{"taxonomy":"product_brand","embeddable":true,"href":"https:\/\/z-7.ch\/fr\/wp-json\/wp\/v2\/product_brand?post=18251"},{"taxonomy":"product_cat","embeddable":true,"href":"https:\/\/z-7.ch\/fr\/wp-json\/wp\/v2\/product_cat?post=18251"},{"taxonomy":"product_tag","embeddable":true,"href":"https:\/\/z-7.ch\/fr\/wp-json\/wp\/v2\/product_tag?post=18251"}],"curies":[{"name":"wp","href":"https:\/\/api.w.org\/{rel}","templated":true}]}}