{"id":18338,"date":"2026-03-20T11:55:18","date_gmt":"2026-03-20T10:55:18","guid":{"rendered":"https:\/\/z-7.ch\/?post_type=product&#038;p=18338"},"modified":"2026-04-01T10:21:20","modified_gmt":"2026-04-01T08:21:20","slug":"black-star-riders-tyketto","status":"publish","type":"product","link":"https:\/\/z-7.ch\/fr\/event\/black-star-riders-tyketto\/","title":{"rendered":"Black Star Riders &amp; Tyketto"},"content":{"rendered":"<h3><strong>HYMNES DE HARD ROCK \u00c0 VOLONT\u00c9<\/strong><\/h3>\n<p><strong>Fond\u00e9 en 2012 comme projet dans la lign\u00e9e de Thin Lizzy, Black Star Riders se sont depuis impos\u00e9s comme une v\u00e9ritable force ind\u00e9pendante sur la sc\u00e8ne rock. Aujourd\u2019hui, le groupe emmen\u00e9 par Ricky Warwick revient au Z7 apr\u00e8s neuf longues ann\u00e9es d\u2019absence. En co-headline, ils seront accompagn\u00e9s des h\u00e9ros des ann\u00e9es 90 Tyketto, qui viendront \u00e0 Pratteln avec leur tout nouvel album. <\/strong><\/p>\n<p>Ricky Warwick est un artiste tr\u00e8s actif. En parall\u00e8le de ses activit\u00e9s avec son groupe d\u2019origine The Almighty, de sa carri\u00e8re solo et de ses apparitions occasionnelles avec Thin Lizzy, il poss\u00e8de toujours l\u2019\u00e9nergie et la cr\u00e9ativit\u00e9 n\u00e9cessaires pour faire \u00e9voluer Black Star Riders en tant que chanteur, guitariste et d\u00e9sormais principal auteur-compositeur. M\u00eame apr\u00e8s le d\u00e9part du cofondateur et l\u00e9gende de Thin Lizzy Scott Gorham, une s\u00e9paration n\u2019a jamais \u00e9t\u00e9 envisag\u00e9e. \u00ab Scott voulait que nous continuions \u00bb, explique Warwick, avant d\u2019ajouter : \u00ab Ma foi en ce groupe est plus forte que jamais. Nous sommes uniques et nous avons encore beaucoup \u00e0 dire. \u00bb Leur dernier album Wrong Side Of Paradise en est la preuve \u00e9clatante. Il regorge d\u2019hymnes rock accrocheurs qui \u00e9voquent par moments l\u2019esprit de Phil Lynott. \u00c0 propos de cet album sorti en 2023, Ricky d\u00e9clare : \u00ab Je suis tr\u00e8s fier de Wrong Side Of Paradise. C\u2019est une nouvelle collection de morceaux puissants, port\u00e9s par des guitares d\u00e9cha\u00een\u00e9es et une batterie tonitruante. J\u2019y parle de mes exp\u00e9riences personnelles \u2013 ma famille, mes amis et la mani\u00e8re dont je vois le monde \u00e9voluer plus vite que nous ne pouvons le comprendre. Je crois aussi profond\u00e9ment en la force de la positivit\u00e9, et cela se ressent tout au long de l\u2019album. \u00bb Sur sc\u00e8ne, les nouveaux titres s\u2019int\u00e8grent parfaitement au set. Si, \u00e0 leurs d\u00e9buts, le groupe jouait un m\u00e9lange \u00e9quilibr\u00e9 entre classiques de Lizzy et compositions originales, ils ont depuis prouv\u00e9 qu\u2019ils disposent d\u2019un r\u00e9pertoire suffisamment riche en titres \u00e0 fort potentiel. N\u00e9anmoins, leurs racines restent pr\u00e9sentes, et en plus des morceaux issus de leurs albums, le public pourra toujours profiter de quelques classiques de Thin Lizzy en live.<\/p>\n<p><strong>TYKETTO :<\/strong> Au d\u00e9but des ann\u00e9es 90, ils faisaient partie des groupes les plus prometteurs du melodic hard rock. Avec des albums comme Don\u2019t Come Easy (1991) et Strength in Numbers (1994), le groupe autour du chanteur exceptionnel Danny Vaughn semblait destin\u00e9 \u00e0 atteindre les sommets. Mais l\u2019arriv\u00e9e du grunge porta un coup fatal au hard rock des ann\u00e9es 80 et emp\u00eacha leur v\u00e9ritable perc\u00e9e. Frustr\u00e9s et d\u00e9sillusionn\u00e9s, Tyketto se s\u00e9par\u00e8rent apr\u00e8s la sortie de leur troisi\u00e8me album studio Shine en 1996. Pour le plus grand plaisir des fans, ils firent leur retour en 2012 avec un nouvel album, Dig In Deep. Depuis, le groupe est de nouveau actif sur sc\u00e8ne. En 2016, ils ont sorti Reach, un autre album solide qui a confirm\u00e9 le talent de Vaughn en tant que songwriter. Apr\u00e8s une longue attente, un nouvel opus verra enfin le jour au printemps 2026 avec Closer To The Sun. Aux c\u00f4t\u00e9s de Vaughn, on retrouve Harry Scott Elliott \u00e0 la guitare, Ged Rylands aux claviers, Chris Childs (Thunder) \u00e0 la basse et Johnny Dee (Doro) \u00e0 la batterie. Sur Closer To The Sun, Tyketto abordent des th\u00e8mes universels comme l\u2019amour, la perte et le plaisir. De l\u2019hymne c\u00e9l\u00e9brant la puissance de l\u2019amour dans le morceau-titre \u00e0 la rudesse de \u00ab Hit Me Where It Hurts \u00bb en passant par la power ballade \u00ab The Picture \u00bb, Tyketto poursuivent avec assurance sur le terrain du melodic rock qui a fait leur succ\u00e8s. Avec Closer To The Sun, ils confirment leur place parmi les noms les plus respect\u00e9s et durables de la sc\u00e8ne. Lors de la tourn\u00e9e \u00e0 venir, Vaughn et son groupe m\u00ealeront les perles de leur r\u00e9pertoire des ann\u00e9es 90 aux moments forts de leurs nouvelles productions.<\/p>\n","protected":false},"excerpt":{"rendered":"<p>HYMNES DE HARD ROCK \u00c0 VOLONT\u00c9 Fond\u00e9 en 2012 comme projet dans la lign\u00e9e de Thin Lizzy, Black Star Riders&hellip;<\/p>\n","protected":false},"author":2,"featured_media":18890,"template":"","meta":{"_acf_changed":false},"product_brand":[],"product_cat":[160],"product_tag":[135,105],"class_list":{"0":"post-18338","1":"product","2":"type-product","3":"status-publish","4":"has-post-thumbnail","6":"product_cat-event","7":"product_tag-classic-rock-fr","8":"product_tag-hard-rock-fr","10":"first","11":"instock","12":"virtual","13":"purchasable","14":"product-type-simple"},"acf":[],"_links":{"self":[{"href":"https:\/\/z-7.ch\/fr\/wp-json\/wp\/v2\/product\/18338","targetHints":{"allow":["GET"]}}],"collection":[{"href":"https:\/\/z-7.ch\/fr\/wp-json\/wp\/v2\/product"}],"about":[{"href":"https:\/\/z-7.ch\/fr\/wp-json\/wp\/v2\/types\/product"}],"author":[{"embeddable":true,"href":"https:\/\/z-7.ch\/fr\/wp-json\/wp\/v2\/users\/2"}],"wp:featuredmedia":[{"embeddable":true,"href":"https:\/\/z-7.ch\/fr\/wp-json\/wp\/v2\/media\/18890"}],"wp:attachment":[{"href":"https:\/\/z-7.ch\/fr\/wp-json\/wp\/v2\/media?parent=18338"}],"wp:term":[{"taxonomy":"product_brand","embeddable":true,"href":"https:\/\/z-7.ch\/fr\/wp-json\/wp\/v2\/product_brand?post=18338"},{"taxonomy":"product_cat","embeddable":true,"href":"https:\/\/z-7.ch\/fr\/wp-json\/wp\/v2\/product_cat?post=18338"},{"taxonomy":"product_tag","embeddable":true,"href":"https:\/\/z-7.ch\/fr\/wp-json\/wp\/v2\/product_tag?post=18338"}],"curies":[{"name":"wp","href":"https:\/\/api.w.org\/{rel}","templated":true}]}}