{"id":18954,"date":"2026-03-24T11:55:52","date_gmt":"2026-03-24T10:55:52","guid":{"rendered":"https:\/\/z-7.ch\/?post_type=product&#038;p=18954"},"modified":"2026-04-13T13:57:19","modified_gmt":"2026-04-13T11:57:19","slug":"takida","status":"publish","type":"product","link":"https:\/\/z-7.ch\/fr\/event\/takida\/","title":{"rendered":"tAKiDA"},"content":{"rendered":"<h3>DES HITS ROCK RADIO QUI PRENNENT AUX TRIPES<\/h3>\n<p><strong>Depuis la sortie de leur album d\u00e9but en 2006, les rockeurs alternatifs Takida avancent \u00e0 toute vitesse. Gr\u00e2ce \u00e0 leur rock accessible et taill\u00e9 pour la radio, le groupe a d\u2019abord conquis son pays natal avant de s\u00e9duire toute la Scandinavie. Depuis la sortie de l\u2019album The Agony Flame en 2024, les musiciens multi-platine convainquent avec leurs titres accrocheurs des fans de rock dans toute l\u2019Europe.  <\/strong><\/p>\n<p>Ils dominent les charts radio, jouent dans des salles toujours plus grandes et \u00e9largissent sans cesse leur base de fans avec leur son inimitable. Le groupe su\u00e9dois multi-platine Takida encha\u00eene les succ\u00e8s. En 2023, ils ont effectu\u00e9 leur plus grande tourn\u00e9e \u00e0 ce jour, remplissant des ar\u00e8nes dans leur pays et se produisant sur de grandes sc\u00e8nes de festivals \u00e0 travers l\u2019Europe \u2013 notamment sur l\u2019une des sc\u00e8nes principales du Wacken Open Air. Leur tourn\u00e9e Smoke &amp; Mirrors en avril 2024 a poursuivi cette dynamique avec des concerts \u00e0 guichets ferm\u00e9s en Allemagne, en Autriche et en Suisse. Avec leur dernier album The Agony Flame, leur notori\u00e9t\u00e9 a encore progress\u00e9, marquant leur premi\u00e8re apparition dans les charts suisses. L\u2019album incarne une fois de plus le son typique de Takida, port\u00e9 par des refrains hymniques et accrocheurs. Le chanteur Robert Pettersson y appara\u00eet en pleine forme. Avec \u00ab The Lonliest Hour \u00bb, premier titre de l\u2019album publi\u00e9 en single en amont, le groupe a sign\u00e9 son plus grand succ\u00e8s radio \u00e0 ce jour, atteignant directement la premi\u00e8re place des charts airplay rock en Allemagne. Avec des titres forts et \u00e9motionnels comme \u00ab Your Blood Awaits You \u00bb, \u00ab Third Strike \u00bb et \u00ab On The Line \u00bb, The Agony Flame propose encore de nombreux futurs hits. Ces morceaux \u00e9l\u00e8vent les performances live d\u00e9j\u00e0 intenses de Takida \u00e0 un niveau sup\u00e9rieur. Le groupe annonce d\u00e9sormais son retour \u00e0 Pratteln au printemps 2027. Diebuehrers.com \u00e9crivait \u00e0 propos de leur dernier concert au Z7 : \u00ab D\u00e8s la premi\u00e8re note, l\u2019ambiance \u00e9tait au rendez-vous et le public a c\u00e9l\u00e9br\u00e9 sans rel\u00e2che. Sur des titres comme \u2018Master\u2019 et \u2018Losing\u2019, l\u2019enthousiasme \u00e9tait total. La voix puissante de Robert Pettersson donnait aux morceaux une intensit\u00e9 incroyable. Les fans ont savour\u00e9 le concert du d\u00e9but \u00e0 la fin. Un show qui prend aux tripes. \u00bb    <\/p>\n<h3>D\u00c9TAILS DU PACK VIP :<\/h3>\n<ul>\n<li><span style=\"color: yellow;\">1x billet standard<\/span><\/li>\n<li>Acc\u00e8s anticip\u00e9 \u00e0 la salle<\/li>\n<li>Acc\u00e8s anticip\u00e9 au stand de merchandising<\/li>\n<li>Pre-show exclusif<\/li>\n<li>Lamin\u00e9 VIP &amp; lanyard exclusifs<\/li>\n<li>Poster sign\u00e9 exclusif<\/li>\n<li>Point de retrait pratique pour le merchandising<\/li>\n<\/ul>\n<p>Heure : Merci d\u2019\u00eatre sur place \u00e0 17h45<\/p>\n<p style=\"font-size: 0.7em;\">Le merchandising VIP inclus sera remis sur place. Les articles VIP ne seront en aucun cas envoy\u00e9s par la poste. Tous les acheteurs de packs VIP seront contact\u00e9s environ une (1) semaine avant le concert avec des informations compl\u00e9mentaires concernant leur pack.<br \/>Informations relatives au pack VIP :<br \/>\nTous les acheteurs de packs VIP seront contact\u00e9s environ une (1) semaine avant le concert avec des d\u00e9tails suppl\u00e9mentaires. La tourn\u00e9e se r\u00e9serve le droit d\u2019annuler toute commande pour quelque raison que ce soit. Toutes les ventes sont d\u00e9finitives. Aucun remboursement ni \u00e9change ne sera accord\u00e9. Les packs VIP et leur contenu ne sont pas transf\u00e9rables. Le merchandising VIP sera remis le jour du concert ; des exceptions peuvent s\u2019appliquer. Le merchandising VIP et les lamin\u00e9s VIP ne donnent pas acc\u00e8s au concert. Les horaires des activit\u00e9s VIP peuvent varier selon les march\u00e9s. Les informations fournies lors de l\u2019achat (nom, adresse, e-mail, etc.) seront utilis\u00e9es pour un \u00e9ventuel contact individuel. L\u2019artiste, la tourn\u00e9e, l\u2019organisateur, les points de vente, la salle ou toute autre partie associ\u00e9e ne sont pas responsables de l\u2019exactitude des informations fournies par le client au moment de l\u2019achat. Les lamin\u00e9s VIP sont uniquement des souvenirs et ne donnent pas acc\u00e8s \u00e0 la salle, au programme VIP ni aux zones backstage.             <\/p>\n","protected":false},"excerpt":{"rendered":"<p><br data-mce-bogus=\"1\"><\/p>\n","protected":false},"author":2,"featured_media":19072,"template":"","meta":{"_acf_changed":false},"product_brand":[],"product_cat":[160],"product_tag":[135,104],"class_list":{"0":"post-18954","1":"product","2":"type-product","3":"status-publish","4":"has-post-thumbnail","6":"product_cat-event","7":"product_tag-classic-rock-fr","8":"product_tag-pop-fr","10":"first","11":"instock","12":"purchasable","13":"product-type-variable"},"acf":[],"_links":{"self":[{"href":"https:\/\/z-7.ch\/fr\/wp-json\/wp\/v2\/product\/18954","targetHints":{"allow":["GET"]}}],"collection":[{"href":"https:\/\/z-7.ch\/fr\/wp-json\/wp\/v2\/product"}],"about":[{"href":"https:\/\/z-7.ch\/fr\/wp-json\/wp\/v2\/types\/product"}],"author":[{"embeddable":true,"href":"https:\/\/z-7.ch\/fr\/wp-json\/wp\/v2\/users\/2"}],"wp:featuredmedia":[{"embeddable":true,"href":"https:\/\/z-7.ch\/fr\/wp-json\/wp\/v2\/media\/19072"}],"wp:attachment":[{"href":"https:\/\/z-7.ch\/fr\/wp-json\/wp\/v2\/media?parent=18954"}],"wp:term":[{"taxonomy":"product_brand","embeddable":true,"href":"https:\/\/z-7.ch\/fr\/wp-json\/wp\/v2\/product_brand?post=18954"},{"taxonomy":"product_cat","embeddable":true,"href":"https:\/\/z-7.ch\/fr\/wp-json\/wp\/v2\/product_cat?post=18954"},{"taxonomy":"product_tag","embeddable":true,"href":"https:\/\/z-7.ch\/fr\/wp-json\/wp\/v2\/product_tag?post=18954"}],"curies":[{"name":"wp","href":"https:\/\/api.w.org\/{rel}","templated":true}]}}