{"id":2107,"date":"2025-09-25T17:37:16","date_gmt":"2025-09-25T15:37:16","guid":{"rendered":"https:\/\/dev.gasser-webdesign.ch\/z-7.ch?post_type=product&#038;p=2107"},"modified":"2026-01-25T07:58:02","modified_gmt":"2026-01-25T06:58:02","slug":"up-in-smoke-festival-2025-sleepover-ticket","status":"publish","type":"product","link":"https:\/\/z-7.ch\/fr\/event\/up-in-smoke-festival-2025-sleepover-ticket\/","title":{"rendered":"Up In Smoke Festival 2025 &#8211; Sleepover Ticket"},"content":{"rendered":"<p>Wie jedes Jahr bieten wir dir die M\u00f6glichkeit, in der Venue zu \u00fcbernachten \u2013 wie funktioniert das? Ein paar Minuten nachdem die letzte Band gespielt hat, reinigen wir die Halle und bedecken den Boden mit einer Plane. Du bringst deinen Schlafsack und deine Isomatte mit, die wir w\u00e4hrend des Konzerttags f\u00fcr dich aufbewahren. Der Preis beinhaltet auch ein reichhaltiges Fr\u00fchst\u00fcck am n\u00e4chsten Morgen (Kaffee, Brot, K\u00e4se, Obst, Joghurt, M\u00fcsli und so weiter). Buche dir das volle Programm und geniesse die Gem\u00fctlichkeit des Up In Smoke Festivals!<\/p>\n<p>Die Sleepover-Tickets f\u00fcr nur eine \u00dcbernachtung (Fr-Sa, Sa-So oder So-Mo) sind am Festival vor Ort erh\u00e4ltlich.<\/p>\n","protected":false},"excerpt":{"rendered":"<p>Wie jedes Jahr bieten wir dir die M\u00f6glichkeit, in der Venue zu \u00fcbernachten \u2013 wie funktioniert das? Ein paar Minuten&hellip;<\/p>\n","protected":false},"author":2,"featured_media":794,"template":"","meta":{"_acf_changed":false},"product_brand":[],"product_cat":[26],"product_tag":[],"class_list":{"0":"post-2107","1":"product","2":"type-product","3":"status-publish","4":"has-post-thumbnail","6":"product_cat-event","8":"first","9":"instock","10":"virtual","11":"product-type-simple"},"acf":[],"_links":{"self":[{"href":"https:\/\/z-7.ch\/fr\/wp-json\/wp\/v2\/product\/2107","targetHints":{"allow":["GET"]}}],"collection":[{"href":"https:\/\/z-7.ch\/fr\/wp-json\/wp\/v2\/product"}],"about":[{"href":"https:\/\/z-7.ch\/fr\/wp-json\/wp\/v2\/types\/product"}],"author":[{"embeddable":true,"href":"https:\/\/z-7.ch\/fr\/wp-json\/wp\/v2\/users\/2"}],"wp:featuredmedia":[{"embeddable":true,"href":"https:\/\/z-7.ch\/fr\/wp-json\/wp\/v2\/media\/794"}],"wp:attachment":[{"href":"https:\/\/z-7.ch\/fr\/wp-json\/wp\/v2\/media?parent=2107"}],"wp:term":[{"taxonomy":"product_brand","embeddable":true,"href":"https:\/\/z-7.ch\/fr\/wp-json\/wp\/v2\/product_brand?post=2107"},{"taxonomy":"product_cat","embeddable":true,"href":"https:\/\/z-7.ch\/fr\/wp-json\/wp\/v2\/product_cat?post=2107"},{"taxonomy":"product_tag","embeddable":true,"href":"https:\/\/z-7.ch\/fr\/wp-json\/wp\/v2\/product_tag?post=2107"}],"curies":[{"name":"wp","href":"https:\/\/api.w.org\/{rel}","templated":true}]}}