{"id":22597,"date":"2026-04-13T12:55:26","date_gmt":"2026-04-13T10:55:26","guid":{"rendered":"https:\/\/z-7.ch\/?post_type=product&#038;p=22597"},"modified":"2026-04-13T13:24:56","modified_gmt":"2026-04-13T11:24:56","slug":"soen","status":"publish","type":"product","link":"https:\/\/z-7.ch\/fr\/event\/soen\/","title":{"rendered":"Soen"},"content":{"rendered":"<h3>AURORES BOR\u00c9ALES DU PROG METAL<\/h3>\n<p><strong>Men\u00e9 par Joel Ekel\u00f6f (chant) et Martin Lopez (batterie), le groupe su\u00e9dois de prog metal Soen revient \u00e0 Pratteln avec son nouvel album Reliance (2026), pr\u00eat \u00e0 replonger avec les fans suisses dans des univers sonores charg\u00e9s d\u2019\u00e9motion et \u00e0 entreprendre un voyage saisissant \u00e0 travers des paysages musicaux fascinants.<\/strong><\/p>\n<p>Soen, v\u00e9ritable puissance du metal progressif su\u00e9dois, explore sans cesse de nouvelles voies musicales entre lumi\u00e8re et obscurit\u00e9, intensit\u00e9 et retenue, lourdeur et l\u00e9g\u00e8ret\u00e9 apaisante. \u00c0 travers un voyage au c\u0153ur des \u00e9motions humaines, le groupe explore une nouvelle fois l\u2019esprit, le c\u0153ur et l\u2019\u00e2me sur son septi\u00e8me album studio Reliance. Le tout fa\u00e7onn\u00e9 avec une pr\u00e9cision visionnaire et une touche de duret\u00e9 suppl\u00e9mentaire. Aux c\u00f4t\u00e9s d\u2019Ekel\u00f6f et Lopez, Lars Enok \u00c5hlund (claviers &amp; guitare), Cody Lee Ford (guitare) et Stefan Stenberg (basse) portent l\u2019\u00e9volution constante du son de Soen vers de nouveaux sommets. Le titre \u00ab Primal \u00bb en est un exemple frappant : un cri puissant, port\u00e9 par la voix exceptionnelle d\u2019Ekel\u00f6f, d\u00e9crivant le combat existentiel entre l\u2019esprit humain et le monde moderne. \u00ab Axis \u00bb offre un regard d\u00e9termin\u00e9 et d\u00e9fiant sur l\u2019\u00e9tat de l\u2019humanit\u00e9, propuls\u00e9 par la batterie implacable mais groovante de Lopez. Puis vient l\u2019\u00e9l\u00e9gance apais\u00e9e de \u00ab Indifferent \u00bb, une complainte moderne magnifiquement orchestr\u00e9e sur la perte de l\u2019amour, port\u00e9e par les cordes, le piano et, une fois encore, la voix remarquable d\u2019Ekel\u00f6f. Comme ses pr\u00e9d\u00e9cesseurs Imperial (2021) et Memorial (2023), Reliance s\u2019est impos\u00e9 en t\u00eate du soundcheck de Metal Hammer et a \u00e9t\u00e9 \u00e9lu \u00ab Album du mois \u00bb : \u00ab D\u2019une certaine mani\u00e8re, ces prodiges su\u00e9dois du prog metal parviennent \u00e0 combiner l\u2019esth\u00e9tique et l\u2019ambition de Opeth avec un sens incroyable des m\u00e9lodies et une \u00e9motion musicale pure, rivalisant avec les meilleurs moments de Katatonia \u00bb, \u00e9crit le critique. \u00ab Il en r\u00e9sulte des aurores bor\u00e9ales du prog metal, lumineuses et \u00e9mouvantes, qui d\u00e9passent la musique elle-m\u00eame. \u00bb Ekel\u00f6f prouve une fois de plus qu\u2019il est l\u2019un des meilleurs chanteurs du genre, tandis que les instrumentistes ne sont en rien en reste. Que cette qualit\u00e9 se confirme parfaitement sur sc\u00e8ne, Diebuehrers.com a pu le constater lors du dernier concert \u00e0 Pratteln en 2024 : \u00ab Apr\u00e8s pr\u00e8s de 90 minutes et deux rappels, lorsque Soen a quitt\u00e9 la sc\u00e8ne, personne ne voulait vraiment partir. La salle bouillonnait d\u2019enthousiasme et le groupe a \u00e9t\u00e9 c\u00e9l\u00e9br\u00e9 comme il se doit. Une fois de plus, Soen a prouv\u00e9 pourquoi il est l\u2019un des groupes de prog metal les plus remarquables de notre \u00e9poque. \u00bb    <\/p>\n","protected":false},"excerpt":{"rendered":"<p>AURORES BOR\u00c9ALES DU PROG METAL Men\u00e9 par Joel Ekel\u00f6f (chant) et Martin Lopez (batterie), le groupe su\u00e9dois de prog metal&hellip;<\/p>\n","protected":false},"author":2,"featured_media":22198,"template":"","meta":{"_acf_changed":false},"product_brand":[],"product_cat":[160],"product_tag":[136,162],"class_list":{"0":"post-22597","1":"product","2":"type-product","3":"status-publish","4":"has-post-thumbnail","6":"product_cat-event","7":"product_tag-prog-fr","8":"product_tag-prog-metal","10":"first","11":"instock","12":"virtual","13":"product-type-simple"},"acf":[],"_links":{"self":[{"href":"https:\/\/z-7.ch\/fr\/wp-json\/wp\/v2\/product\/22597","targetHints":{"allow":["GET"]}}],"collection":[{"href":"https:\/\/z-7.ch\/fr\/wp-json\/wp\/v2\/product"}],"about":[{"href":"https:\/\/z-7.ch\/fr\/wp-json\/wp\/v2\/types\/product"}],"author":[{"embeddable":true,"href":"https:\/\/z-7.ch\/fr\/wp-json\/wp\/v2\/users\/2"}],"wp:featuredmedia":[{"embeddable":true,"href":"https:\/\/z-7.ch\/fr\/wp-json\/wp\/v2\/media\/22198"}],"wp:attachment":[{"href":"https:\/\/z-7.ch\/fr\/wp-json\/wp\/v2\/media?parent=22597"}],"wp:term":[{"taxonomy":"product_brand","embeddable":true,"href":"https:\/\/z-7.ch\/fr\/wp-json\/wp\/v2\/product_brand?post=22597"},{"taxonomy":"product_cat","embeddable":true,"href":"https:\/\/z-7.ch\/fr\/wp-json\/wp\/v2\/product_cat?post=22597"},{"taxonomy":"product_tag","embeddable":true,"href":"https:\/\/z-7.ch\/fr\/wp-json\/wp\/v2\/product_tag?post=22597"}],"curies":[{"name":"wp","href":"https:\/\/api.w.org\/{rel}","templated":true}]}}