{"id":23396,"date":"2026-04-15T09:55:30","date_gmt":"2026-04-15T07:55:30","guid":{"rendered":"https:\/\/z-7.ch\/?post_type=product&#038;p=23396"},"modified":"2026-04-15T10:07:12","modified_gmt":"2026-04-15T08:07:12","slug":"the-halo-effect","status":"publish","type":"product","link":"https:\/\/z-7.ch\/fr\/event\/the-halo-effect\/","title":{"rendered":"The Halo Effect"},"content":{"rendered":"<h3>L\u2019\u00c9COLE DE G\u00d6TEBORG REVISIT\u00c9E<\/h3>\n<p><strong>Les all-stars su\u00e9dois du melodic death metal The Halo Effect ont fortement marqu\u00e9 la sc\u00e8ne avec leurs albums Days Of The Lost (2022) et March Of The Unheard (2025). Ils arrivent d\u00e9sormais au Z7 en t\u00eate d\u2019affiche d\u2019un plateau de haut niveau. En invit\u00e9s sp\u00e9ciaux, ils seront accompagn\u00e9s du groupe italien de heavy goth alternative metal Lacuna Coil et de la formation finlandaise de melodeath Omnium Gatherum.  <\/strong><\/p>\n<p>Lanc\u00e9 en 2019 comme un projet entre amis, The Halo Effect est devenu en tr\u00e8s peu de temps l\u2019un des groupes les plus populaires de la sc\u00e8ne melodic death metal. Avant de former le quintette, les musiciens \u00e9voluaient d\u00e9j\u00e0 au sein de groupes reconnus comme In Flames et Dark Tranquillity, jouant un r\u00f4le cl\u00e9 dans l\u2019\u00e9mergence de la l\u00e9gendaire sc\u00e8ne de G\u00f6teborg dans les ann\u00e9es 90. Avec The Halo Effect, ils n\u2019ont pas cherch\u00e9 \u00e0 r\u00e9inventer le genre. Comme l\u2019explique le chanteur Mikael Stanne : \u00ab Nous ne voulions rien inventer de nouveau. Nous voulions simplement exploiter nos propres forces et cr\u00e9er une musique qui fait du bien. \u00bb De cette d\u00e9marche est n\u00e9 le single \u00ab Shadowminds \u00bb en 2021, rapidement propuls\u00e9 \u00e0 des millions d\u2019\u00e9coutes. Leur premier album Days Of The Lost est sorti en 2022, obtenant une nomination aux Grammy su\u00e9dois et \u00e9tant d\u00e9fendu en tourn\u00e9e avec des groupes comme Machine Head, Amon Amarth et Meshuggah. En 2024, ils remportent \u00e9galement le Metal Hammer Award dans la cat\u00e9gorie \u00ab Rising Stars \u00bb. L\u2019ascension de ce supergroupe a \u00e9t\u00e9 fulgurante. \u00ab Ce que j\u2019aimais dans notre premier album, c\u2019est que tout redevenait nouveau \u00bb, explique Stanne, qui avait auparavant pass\u00e9 de nombreuses ann\u00e9es au sein de Dark Tranquillity. \u00ab Nous ne savions pas vraiment ce que nous voulions faire. C\u2019\u00e9tait simplement un \u00e9norme plaisir. Mais soudain, il faut donner une suite \u00e0 un album \u00e9lu album de l\u2019ann\u00e9e par le plus grand magazine sp\u00e9cialis\u00e9 en Su\u00e8de. On se demande alors : comment faire ? \u00bb La r\u00e9ponse a \u00e9t\u00e9 trouv\u00e9e rapidement : rester fid\u00e8les \u00e0 leurs racines tout en \u00e9largissant leur vision. Le r\u00e9sultat est March Of The Unheard, une suite triomphale qui contient tout ce qui avait permis au premier album de percer rapidement. Des titres comme \u00ab Detonate \u00bb et \u00ab What We Become \u00bb portent toutes les caract\u00e9ristiques du son de G\u00f6teborg, avec des riffs tranchants, une batterie \u00e9nergique et des refrains f\u00e9d\u00e9rateurs qui ont marqu\u00e9 des g\u00e9n\u00e9rations de fans de metal. D\u2019autres moments forts s\u2019appuient sur ces bases et vont encore plus loin. \u00ab Between Directions \u00bb ajoute par exemple des cordes orchestrales qui s\u2019int\u00e8grent parfaitement au r\u00e9pertoire dynamique du groupe. Des synth\u00e9tiseurs progressifs ouvrent \u00ab Conspire To Deceive \u00bb, \u00ab Our Channel To The Darkness \u00bb \u00e9volue de guitares acoustiques introspectives vers une temp\u00eate metal, et l\u2019instrumental \u00ab Coda \u00bb cl\u00f4t l\u2019album sur une note chorale et symphonique. March Of The Unheard n\u2019est pas seulement un nouveau chef-d\u2019\u0153uvre du melodeath de G\u00f6teborg : il prouve que, 30 ans apr\u00e8s l\u2019essor du genre, ces musiciens d\u00e9bordent toujours d\u2019id\u00e9es pour faire \u00e9voluer cette musique.                <\/p>\n","protected":false},"excerpt":{"rendered":"<p>L\u2019\u00c9COLE DE G\u00d6TEBORG REVISIT\u00c9E Les all-stars su\u00e9dois du melodic death metal The Halo Effect ont fortement marqu\u00e9 la sc\u00e8ne avec&hellip;<\/p>\n","protected":false},"author":2,"featured_media":23376,"template":"","meta":{"_acf_changed":false},"product_brand":[],"product_cat":[160],"product_tag":[164],"class_list":{"0":"post-23396","1":"product","2":"type-product","3":"status-publish","4":"has-post-thumbnail","6":"product_cat-event","7":"product_tag-black-death-metal","9":"first","10":"instock","11":"virtual","12":"product-type-simple"},"acf":[],"_links":{"self":[{"href":"https:\/\/z-7.ch\/fr\/wp-json\/wp\/v2\/product\/23396","targetHints":{"allow":["GET"]}}],"collection":[{"href":"https:\/\/z-7.ch\/fr\/wp-json\/wp\/v2\/product"}],"about":[{"href":"https:\/\/z-7.ch\/fr\/wp-json\/wp\/v2\/types\/product"}],"author":[{"embeddable":true,"href":"https:\/\/z-7.ch\/fr\/wp-json\/wp\/v2\/users\/2"}],"wp:featuredmedia":[{"embeddable":true,"href":"https:\/\/z-7.ch\/fr\/wp-json\/wp\/v2\/media\/23376"}],"wp:attachment":[{"href":"https:\/\/z-7.ch\/fr\/wp-json\/wp\/v2\/media?parent=23396"}],"wp:term":[{"taxonomy":"product_brand","embeddable":true,"href":"https:\/\/z-7.ch\/fr\/wp-json\/wp\/v2\/product_brand?post=23396"},{"taxonomy":"product_cat","embeddable":true,"href":"https:\/\/z-7.ch\/fr\/wp-json\/wp\/v2\/product_cat?post=23396"},{"taxonomy":"product_tag","embeddable":true,"href":"https:\/\/z-7.ch\/fr\/wp-json\/wp\/v2\/product_tag?post=23396"}],"curies":[{"name":"wp","href":"https:\/\/api.w.org\/{rel}","templated":true}]}}