{"id":23429,"date":"2026-04-15T11:55:37","date_gmt":"2026-04-15T09:55:37","guid":{"rendered":"https:\/\/z-7.ch\/?post_type=product&p=23429"},"modified":"2026-04-15T11:55:37","modified_gmt":"2026-04-15T09:55:37","slug":"axel-rudi-pell","status":"publish","type":"product","link":"https:\/\/z-7.ch\/fr\/event\/axel-rudi-pell\/","title":{"rendered":"Axel Rudi Pell"},"content":{"rendered":"<h3>MAGIE DE LA GUITARE AU STATUT CULTE<\/h3>\n<p><strong>Depuis plus de trois d\u00e9cennies, Axel Rudi Pell incarne un hard rock m\u00e9lodique \u00e0 la signature inimitable. Avec son album actuel Ghost Town et un groupe parfaitement rod\u00e9, le guitariste allemand fait \u00e9tape au Z7 dans le cadre de sa grande tourn\u00e9e 2026, apportant \u00e0 Pratteln de nouveaux titres ainsi que des classiques intemporels. <\/strong><\/p>\n<p>La musique de Axel Rudi Pell n\u2019a besoin ni de longues explications ni d\u2019\u00e9tiquettes stylistiques \u2013 elle fonctionne imm\u00e9diatement. Des riffs puissants rencontrent des m\u00e9lodies accrocheuses, port\u00e9s par un groupe parfaitement soud\u00e9. Avec le chanteur Johnny Gioeli, l\u2019ancien batteur de Rainbow Bobby Rondinelli, le bassiste Volker Krawczak et le clavi\u00e9riste Ferdy Doernberg, il s\u2019appuie sur un line-up synonyme de qualit\u00e9 et de constance depuis des ann\u00e9es. Malgr\u00e9 cette ligne musicale claire, Pell parvient toujours \u00e0 surprendre avec de nouvelles id\u00e9es et des d\u00e9tails raffin\u00e9s qui maintiennent son son vivant. Son album actuel Ghost Town s\u2019inscrit parfaitement dans cette trajectoire, enrichissant son impressionnant catalogue de onze nouveaux titres. Lors de la tourn\u00e9e 2026, il les pr\u00e9sentera pour la premi\u00e8re fois sur sc\u00e8ne, en les combinant avec des moments forts choisis de sa longue carri\u00e8re \u2013 une soir\u00e9e id\u00e9ale pour tous ceux qui veulent vivre le hard rock classique dans toute sa splendeur.     <\/p>\n","protected":false},"excerpt":{"rendered":"<p>MAGIE DE LA GUITARE AU STATUT CULTE Depuis plus de trois d\u00e9cennies, Axel Rudi Pell incarne un hard rock m\u00e9lodique&hellip;<\/p>\n","protected":false},"author":2,"featured_media":23410,"template":"","meta":{"_acf_changed":false},"product_brand":[],"product_cat":[160],"product_tag":[135,182,105,103],"class_list":{"0":"post-23429","1":"product","2":"type-product","3":"status-publish","4":"has-post-thumbnail","6":"product_cat-event","7":"product_tag-classic-rock-fr","8":"product_tag-guitar","9":"product_tag-hard-rock-fr","10":"product_tag-heavy-metal-fr","12":"first","13":"instock","14":"virtual","15":"purchasable","16":"product-type-simple"},"acf":[],"_links":{"self":[{"href":"https:\/\/z-7.ch\/fr\/wp-json\/wp\/v2\/product\/23429","targetHints":{"allow":["GET"]}}],"collection":[{"href":"https:\/\/z-7.ch\/fr\/wp-json\/wp\/v2\/product"}],"about":[{"href":"https:\/\/z-7.ch\/fr\/wp-json\/wp\/v2\/types\/product"}],"author":[{"embeddable":true,"href":"https:\/\/z-7.ch\/fr\/wp-json\/wp\/v2\/users\/2"}],"wp:featuredmedia":[{"embeddable":true,"href":"https:\/\/z-7.ch\/fr\/wp-json\/wp\/v2\/media\/23410"}],"wp:attachment":[{"href":"https:\/\/z-7.ch\/fr\/wp-json\/wp\/v2\/media?parent=23429"}],"wp:term":[{"taxonomy":"product_brand","embeddable":true,"href":"https:\/\/z-7.ch\/fr\/wp-json\/wp\/v2\/product_brand?post=23429"},{"taxonomy":"product_cat","embeddable":true,"href":"https:\/\/z-7.ch\/fr\/wp-json\/wp\/v2\/product_cat?post=23429"},{"taxonomy":"product_tag","embeddable":true,"href":"https:\/\/z-7.ch\/fr\/wp-json\/wp\/v2\/product_tag?post=23429"}],"curies":[{"name":"wp","href":"https:\/\/api.w.org\/{rel}","templated":true}]}}