{"id":25037,"date":"2026-04-22T10:55:08","date_gmt":"2026-04-22T08:55:08","guid":{"rendered":"https:\/\/z-7.ch\/?post_type=product&p=25037"},"modified":"2026-04-22T10:55:08","modified_gmt":"2026-04-22T08:55:08","slug":"erra-currents","status":"publish","type":"product","link":"https:\/\/z-7.ch\/fr\/event\/erra-currents\/","title":{"rendered":"Erra + Currents"},"content":{"rendered":"<h3>METALCORE MANIA<\/h3>\n<p><strong>En novembre, nous pr\u00e9sentons le package metalcore le plus massif de l\u2019ann\u00e9e 2026. \u00c0 la t\u00eate de cette tourn\u00e9e implacable se trouvent les g\u00e9ants de la sc\u00e8ne ERRA, qui franchissent une nouvelle \u00e9tape dans leur carri\u00e8re avec leur nouvel album Silence Outlives The Earth. En support, Currents, Caskets et Aviana promettent une avalanche de sensations metalcore.  <\/strong><\/p>\n<p>Fond\u00e9 en 2009 \u00e0 Birmingham, Alabama, ERRA s\u2019est enti\u00e8rement consacr\u00e9 au metalcore progressif. Gr\u00e2ce \u00e0 un m\u00e9lange subtil de puissance, d\u2019atmosph\u00e8re et de m\u00e9lancolie cosmique, le groupe s\u2019est impos\u00e9 comme une valeur s\u00fbre du genre. Travail de guitare technique, nappes atmosph\u00e9riques et alternance entre screams agressifs et chant clair d\u00e9finissent leur style. \u00c0 l\u2019\u00e9t\u00e9 2025, ERRA a d\u00e9voil\u00e9 un premier aper\u00e7u de son septi\u00e8me album avec \u00ab Gore Of Being \u00bb. Une semaine plus tard, le groupe encha\u00eenait avec \u00ab Echo Sonata \u00bb, offrant un nouvel aper\u00e7u de l\u2019\u00e9volution de son son. Le guitariste et chanteur Jesse Cash explique : \u00ab \u201cEcho Sonata\u201d donne l\u2019impression d\u2019un retour aux sources pour le groupe. Le morceau rappelle l\u2019esprit de notre album Drift de 2016 \u2013 ce n\u2019\u00e9tait pas intentionnel, mais nos proches l\u2019ont imm\u00e9diatement remarqu\u00e9. Il repr\u00e9sente le type de m\u00e9lodie et d\u2019\u00e9motion que nous recherchons avec ce nouvel album. \u00bb En janvier, le troisi\u00e8me single \u00ab Further Eden \u00bb est sorti, accompagn\u00e9 de l\u2019annonce de Silence Outlives The Earth, pr\u00e9vu pour le 6 mars 2026. \u00ab Further Eden \u00bb apporte une nouvelle \u00e9nergie. Cash pr\u00e9cise : \u00ab C\u2019est un morceau que Clint Tustin a commenc\u00e9 et que nous avons d\u00e9velopp\u00e9 ensemble en studio. Son approche pentatonique lui donne une \u00e9nergie plus l\u00e9g\u00e8re que d\u2019habitude et constitue une nouvelle forme d\u2019expression pour le groupe. \u00bb La formation actuelle d\u2019ERRA comprend Joseph Thomas Cavey (chant), Jesse Cash (guitare, chant clair), Alex Ballew (batterie), Conor Hesse (basse) et Clint Tustin (guitare). Avec Silence Outlives The Earth, le groupe livre un album qui s\u2019appuie sur ses forces tout en mettant davantage l\u2019accent sur l\u2019atmosph\u00e8re et l\u2019espace. Le son reste technique, mais les morceaux se montrent plus ouverts et parfois plus introspectifs. Au lieu de miser uniquement sur la brutalit\u00e9, l\u2019album laisse place \u00e0 la m\u00e9lodie et \u00e0 l\u2019ambiance. Un nouveau chef-d\u2019\u0153uvre pour les amateurs de metalcore moderne aux influences progressives.              <\/p>\n<p><strong>CURRENTS :<\/strong> Le groupe metalcore\/djent Currents, originaire du Connecticut, est connu pour son son sombre et atmosph\u00e9rique m\u00ealant breakdowns massifs, riffs \u00e9crasants, guitares djent et passages m\u00e9lodiques \u2013 souvent d\u00e9crit comme un \u00ab m\u00e9lange sauvage de Born of Osiris, Fallujah et Make Them Suffer \u00bb. L\u2019alternance entre chant clair et screams du chanteur Brian Wille est \u00e9galement une signature du groupe, qui a d\u00e9j\u00e0 tourn\u00e9 avec des formations majeures comme August Burns Red, Parkway Drive ou Fit For A King. Currents se distinguent par des performances live intenses et des textes honn\u00eates, souvent teint\u00e9s d\u2019existentialisme. En janvier 2026, ils ont sorti leur nouvel EP All That Follows. \u00ab Ce sont certains de nos morceaux pr\u00e9f\u00e9r\u00e9s \u00e0 ce jour et le d\u00e9but d\u2019un nouveau chapitre pour nous. Nous avons suivi notre instinct et ce que nous voulions vraiment. Ces chansons sont un exercice d\u2019ind\u00e9pendance, d\u2019exp\u00e9rimentation et de collaboration \u00e0 un niveau in\u00e9dit pour nous \u00bb, explique Brian Wille. \u00ab Nous y explorons la d\u00e9sillusion, l\u2019in\u00e9galit\u00e9, la trahison et l\u2019ambigu\u00eft\u00e9 de la vie. Ce monde peut \u00eatre \u00e0 la fois merveilleux et terrible. Quelles que soient ces exp\u00e9riences, nous les transformons en musique. M\u00eame si le r\u00e9sultat n\u2019est pas toujours joyeux, c\u2019est toujours une exp\u00e9rience positive et lib\u00e9ratrice de le partager avec vous. \u00bb    <\/p>\n<p><strong>CASKETS : <\/strong>La ville anglaise de Leeds est le berceau de Caskets, qui, depuis leur formation en 2018, ont d\u00e9j\u00e0 marqu\u00e9 la sc\u00e8ne post-hardcore avec trois albums. Leur musique, m\u00ealant habilement m\u00e9lodie et puissance, accessibilit\u00e9 et ampleur \u00e9pique, ainsi qu\u2019alternative metal et post-hardcore, est taill\u00e9e pour les grandes sc\u00e8nes. Apr\u00e8s une tourn\u00e9e \u00e0 guichets ferm\u00e9s en Europe et au Royaume-Uni d\u00e9but 2025, suivie d\u2019une tourn\u00e9e am\u00e9ricaine en premi\u00e8re partie de Memphis May Fire, Caskets reviennent avec onze nouveaux titres riches en riffs percutants et en m\u00e9lodies a\u00e9riennes. Cet album repr\u00e9sente une \u00e9volution naturelle du son du groupe et t\u00e9moigne de sa maturit\u00e9 artistique. Apr\u00e8s le d\u00e9part du membre fondateur Christopher McIntosh, The Only Heaven You&rsquo;ll Know a \u00e9t\u00e9 enregistr\u00e9 pour la premi\u00e8re fois en formation r\u00e9duite \u00e0 quatre : Matt Flood (chant), Benji Wilson (guitare), Craig Robinson (guitare) et James Lazenby (batterie). Le r\u00e9sultat est convaincant. Morecore.de \u00e9crit : \u00ab La production de The Only Heaven You\u2019ll Know sonne r\u00e9solument metalcore version 2025 : voix massives, guitares puissantes et couches de synth\u00e9s cin\u00e9matographiques. Techniquement irr\u00e9prochable. \u00bb      <\/p>\n<p><strong>AVIANA : <\/strong>Originaires de G\u00f6teborg, Aviana se sont impos\u00e9s comme l\u2019un des groupes de metalcore les plus lourds et innovants d\u2019Europe. En 2022, ils ont sorti Corporation, un album m\u00ealant paysages sonores cin\u00e9matographiques, riffs brutaux et \u00e9motions brutes, marquant une phase plus sombre et ambitieuse. Des changements de formation ont transform\u00e9 le projet en une vision cr\u00e9ative port\u00e9e par le chanteur Joel Holmqvist, accompagn\u00e9 sur sc\u00e8ne par un collectif masqu\u00e9 dont l\u2019identit\u00e9 reste secr\u00e8te. Avec des singles comme \u00ab Delirium \u00bb, \u00ab Father \u00bb, \u00ab Storm \u00bb, \u00ab Ablaze \u00bb et \u00ab Evermore \u00bb, le groupe a pos\u00e9 les bases de son prochain album, poursuivant son \u00e9nergie intense et atmosph\u00e9rique. Avec Void, Aviana franchissent une nouvelle \u00e9tape en d\u00e9passant les fronti\u00e8res du genre et en consolidant leur place parmi les poids lourds du metalcore moderne. Le magazine Metalcore.de \u00e9crit : \u00ab L\u2019album d\u00e9borde d\u2019une \u00e9nergie implacable, port\u00e9e par un m\u00e9lange magistral de cris sauvages, de chant clair poignant et d\u2019une instrumentation tranchante. D\u00e8s les premi\u00e8res notes, il appara\u00eet comme une d\u00e9claration sans compromis, m\u00ealant brutalit\u00e9 extr\u00eame et profondeur harmonique surprenante. \u00bb Avec Void, Aviana signent un album marquant qui s\u00e9duira bien au-del\u00e0 des fans les plus fid\u00e8les.        <\/p>\n","protected":false},"excerpt":{"rendered":"<p>METALCORE MANIA En novembre, nous pr\u00e9sentons le package metalcore le plus massif de l\u2019ann\u00e9e 2026. \u00c0 la t\u00eate de cette&hellip;<\/p>\n","protected":false},"author":2,"featured_media":23714,"template":"","meta":{"_acf_changed":false},"product_brand":[],"product_cat":[160],"product_tag":[209,162],"class_list":{"0":"post-25037","1":"product","2":"type-product","3":"status-publish","4":"has-post-thumbnail","6":"product_cat-event","7":"product_tag-metalcore","8":"product_tag-prog-metal","10":"first","11":"instock","12":"virtual","13":"product-type-simple"},"acf":[],"_links":{"self":[{"href":"https:\/\/z-7.ch\/fr\/wp-json\/wp\/v2\/product\/25037","targetHints":{"allow":["GET"]}}],"collection":[{"href":"https:\/\/z-7.ch\/fr\/wp-json\/wp\/v2\/product"}],"about":[{"href":"https:\/\/z-7.ch\/fr\/wp-json\/wp\/v2\/types\/product"}],"author":[{"embeddable":true,"href":"https:\/\/z-7.ch\/fr\/wp-json\/wp\/v2\/users\/2"}],"wp:featuredmedia":[{"embeddable":true,"href":"https:\/\/z-7.ch\/fr\/wp-json\/wp\/v2\/media\/23714"}],"wp:attachment":[{"href":"https:\/\/z-7.ch\/fr\/wp-json\/wp\/v2\/media?parent=25037"}],"wp:term":[{"taxonomy":"product_brand","embeddable":true,"href":"https:\/\/z-7.ch\/fr\/wp-json\/wp\/v2\/product_brand?post=25037"},{"taxonomy":"product_cat","embeddable":true,"href":"https:\/\/z-7.ch\/fr\/wp-json\/wp\/v2\/product_cat?post=25037"},{"taxonomy":"product_tag","embeddable":true,"href":"https:\/\/z-7.ch\/fr\/wp-json\/wp\/v2\/product_tag?post=25037"}],"curies":[{"name":"wp","href":"https:\/\/api.w.org\/{rel}","templated":true}]}}