{"id":25581,"date":"2026-04-28T14:55:19","date_gmt":"2026-04-28T12:55:19","guid":{"rendered":"https:\/\/z-7.ch\/?post_type=product&p=25581"},"modified":"2026-04-28T14:55:19","modified_gmt":"2026-04-28T12:55:19","slug":"u-d-o","status":"publish","type":"product","link":"https:\/\/z-7.ch\/fr\/event\/u-d-o\/","title":{"rendered":"U.D.O."},"content":{"rendered":"<h3>UDO EN MODE F\u00caTE<\/h3>\n<p><strong>Udo Dirkschneider c\u00e9l\u00e8bre un triple anniversaire en 2027 ! 75 \u2013 40 \u2013 20 : telle est la formule magique. La l\u00e9gende allemande du metal f\u00eate ses 75 ans, son groupe U.D.O. ses 40 ans, et sort \u00e0 cette occasion son 20e album. Avec la Three Times Anniversary Tour, U.D.O. viendront \u00e0 Pratteln en janvier pour faire la f\u00eate avec les fans suisses. <\/strong><\/p>\n<p>\u00c0 l\u2019origine, Udo Dirkschneider devait suivre les traces de son p\u00e8re et reprendre l\u2019usine familiale d\u2019outillage \u00e0 Wuppertal. Mais son engagement musical prenant de plus en plus d\u2019ampleur, il a d\u00fb faire un choix tr\u00e8s t\u00f4t : \u00ab reprendre l\u2019entreprise ou sombrer dans la folie \u2013 j\u2019ai donc choisi la folie \u00bb. Pour le plus grand bonheur des fans de metal. Avec ses groupes Accept, U.D.O. et Dirkschneider, le chanteur a marqu\u00e9 l\u2019histoire de la musique au cours des cinq derni\u00e8res d\u00e9cennies et est devenu l\u2019incarnation du frontman du metal teutonique. Depuis les ann\u00e9es 80, sa voix caract\u00e9ristique a fa\u00e7onn\u00e9 d\u2019innombrables classiques du metal. Udo est une v\u00e9ritable ic\u00f4ne du genre, qui continue de red\u00e9finir son h\u00e9ritage. L\u2019ann\u00e9e 2027 s\u2019annonce exceptionnelle : le 6 avril, il f\u00eatera ses 75 ans. Et il se fait le plus beau des cadeaux en sortant, avec U.D.O., leur 20e album studio juste \u00e0 temps pour le d\u00e9but de la tourn\u00e9e. La tourn\u00e9e anniversaire Three Times Anniversary m\u00e8nera une nouvelle fois Udo et ses musiciens au Z7 en janvier. Une chose est s\u00fbre : lorsque Dirkschneider monte sur sc\u00e8ne, c\u2019est hymnique, brutal et d\u2019une authenticit\u00e9 totale. \u00c0 propos du dernier concert de U.D.O. avec l\u2019album class\u00e9 dans le Top 10 Touchdown, Tinu de Metal Factory \u00e9crivait : \u00ab Ils sont arriv\u00e9s, ont jou\u00e9 et ont litt\u00e9ralement d\u00e9moli la salle. Une soir\u00e9e exceptionnelle d\u2019un groupe v\u00e9t\u00e9ran qui a encore \u00e9norm\u00e9ment \u00e0 dire dans le metal. \u00bb            <\/p>\n","protected":false},"excerpt":{"rendered":"<p>UDO EN MODE F\u00caTE Udo Dirkschneider c\u00e9l\u00e8bre un triple anniversaire en 2027 ! 75 \u2013 40 \u2013 20 : telle&hellip;<\/p>\n","protected":false},"author":2,"featured_media":25569,"template":"","meta":{"_acf_changed":false},"product_brand":[],"product_cat":[160],"product_tag":[105,103],"class_list":{"0":"post-25581","1":"product","2":"type-product","3":"status-publish","4":"has-post-thumbnail","6":"product_cat-event","7":"product_tag-hard-rock-fr","8":"product_tag-heavy-metal-fr","10":"first","11":"instock","12":"virtual","13":"purchasable","14":"product-type-simple"},"acf":[],"_links":{"self":[{"href":"https:\/\/z-7.ch\/fr\/wp-json\/wp\/v2\/product\/25581","targetHints":{"allow":["GET"]}}],"collection":[{"href":"https:\/\/z-7.ch\/fr\/wp-json\/wp\/v2\/product"}],"about":[{"href":"https:\/\/z-7.ch\/fr\/wp-json\/wp\/v2\/types\/product"}],"author":[{"embeddable":true,"href":"https:\/\/z-7.ch\/fr\/wp-json\/wp\/v2\/users\/2"}],"wp:featuredmedia":[{"embeddable":true,"href":"https:\/\/z-7.ch\/fr\/wp-json\/wp\/v2\/media\/25569"}],"wp:attachment":[{"href":"https:\/\/z-7.ch\/fr\/wp-json\/wp\/v2\/media?parent=25581"}],"wp:term":[{"taxonomy":"product_brand","embeddable":true,"href":"https:\/\/z-7.ch\/fr\/wp-json\/wp\/v2\/product_brand?post=25581"},{"taxonomy":"product_cat","embeddable":true,"href":"https:\/\/z-7.ch\/fr\/wp-json\/wp\/v2\/product_cat?post=25581"},{"taxonomy":"product_tag","embeddable":true,"href":"https:\/\/z-7.ch\/fr\/wp-json\/wp\/v2\/product_tag?post=25581"}],"curies":[{"name":"wp","href":"https:\/\/api.w.org\/{rel}","templated":true}]}}