{"id":26175,"date":"2026-04-27T11:55:11","date_gmt":"2026-04-27T09:55:11","guid":{"rendered":"https:\/\/z-7.ch\/?post_type=product&p=26175"},"modified":"2026-04-27T11:55:11","modified_gmt":"2026-04-27T09:55:11","slug":"megawatt-2","status":"publish","type":"product","link":"https:\/\/z-7.ch\/fr\/event\/megawatt-2\/","title":{"rendered":"Megawatt"},"content":{"rendered":"<h3>TOURN\u00c9E MEGAWATT \u00ab F\u00dcR IMMER LIVE \u00bb 2027<\/h3>\n<p>Megawatt part en tourn\u00e9e pour la plus grande de son histoire \u2013 F\u00fcr immer LIVE ! Des salles plus grandes, plus de puissance, plus de hits. Le nouvel album F\u00fcr immer sortira en 2027 et marquera le d\u00e9but d\u2019un nouveau chapitre.  <\/p>\n<p>Attends-toi \u00e0 de nouveaux titres ainsi qu\u2019\u00e0 des hits comme \u00ab Heimatgef\u00fchl \u00bb, \u00ab 80er Jahr \u00bb et \u00ab Brich mir mis Herz \u00bb \u2013 bien plus qu\u2019un concert : une soir\u00e9e pleine d\u2019\u00e9nergie, d\u2019\u00e9motions et de communion.<\/p>\n<p>Une tourn\u00e9e qui rassemble tout et qui montre : Megawatt, c\u2019est \u00ab f\u00fcr immer \u00bb.<\/p>\n","protected":false},"excerpt":{"rendered":"<p>TOURN\u00c9E MEGAWATT \u00ab F\u00dcR IMMER LIVE \u00bb 2027 Megawatt part en tourn\u00e9e pour la plus grande de son histoire \u2013&hellip;<\/p>\n","protected":false},"author":2,"featured_media":25641,"template":"","meta":{"_acf_changed":false},"product_brand":[],"product_cat":[160],"product_tag":[105,177,104],"class_list":{"0":"post-26175","1":"product","2":"type-product","3":"status-publish","4":"has-post-thumbnail","6":"product_cat-event","7":"product_tag-hard-rock-fr","8":"product_tag-mundart","9":"product_tag-pop-fr","11":"first","12":"instock","13":"virtual","14":"product-type-simple"},"acf":[],"_links":{"self":[{"href":"https:\/\/z-7.ch\/fr\/wp-json\/wp\/v2\/product\/26175","targetHints":{"allow":["GET"]}}],"collection":[{"href":"https:\/\/z-7.ch\/fr\/wp-json\/wp\/v2\/product"}],"about":[{"href":"https:\/\/z-7.ch\/fr\/wp-json\/wp\/v2\/types\/product"}],"author":[{"embeddable":true,"href":"https:\/\/z-7.ch\/fr\/wp-json\/wp\/v2\/users\/2"}],"wp:featuredmedia":[{"embeddable":true,"href":"https:\/\/z-7.ch\/fr\/wp-json\/wp\/v2\/media\/25641"}],"wp:attachment":[{"href":"https:\/\/z-7.ch\/fr\/wp-json\/wp\/v2\/media?parent=26175"}],"wp:term":[{"taxonomy":"product_brand","embeddable":true,"href":"https:\/\/z-7.ch\/fr\/wp-json\/wp\/v2\/product_brand?post=26175"},{"taxonomy":"product_cat","embeddable":true,"href":"https:\/\/z-7.ch\/fr\/wp-json\/wp\/v2\/product_cat?post=26175"},{"taxonomy":"product_tag","embeddable":true,"href":"https:\/\/z-7.ch\/fr\/wp-json\/wp\/v2\/product_tag?post=26175"}],"curies":[{"name":"wp","href":"https:\/\/api.w.org\/{rel}","templated":true}]}}