{"id":26586,"date":"2026-05-05T12:55:02","date_gmt":"2026-05-05T10:55:02","guid":{"rendered":"https:\/\/z-7.ch\/?post_type=product&#038;p=26586"},"modified":"2026-05-05T13:05:50","modified_gmt":"2026-05-05T11:05:50","slug":"delain-feat-marko-hietala","status":"publish","type":"product","link":"https:\/\/z-7.ch\/fr\/event\/delain-feat-marko-hietala\/","title":{"rendered":"Delain feat. Marko Hietala"},"content":{"rendered":"<h3>DELAIN COMME VOUS NE LES AVEZ JAMAIS VUS<\/h3>\n<p><strong>En 2027, DELAIN ouvrent un nouveau chapitre et proposent un format de concert exceptionnel. Aux c\u00f4t\u00e9s de Marko Hietala et d\u2019autres invit\u00e9s, ils cr\u00e9ent une exp\u00e9rience live unique qui relie le pass\u00e9 et l\u2019avenir du groupe. Les fans peuvent s\u2019attendre \u00e0 une soir\u00e9e sp\u00e9ciale, bien au-del\u00e0 d\u2019un concert classique.  <\/strong><\/p>\n<p>Depuis plus de deux d\u00e9cennies, DELAIN se sont impos\u00e9s comme une r\u00e9f\u00e9rence du melodic metal moderne. Depuis leur album d\u00e9but Lucidity, le groupe incarne un m\u00e9lange distinctif de m\u00e9lodies accrocheuses, d\u2019arrangements orchestraux et de guitares puissantes. Des albums comme April Rain, We Are the Others ou The Human Contradiction ont fa\u00e7onn\u00e9 cette identit\u00e9, tandis que Dark Waters (2023) repr\u00e9sente leur plus grand succ\u00e8s \u00e0 ce jour avec des entr\u00e9es dans le Top 10 en Allemagne et dans les charts US Hard Music. Derri\u00e8re le groupe se trouve le mastermind Martijn Westerholt, qui a fond\u00e9 DELAIN apr\u00e8s son d\u00e9part de Within Temptation et n\u2019a cess\u00e9 de faire \u00e9voluer le projet depuis.   <\/p>\n<p>En f\u00e9vrier 2027, DELAIN partiront en tourn\u00e9e avec un concept particulier : au lieu d\u2019un concert traditionnel, le public d\u00e9couvrira un format live sp\u00e9cialement con\u00e7u avec des invit\u00e9s prestigieux changeants et des surprises musicales. Au centre de ce projet se trouve \u00e9galement la collaboration renouvel\u00e9e avec Marko Hietala, dont l\u2019histoire commune avec le groupe a donn\u00e9 naissance \u00e0 certains des moments les plus marquants de leur carri\u00e8re. D\u2019autres participants seront annonc\u00e9s ult\u00e9rieurement. Parall\u00e8lement, le groupe travaille sur de nouveaux morceaux qui devraient sortir avant la tourn\u00e9e et marquer le d\u00e9but de cette nouvelle phase. Avec seulement quelques dates s\u00e9lectionn\u00e9es, cette tourn\u00e9e promet une exp\u00e9rience live intense et unique, bien au-del\u00e0 d\u2019un concert ordinaire.    <\/p>\n","protected":false},"excerpt":{"rendered":"<p>DELAIN COMME VOUS NE LES AVEZ JAMAIS VUS En 2027, DELAIN ouvrent un nouveau chapitre et proposent un format de&hellip;<\/p>\n","protected":false},"author":2,"featured_media":25217,"template":"","meta":{"_acf_changed":false},"product_brand":[],"product_cat":[160],"product_tag":[187],"class_list":{"0":"post-26586","1":"product","2":"type-product","3":"status-publish","4":"has-post-thumbnail","6":"product_cat-event","7":"product_tag-symphonic","9":"first","10":"instock","11":"virtual","12":"product-type-simple"},"acf":[],"_links":{"self":[{"href":"https:\/\/z-7.ch\/fr\/wp-json\/wp\/v2\/product\/26586","targetHints":{"allow":["GET"]}}],"collection":[{"href":"https:\/\/z-7.ch\/fr\/wp-json\/wp\/v2\/product"}],"about":[{"href":"https:\/\/z-7.ch\/fr\/wp-json\/wp\/v2\/types\/product"}],"author":[{"embeddable":true,"href":"https:\/\/z-7.ch\/fr\/wp-json\/wp\/v2\/users\/2"}],"wp:featuredmedia":[{"embeddable":true,"href":"https:\/\/z-7.ch\/fr\/wp-json\/wp\/v2\/media\/25217"}],"wp:attachment":[{"href":"https:\/\/z-7.ch\/fr\/wp-json\/wp\/v2\/media?parent=26586"}],"wp:term":[{"taxonomy":"product_brand","embeddable":true,"href":"https:\/\/z-7.ch\/fr\/wp-json\/wp\/v2\/product_brand?post=26586"},{"taxonomy":"product_cat","embeddable":true,"href":"https:\/\/z-7.ch\/fr\/wp-json\/wp\/v2\/product_cat?post=26586"},{"taxonomy":"product_tag","embeddable":true,"href":"https:\/\/z-7.ch\/fr\/wp-json\/wp\/v2\/product_tag?post=26586"}],"curies":[{"name":"wp","href":"https:\/\/api.w.org\/{rel}","templated":true}]}}