{"id":27177,"date":"2026-05-07T15:55:23","date_gmt":"2026-05-07T13:55:23","guid":{"rendered":"https:\/\/z-7.ch\/?post_type=product&p=27177"},"modified":"2026-05-07T15:55:23","modified_gmt":"2026-05-07T13:55:23","slug":"xandria","status":"publish","type":"product","link":"https:\/\/z-7.ch\/fr\/event\/xandria\/","title":{"rendered":"Xandria"},"content":{"rendered":"<h3>SYMPHONIC METAL POWER<\/h3>\n<p><strong>Men\u00e9s par le mastermind Marco Heubaum et la chanteuse exceptionnelle Ambre Vourvahis, les g\u00e9ants allemands du symphonic metal Xandria reviennent \u00e0 Pratteln cet automne. Avec des morceaux qui combinent de mani\u00e8re unique puissance, m\u00e9lodie et \u00e9motion intense, Xandria garantissent de nombreux frissons au Z7. Les Am\u00e9ricains de Seven Spires et les Italiens de Secret Rule ouvriront cette fantastique soir\u00e9e symphonic metal.  <\/strong><\/p>\n<p>Avec des arrangements orchestraux grandioses, des guitares tonitruantes et la voix puissante d\u2019Ambre Vourvahis, Xandria captivent leur public. Chaque morceau est une exp\u00e9rience \u2013 puissant, intense et \u00e9motionnel. Depuis plus de 30 ans, Xandria font partie des forces majeures du symphonic metal et ont acquis un statut l\u00e9gendaire. Avec la sensation vocale Ambre Vourvahis, dont la palette impressionnante va du rock \u00e0 l\u2019op\u00e9ra, incluant screams et growls, le groupe a port\u00e9 son son \u00e0 un niveau totalement nouveau ces derni\u00e8res ann\u00e9es. Gr\u00e2ce \u00e0 des compositions modernes et des arrangements cin\u00e9matographiques, Xandria repoussent sans cesse les limites du symphonic metal contemporain et plongent leur public dans un univers imaginaire o\u00f9 les histoires prennent vie avec une intensit\u00e9 passionn\u00e9e.    <\/p>\n<p>En 2023, les ic\u00f4nes du symphonic metal allemand ont int\u00e9gr\u00e9 pour la premi\u00e8re fois le Top 10 des charts avec The Wonders Still Awaiting, ouvrant un nouveau chapitre passionnant dans leur carri\u00e8re. Le leader Marco Heubaum a conduit son groupe enti\u00e8rement renouvel\u00e9 vers de nouveaux horizons sans renoncer \u00e0 ses marques de fabrique. Une 9e place en Allemagne et une 11e place dans les charts suisses confirment qu\u2019ils sont sur la bonne voie. Au printemps 2024, Xandria ont d\u00e9j\u00e0 d\u00e9voil\u00e9 le single \u00ab Universal \u00bb. Le groupe explique : \u00ab Nous avons \u00e9t\u00e9 submerg\u00e9s par les retours incroyables sur notre dernier album et sommes extr\u00eamement reconnaissants envers nos fans. Cette \u00e9nergie positive nous a inspir\u00e9s \u00e0 \u00e9crire rapidement de nouveaux morceaux. \u00bb L\u2019EP Universal Tales a suivi peu apr\u00e8s, illustrant une nouvelle fois la richesse de leur univers sonore.     <\/p>\n<p><strong>Seven Spires:<\/strong> Fond\u00e9 \u00e0 Boston en 2013, le groupe de symphonic metal Seven Spires a tourn\u00e9 ces derni\u00e8res ann\u00e9es avec DragonForce, Twilight Force, Silver Bullet, Omnium Gatherum ou Eluveitie. En juin 2024, ils ont sorti leur quatri\u00e8me album studio A Fortress Called Home via Frontiers Records. Ce nouvel opus \u00e9l\u00e8ve leur m\u00e9lange caract\u00e9ristique de symphonic, power et extreme metal \u00e0 un niveau sup\u00e9rieur et plonge l\u2019auditeur dans ses profondeurs les plus sombres. Fid\u00e8les \u00e0 leur univers fantasy sombre et romantique imagin\u00e9 par la chanteuse Adrienne Cowan, Seven Spires conservent une impressionnante diversit\u00e9. L\u00e0 o\u00f9 de nombreux groupes du genre s\u2019enferment dans des sch\u00e9mas pr\u00e9visibles, Seven Spires refusent toute contrainte et suivent librement leur inspiration. Le r\u00e9sultat est un album m\u00ealant symphonic black et death metal, gothic, power et progressive metal, ainsi que des influences jazz, pop et folk celtique \u2013 sans jamais perdre sa coh\u00e9rence. Metal.de r\u00e9sume : \u00ab Le r\u00e9sultat est l\u2019un des albums de symphonic metal les plus vari\u00e9s de ces derni\u00e8res ann\u00e9es, sign\u00e9 par un groupe qui a d\u00e9j\u00e0 d\u00e9pass\u00e9 bon nombre de ses pairs et m\u00e9rite bien plus d\u2019attention. \u00bb      <\/p>\n<p><strong>Secret Rule:<\/strong> Fond\u00e9 en 2014 par la chanteuse Angela Di Vincenzo et le guitariste\/producteur Andy Menario, Secret Rule se sont impos\u00e9s comme une r\u00e9f\u00e9rence de la sc\u00e8ne symphonic metal. Avec Andrea Miazzetto (batterie) et Sofia Basili (basse), le groupe combine parfaitement riffs puissants, sonorit\u00e9s symphoniques cin\u00e9matographiques et \u00e9l\u00e9ments \u00e9lectroniques innovants, soutenus par la voix intense et \u00e9motionnelle d\u2019Angela. La formation italienne s\u00e9duit un public international gr\u00e2ce \u00e0 son style unique et ses performances live \u00e9nergiques. Avec dix albums studio, Secret Rule ont constamment repouss\u00e9 les limites du genre en proposant des compositions riches et des textes profonds. Leur engagement en faveur de l\u2019innovation musicale leur a valu une r\u00e9putation de pionniers du metal moderne. \u00c0 l\u2019automne 2025, ils ont sorti leur dernier album X. Metalfactory.ch \u00e9crit : \u00ab Avec ce dixi\u00e8me album, les Italiens franchissent un nouveau cap par rapport \u00e0 leur pr\u00e9c\u00e9dent travail. Leur m\u00e9lange de heavy metal, d\u2019industrial et de symphonic metal ne se contente plus d\u2019\u00eatre bon \u2013 il est tout simplement exceptionnel. \u00bb      <\/p>\n","protected":false},"excerpt":{"rendered":"<p>SYMPHONIC METAL POWER Men\u00e9s par le mastermind Marco Heubaum et la chanteuse exceptionnelle Ambre Vourvahis, les g\u00e9ants allemands du symphonic&hellip;<\/p>\n","protected":false},"author":2,"featured_media":27156,"template":"","meta":{"_acf_changed":false},"product_brand":[],"product_cat":[160],"product_tag":[187],"class_list":{"0":"post-27177","1":"product","2":"type-product","3":"status-publish","4":"has-post-thumbnail","6":"product_cat-event","7":"product_tag-symphonic","9":"first","10":"instock","11":"virtual","12":"product-type-simple"},"acf":[],"_links":{"self":[{"href":"https:\/\/z-7.ch\/fr\/wp-json\/wp\/v2\/product\/27177","targetHints":{"allow":["GET"]}}],"collection":[{"href":"https:\/\/z-7.ch\/fr\/wp-json\/wp\/v2\/product"}],"about":[{"href":"https:\/\/z-7.ch\/fr\/wp-json\/wp\/v2\/types\/product"}],"author":[{"embeddable":true,"href":"https:\/\/z-7.ch\/fr\/wp-json\/wp\/v2\/users\/2"}],"wp:featuredmedia":[{"embeddable":true,"href":"https:\/\/z-7.ch\/fr\/wp-json\/wp\/v2\/media\/27156"}],"wp:attachment":[{"href":"https:\/\/z-7.ch\/fr\/wp-json\/wp\/v2\/media?parent=27177"}],"wp:term":[{"taxonomy":"product_brand","embeddable":true,"href":"https:\/\/z-7.ch\/fr\/wp-json\/wp\/v2\/product_brand?post=27177"},{"taxonomy":"product_cat","embeddable":true,"href":"https:\/\/z-7.ch\/fr\/wp-json\/wp\/v2\/product_cat?post=27177"},{"taxonomy":"product_tag","embeddable":true,"href":"https:\/\/z-7.ch\/fr\/wp-json\/wp\/v2\/product_tag?post=27177"}],"curies":[{"name":"wp","href":"https:\/\/api.w.org\/{rel}","templated":true}]}}