{"id":27249,"date":"2026-05-06T10:55:25","date_gmt":"2026-05-06T08:55:25","guid":{"rendered":"https:\/\/z-7.ch\/?post_type=product&#038;p=27249"},"modified":"2026-05-06T11:03:45","modified_gmt":"2026-05-06T09:03:45","slug":"pro-pain","status":"publish","type":"product","link":"https:\/\/z-7.ch\/fr\/event\/pro-pain\/","title":{"rendered":"Pro-Pain"},"content":{"rendered":"<h3>NOUVEL ALBUM \u2013 ANCIENNE COL\u00c8RE<\/h3>\n<p><strong>Les l\u00e9gendes du hardcore new-yorkais Pro-Pain sont de retour et frappent \u00e0 nouveau fort. \u00c0 l\u2019occasion du 35e anniversaire du groupe, le guitariste Eric Klinger a fait son retour, et avec Stone Cold Anger, les fans peuvent enfin d\u00e9couvrir du nouveau mat\u00e9riel de Pro-Pain. Ce nouvel album massif prouve que le groupe autour du chanteur\/bassiste Gary Meskil n\u2019a rien perdu de sa puissance originelle ni de la rage brute de ses d\u00e9buts.   <\/strong><\/p>\n<p>Se surpasser \u00e0 chaque nouvel album est sans doute le plus grand d\u00e9fi pour un groupe \u2013 surtout apr\u00e8s onze ans sans nouvelle sortie et un pr\u00e9c\u00e9dent disque d\u00e9j\u00e0 percutant. Pour relever ce d\u00e9fi ambitieux, Pro-Pain ont fait revenir leur ancien guitariste Eric Klinger. Et les deux premiers singles de l\u2019album Stone Cold Anger (sortie : 15 mai 2026) ont d\u00e9j\u00e0 montr\u00e9 que Pro-Pain n\u2019ont rien \u00e0 craindre pour leur statut d\u2019exception sur la sc\u00e8ne hardcore new-yorkaise. Depuis leur album d\u00e9but r\u00e9volutionnaire Foul Taste Of Freedom, nomm\u00e9 \u00e0 plusieurs reprises au d\u00e9but des ann\u00e9es 90, la formation sans compromis men\u00e9e par Gary Meskil s\u2019est forg\u00e9 le respect et la fid\u00e9lit\u00e9 de nombreux fans \u00e0 travers le monde et est aujourd\u2019hui consid\u00e9r\u00e9e \u00e0 juste titre comme une v\u00e9ritable l\u00e9gende du hardcore metal. Tous leurs albums se distinguent par une intensit\u00e9, une inspiration et une sinc\u00e9rit\u00e9 difficiles \u00e0 \u00e9galer \u2013 et ce nouveau chapitre ne fait pas exception. Apr\u00e8s une longue pause, les poids lourds du hardcore reviennent en force avec leur seizi\u00e8me album. Pour leur premier disque chez Napalm Records, les ic\u00f4nes de la sc\u00e8ne d\u00e9voilent leur c\u00f4t\u00e9 le plus explosif : Stone Cold Anger porte parfaitement son nom \u2013 furieux et d\u2019une lourdeur \u00e9crasante. Pro-Pain n\u2019ont rien perdu de leur puissance. Avec une efficacit\u00e9 redoutable, l\u2019album associe des m\u00e9lodies accrocheuses \u00e0 des vocaux tant\u00f4t rageurs et incitatifs, tant\u00f4t hymniques, faisant de ces nouveaux morceaux de dignes successeurs du titre \u00ab Voice Of Rebellion \u00bb (2015), \u00e9cout\u00e9 plus de 3,5 millions de fois. L\u2019album tant attendu s\u2019ouvre sur \u00ab Oceans Of Blood \u00bb, un morceau percutant qui prouve imm\u00e9diatement que Pro-Pain restent inarr\u00eatables apr\u00e8s plus de trente-cinq ans de carri\u00e8re. Gary Meskil et ses musiciens sont rest\u00e9s des id\u00e9alistes, tant sur le plan musical que politique, sans jamais renier leur attitude intransigeante. Toutes ces qualit\u00e9s seront \u00e9galement \u00e0 d\u00e9couvrir sur la sc\u00e8ne du Z7 dans le cadre de la 35th Anniversary Tour 2026.             <\/p>\n","protected":false},"excerpt":{"rendered":"<p>NOUVEL ALBUM \u2013 ANCIENNE COL\u00c8RE Les l\u00e9gendes du hardcore new-yorkais Pro-Pain sont de retour et frappent \u00e0 nouveau fort. \u00c0&hellip;<\/p>\n","protected":false},"author":2,"featured_media":27330,"template":"","meta":{"_acf_changed":false},"product_brand":[],"product_cat":[160],"product_tag":[209,212],"class_list":{"0":"post-27249","1":"product","2":"type-product","3":"status-publish","4":"has-post-thumbnail","6":"product_cat-event","7":"product_tag-metalcore","8":"product_tag-thrash-metal","10":"first","11":"instock","12":"virtual","13":"purchasable","14":"product-type-simple"},"acf":[],"_links":{"self":[{"href":"https:\/\/z-7.ch\/fr\/wp-json\/wp\/v2\/product\/27249","targetHints":{"allow":["GET"]}}],"collection":[{"href":"https:\/\/z-7.ch\/fr\/wp-json\/wp\/v2\/product"}],"about":[{"href":"https:\/\/z-7.ch\/fr\/wp-json\/wp\/v2\/types\/product"}],"author":[{"embeddable":true,"href":"https:\/\/z-7.ch\/fr\/wp-json\/wp\/v2\/users\/2"}],"wp:featuredmedia":[{"embeddable":true,"href":"https:\/\/z-7.ch\/fr\/wp-json\/wp\/v2\/media\/27330"}],"wp:attachment":[{"href":"https:\/\/z-7.ch\/fr\/wp-json\/wp\/v2\/media?parent=27249"}],"wp:term":[{"taxonomy":"product_brand","embeddable":true,"href":"https:\/\/z-7.ch\/fr\/wp-json\/wp\/v2\/product_brand?post=27249"},{"taxonomy":"product_cat","embeddable":true,"href":"https:\/\/z-7.ch\/fr\/wp-json\/wp\/v2\/product_cat?post=27249"},{"taxonomy":"product_tag","embeddable":true,"href":"https:\/\/z-7.ch\/fr\/wp-json\/wp\/v2\/product_tag?post=27249"}],"curies":[{"name":"wp","href":"https:\/\/api.w.org\/{rel}","templated":true}]}}