{"id":27431,"date":"2026-05-12T11:55:55","date_gmt":"2026-05-12T09:55:55","guid":{"rendered":"https:\/\/z-7.ch\/?post_type=product&p=27431"},"modified":"2026-05-12T11:55:55","modified_gmt":"2026-05-12T09:55:55","slug":"rhapsody-of-fire-%c2%b7-serious-black","status":"publish","type":"product","link":"https:\/\/z-7.ch\/fr\/event\/rhapsody-of-fire-%c2%b7-serious-black\/","title":{"rendered":"Rhapsody Of Fire \u00b7 Serious Black"},"content":{"rendered":"<h3 data-start=\"0\" data-end=\"22\">UNE PUISSANTE ODYSS\u00c9E METAL<\/h3>\n<p data-start=\"24\" data-end=\"393\"><strong>La tourn\u00e9e Motocultor Across Europe revient en hiver 2027 avec toute sa puissance. Men\u00e9e par les l\u00e9gendes italiennes du symphonic power metal Rhapsody Of Fire, qui c\u00e9l\u00e8brent leurs 30 ans de carri\u00e8re avec une setlist exceptionnelle, cette affiche promet un voyage \u00e9pique \u00e0 travers l\u2019univers du metal europ\u00e9en. Serious Black seront pr\u00e9sents en special guests.  <\/strong><\/p>\n<p data-start=\"395\" data-end=\"1554\" data-is-last-node=\"\" data-is-only-node=\"\">Du 7 janvier au 6 f\u00e9vrier 2027, la Motocultor Across Europe Tour traversera onze pays et proposera une nouvelle fois une s\u00e9lection soigneusement \u00e9labor\u00e9e de groupes metal internationaux. Au centre de cette tourn\u00e9e se trouvent Rhapsody Of Fire, qui incarnent depuis trois d\u00e9cennies un symphonic power metal majestueux, des orchestrations cin\u00e9matographiques, des r\u00e9cits h\u00e9ro\u00efques et une musicalit\u00e9 impressionnante. Pour cet anniversaire, les fans peuvent s\u2019attendre \u00e0 une setlist sp\u00e9ciale retra\u00e7ant les moments cl\u00e9s de l\u2019histoire du groupe et mettant \u00e0 l\u2019honneur les plus grands hymnes des Italiens. En special guest, Serious Black apporteront une dose suppl\u00e9mentaire de puissance. Cette formation internationale de melodic metal combine riffs percutants, production moderne et refrains accrocheurs dans un son \u00e9nergique parfaitement adapt\u00e9 \u00e0 cette tourn\u00e9e. Silver Dust et Rock Out repr\u00e9senteront \u00e9galement la Suisse sur l\u2019affiche, d\u00e9fendant avec force l\u2019esprit hard\u2019n\u2019heavy helv\u00e9tique. Le line-up sera compl\u00e9t\u00e9 par les power metallers Aeon Gods. Une soir\u00e9e metal vari\u00e9e, port\u00e9e par des groupes internationaux et une \u00e9nergie live massive, est garantie.        <\/p>\n","protected":false},"excerpt":{"rendered":"<p>UNE PUISSANTE ODYSS\u00c9E METAL La tourn\u00e9e Motocultor Across Europe revient en hiver 2027 avec toute sa puissance. Men\u00e9e par les&hellip;<\/p>\n","protected":false},"author":2,"featured_media":27403,"template":"","meta":{"_acf_changed":false},"product_brand":[],"product_cat":[160],"product_tag":[103,169,187],"class_list":{"0":"post-27431","1":"product","2":"type-product","3":"status-publish","4":"has-post-thumbnail","6":"product_cat-event","7":"product_tag-heavy-metal-fr","8":"product_tag-power-metal","9":"product_tag-symphonic","11":"first","12":"instock","13":"virtual","14":"product-type-simple"},"acf":[],"_links":{"self":[{"href":"https:\/\/z-7.ch\/fr\/wp-json\/wp\/v2\/product\/27431","targetHints":{"allow":["GET"]}}],"collection":[{"href":"https:\/\/z-7.ch\/fr\/wp-json\/wp\/v2\/product"}],"about":[{"href":"https:\/\/z-7.ch\/fr\/wp-json\/wp\/v2\/types\/product"}],"author":[{"embeddable":true,"href":"https:\/\/z-7.ch\/fr\/wp-json\/wp\/v2\/users\/2"}],"wp:featuredmedia":[{"embeddable":true,"href":"https:\/\/z-7.ch\/fr\/wp-json\/wp\/v2\/media\/27403"}],"wp:attachment":[{"href":"https:\/\/z-7.ch\/fr\/wp-json\/wp\/v2\/media?parent=27431"}],"wp:term":[{"taxonomy":"product_brand","embeddable":true,"href":"https:\/\/z-7.ch\/fr\/wp-json\/wp\/v2\/product_brand?post=27431"},{"taxonomy":"product_cat","embeddable":true,"href":"https:\/\/z-7.ch\/fr\/wp-json\/wp\/v2\/product_cat?post=27431"},{"taxonomy":"product_tag","embeddable":true,"href":"https:\/\/z-7.ch\/fr\/wp-json\/wp\/v2\/product_tag?post=27431"}],"curies":[{"name":"wp","href":"https:\/\/api.w.org\/{rel}","templated":true}]}}