{"id":27660,"date":"2026-05-11T09:55:01","date_gmt":"2026-05-11T07:55:01","guid":{"rendered":"https:\/\/z-7.ch\/?post_type=product&#038;p=27660"},"modified":"2026-05-07T13:54:54","modified_gmt":"2026-05-07T11:54:54","slug":"amorphis","status":"publish","type":"product","link":"https:\/\/z-7.ch\/fr\/event\/amorphis\/","title":{"rendered":"Amorphis"},"content":{"rendered":"<h3>M\u00c9LANCOLIE &amp; PUISSANCE<\/h3>\n<p><strong>La m\u00e9lancolie nordique rencontre des paysages sonores progressifs et une puissance m\u00e9tallique impressionnante : le groupe culte Amorphis d\u00e9barque \u00e0 Pratteln avec son m\u00e9lange unique de melodic death metal, de folk, de m\u00e9lodies \u00e9piques, d\u2019hymnes metal puissants et d\u2019ambiances atmosph\u00e9riques. Dans le cadre du Borderland Tour 2027, les Finlandais pr\u00e9senteront leur nouvel album. En premi\u00e8re partie : Insomnium et Unto Others.  <\/strong><\/p>\n<p>Depuis les ann\u00e9es 90, Amorphis font partie des groupes les plus marquants de leur genre. Avec des albums comme Tales From The Thousand Lakes ou Queen of Time, ils ont continuellement d\u00e9velopp\u00e9 leur son inimitable, m\u00ealant riffs puissants et textes profonds souvent inspir\u00e9s de la mythologie finlandaise. Les amateurs de metal moderne sophistiqu\u00e9 y trouveront largement leur compte. Lors de cette tourn\u00e9e, Amorphis pr\u00e9sentent leur nouvel album Borderline, r\u00e9alis\u00e9 pour la premi\u00e8re fois en collaboration avec le producteur danois Jacob Hansen (Volbeat, Amaranthe, Epica, Evergrey, entre autres). Esa Holopainen explique : \u00ab Amorphis poss\u00e8dent un son tr\u00e8s particulier et une mani\u00e8re unique de cr\u00e9er leur musique. Six fortes personnalit\u00e9s dans le groupe repr\u00e9sentent naturellement un d\u00e9fi pour la production \u2013 surtout pour le producteur. Jacob a \u00e9t\u00e9 choisi pour plusieurs raisons importantes : il a travaill\u00e9 avec une incroyable diversit\u00e9 d\u2019artistes et c\u2019est un producteur extr\u00eamement calme, cr\u00e9atif et plein d\u2019id\u00e9es. \u00bb Le r\u00e9sultat est impressionnant. Le leader Esa Holopainen semble in\u00e9puisable lorsqu\u2019il s\u2019agit d\u2019inventer des m\u00e9lodies g\u00e9niales. Metal1.info \u00e9crit : \u00ab La premi\u00e8re impression que laisse Borderland, c\u2019est le plaisir de jouer : d\u00e8s la premi\u00e8re \u00e9coute, on imagine l\u2019enthousiasme des musiciens en composant ces riffs, solos, refrains et ponts. Le fait qu\u2019Amorphis ose exp\u00e9rimenter enrichit \u00e9norm\u00e9ment l\u2019album, mais surtout, les Finlandais r\u00e9inventent leurs propres forces : Amorphis restent imm\u00e9diatement reconnaissables sur Borderland, tout en \u00e9tant parfois plus m\u00e9lodiques, parfois plus massifs, mais surtout plus captivants que jamais. \u00bb Le critique de Metal Hammer lui attribue la note maximale et conclut : \u00ab Ce groupe sonne plus finlandais que l\u2019hymne national finlandais et sera bient\u00f4t d\u00e9clar\u00e9 patrimoine culturel national. \u00bb        <\/p>\n<p><strong>Insomnium:<\/strong> Insomnium r\u00e9ussissent sans cesse l\u2019exploit de fusionner la puissance et l\u2019efficacit\u00e9 du melodic death metal su\u00e9dois avec l\u2019ampleur majestueuse et la m\u00e9lancolie sombre caract\u00e9ristiques de nombreux groupes finlandais. Au fil des ann\u00e9es, le groupe a affin\u00e9 ce m\u00e9lange exceptionnel pour d\u00e9velopper un style totalement personnel qui jouit aujourd\u2019hui d\u2019une grande popularit\u00e9 internationale. Au printemps 2026, Insomnium ont longuement travaill\u00e9 en studio sur le successeur de leur dernier album Song Of The Dusk (2023). Nous nous r\u00e9jouissons d\u00e9j\u00e0 de d\u00e9couvrir les nouveaux morceaux ainsi que les grands classiques des fans au Z7. \u00c0 propos de leur dernier concert en janvier 2025, un critique de Metalfactory \u00e9crivait : \u00ab Ce concert incroyable s\u2019est conclu avec deux autres morceaux incontournables d\u2019Insomnium : \u2018Lilian\u2019 de Anno 1696 et \u2018One For Sorrow\u2019 de l\u2019album du m\u00eame nom. C\u2019\u00e9tait peut-\u00eatre janvier, il faisait peut-\u00eatre froid et le temps \u00e9tait peut-\u00eatre horrible, mais pour tous ceux qui \u00e9taient pr\u00e9sents ce soir-l\u00e0 au Z7, il n\u2019y avait que du headbanging, des cornes lev\u00e9es et des sourires sur les l\u00e8vres ! \u00bb    <\/p>\n<p><strong>Unto Others:<\/strong> L\u2019histoire encore relativement r\u00e9cente d\u2019Unto Others, originaires de Portland dans l\u2019Oregon, ressemble \u00e0 des montagnes russes. Groupe underground adul\u00e9, changement de nom impos\u00e9 par la justice (anciennement Idle Hands), contrat avec une major puis retour vers un label plus underground \u2013 rien de tout cela n\u2019a frein\u00e9 leur ascension dans la renaissance du gothic rock. Leur album actuel Never, Neverland (2024) fait d\u2019Unto Others non seulement de dignes h\u00e9ritiers de Type O Negative ou des Sisters of Mercy, mais surtout un groupe \u00e0 l\u2019aube de quelque chose de tr\u00e8s grand. Fin 2025, Unto Others ont encha\u00een\u00e9 avec l\u2019EP punk I Believe In Halloween II, proposant trois nouveaux titres ainsi que de superbes reprises de \u00ab Halloween \u00bb (Misfits) et \u00ab Pet Sematary \u00bb (Ramones).    <\/p>\n","protected":false},"excerpt":{"rendered":"<p>M\u00c9LANCOLIE &amp; PUISSANCE La m\u00e9lancolie nordique rencontre des paysages sonores progressifs et une puissance m\u00e9tallique impressionnante : le groupe culte&hellip;<\/p>\n","protected":false},"author":2,"featured_media":27587,"template":"","meta":{"_acf_changed":false},"product_brand":[],"product_cat":[160],"product_tag":[164,162],"class_list":{"0":"post-27660","1":"product","2":"type-product","3":"status-publish","4":"has-post-thumbnail","6":"product_cat-event","7":"product_tag-black-death-metal","8":"product_tag-prog-metal","10":"first","11":"instock","12":"virtual","13":"product-type-simple"},"acf":[],"_links":{"self":[{"href":"https:\/\/z-7.ch\/fr\/wp-json\/wp\/v2\/product\/27660","targetHints":{"allow":["GET"]}}],"collection":[{"href":"https:\/\/z-7.ch\/fr\/wp-json\/wp\/v2\/product"}],"about":[{"href":"https:\/\/z-7.ch\/fr\/wp-json\/wp\/v2\/types\/product"}],"author":[{"embeddable":true,"href":"https:\/\/z-7.ch\/fr\/wp-json\/wp\/v2\/users\/2"}],"wp:featuredmedia":[{"embeddable":true,"href":"https:\/\/z-7.ch\/fr\/wp-json\/wp\/v2\/media\/27587"}],"wp:attachment":[{"href":"https:\/\/z-7.ch\/fr\/wp-json\/wp\/v2\/media?parent=27660"}],"wp:term":[{"taxonomy":"product_brand","embeddable":true,"href":"https:\/\/z-7.ch\/fr\/wp-json\/wp\/v2\/product_brand?post=27660"},{"taxonomy":"product_cat","embeddable":true,"href":"https:\/\/z-7.ch\/fr\/wp-json\/wp\/v2\/product_cat?post=27660"},{"taxonomy":"product_tag","embeddable":true,"href":"https:\/\/z-7.ch\/fr\/wp-json\/wp\/v2\/product_tag?post=27660"}],"curies":[{"name":"wp","href":"https:\/\/api.w.org\/{rel}","templated":true}]}}