{"id":27929,"date":"2026-05-08T14:55:25","date_gmt":"2026-05-08T12:55:25","guid":{"rendered":"https:\/\/z-7.ch\/?post_type=product&p=27929"},"modified":"2026-05-08T14:55:25","modified_gmt":"2026-05-08T12:55:25","slug":"rosalie-cunningham","status":"publish","type":"product","link":"https:\/\/z-7.ch\/fr\/event\/rosalie-cunningham\/","title":{"rendered":"Rosalie Cunningham"},"content":{"rendered":"<h3>UNE DIVERSIT\u00c9 SANS LIMITES<\/h3>\n<p><strong>Rosalie Cunningham est consid\u00e9r\u00e9e comme l\u2019un des plus grands talents musicaux britanniques. Le magazine Classic Rock s\u2019enthousiasme : \u00ab Si Kate Bush et les Beatles avaient eu un enfant ensemble, ce serait Rosalie Cunningham \u00bb, tandis que Metal Hammer affirme simplement : \u00ab Rosalie Cunningham est une rock star. \u00bb En octobre, cette artiste aux multiples facettes viendra en Suisse avec son fascinant m\u00e9lange de rock, folk, prog, jazz, goth et pop.  <\/strong><\/p>\n<p>Rosalie Cunningham est une v\u00e9ritable musicienne polyvalente. \u00c0 seulement 16 ans, la Britannique fonde en 2007 le quatuor psych\u00e9d\u00e9lique f\u00e9minin Ipso Facto, qui attire rapidement l\u2019attention gr\u00e2ce \u00e0 quatre singles remarqu\u00e9s. Elle encha\u00eene ensuite les collaborations comme choriste et clavi\u00e9riste pour des groupes tels que Magazine, The Last Shadow Puppets, Cathedral ou These New Puritans. Comme guitariste, elle rejoint le groupe de Willy Moon et part en tourn\u00e9e en premi\u00e8re partie de Jack White. En 2011, Rosalie Cunningham cr\u00e9e le groupe psych\u00e9d\u00e9lique Purson avant de choisir, six ans plus tard, de suivre de nouvelles voies artistiques. \u00c0 partir de 2019, elle interpr\u00e8te sous son propre nom les nombreux morceaux qu\u2019elle a compos\u00e9s. Les critiques sont imm\u00e9diatement s\u00e9duites et son premier album \u00e9ponyme figure dans plusieurs classements europ\u00e9ens des meilleurs albums de l\u2019ann\u00e9e. Le magazine Prog la d\u00e9signe m\u00eame parmi les dix plus grandes musiciennes de tous les temps, tandis qu\u2019un vote des lecteurs la sacre meilleure chanteuse. Au fil des ann\u00e9es, sa musique est devenue toujours plus riche et nuanc\u00e9e. Son songwriting ne cherche pas l\u2019effet facile, mais captive par la diversit\u00e9 des sons et l\u2019excellence vocale comme instrumentale. Impossible de la ranger dans une seule cat\u00e9gorie stylistique. Son dernier album To Shoot Another Day le d\u00e9montre encore une fois, m\u00ealant rock psych\u00e9d\u00e9lique et metal avec de nombreuses escapades musicales. Betreutesproggen.de \u00e9crit : \u00ab Malgr\u00e9 tout son talent de composition, capable de rendre sa musique complexe ou l\u00e9g\u00e8rement jazzy sans jamais vraiment devenir du jazz, c\u2019est surtout la voix de cette singer\/songwriter qui impressionne. Elle est extr\u00eamement versatile et passe sans effort d\u2019un murmure presque chuchot\u00e9 \u00e0 une puissance rauque que peu de chanteuses ma\u00eetrisent. \u00bb Et Saitenkult.de demande : \u00ab Pourquoi quelqu\u2019un n\u2019aimerait-il pas ce m\u00e9lange de rock, folk, prog, jazz, goth et pop, cette fusion psych\u00e9d\u00e9lique entre Jinx Dawson et Lana Lane ? Ce son psych\u00e9d\u00e9lique entre music-hall et lourdeur de Birmingham n\u2019a pas besoin d\u2019\u00eatre cat\u00e9goris\u00e9. Rosalie Cunningham et ses musiciens doivent simplement \u00eatre \u00e9cout\u00e9s. \u00bb            <\/p>\n<p><strong>The Universe By Ear:<\/strong> Avec leur quatri\u00e8me album studio, The Universe By Ear ouvrent un nouveau chapitre de leur histoire en septembre 2026. Le trio heavy psych b\u00e2lois m\u00eale la puissance brute du stoner rock \u00e0 une approche progressive, des paysages sonores psych\u00e9d\u00e9liques et des compositions expansives. Des riffs massifs rencontrent des ambiances a\u00e9riennes, des harmonies vocales chaleureuses \u00e0 trois voix et des mont\u00e9es de tension musicales qui prennent toute leur ampleur en live. Apr\u00e8s une pause sc\u00e9nique en 2025, The Universe By Ear reviennent sur sc\u00e8ne d\u00e8s l\u2019\u00e9t\u00e9 2026 avec de nouveaux morceaux et une \u00e9nergie d\u00e9bordante.   <\/p>\n","protected":false},"excerpt":{"rendered":"<p>UNE DIVERSIT\u00c9 SANS LIMITES Rosalie Cunningham est consid\u00e9r\u00e9e comme l\u2019un des plus grands talents musicaux britanniques. Le magazine Classic Rock&hellip;<\/p>\n","protected":false},"author":2,"featured_media":27901,"template":"","meta":{"_acf_changed":false},"product_brand":[],"product_cat":[160],"product_tag":[113,116,105,183,104,136],"class_list":{"0":"post-27929","1":"product","2":"type-product","3":"status-publish","4":"has-post-thumbnail","6":"product_cat-event","7":"product_tag-folk-fr","8":"product_tag-goth-fr","9":"product_tag-hard-rock-fr","10":"product_tag-jazz","11":"product_tag-pop-fr","12":"product_tag-prog-fr","14":"first","15":"instock","16":"virtual","17":"purchasable","18":"product-type-simple"},"acf":[],"_links":{"self":[{"href":"https:\/\/z-7.ch\/fr\/wp-json\/wp\/v2\/product\/27929","targetHints":{"allow":["GET"]}}],"collection":[{"href":"https:\/\/z-7.ch\/fr\/wp-json\/wp\/v2\/product"}],"about":[{"href":"https:\/\/z-7.ch\/fr\/wp-json\/wp\/v2\/types\/product"}],"author":[{"embeddable":true,"href":"https:\/\/z-7.ch\/fr\/wp-json\/wp\/v2\/users\/2"}],"wp:featuredmedia":[{"embeddable":true,"href":"https:\/\/z-7.ch\/fr\/wp-json\/wp\/v2\/media\/27901"}],"wp:attachment":[{"href":"https:\/\/z-7.ch\/fr\/wp-json\/wp\/v2\/media?parent=27929"}],"wp:term":[{"taxonomy":"product_brand","embeddable":true,"href":"https:\/\/z-7.ch\/fr\/wp-json\/wp\/v2\/product_brand?post=27929"},{"taxonomy":"product_cat","embeddable":true,"href":"https:\/\/z-7.ch\/fr\/wp-json\/wp\/v2\/product_cat?post=27929"},{"taxonomy":"product_tag","embeddable":true,"href":"https:\/\/z-7.ch\/fr\/wp-json\/wp\/v2\/product_tag?post=27929"}],"curies":[{"name":"wp","href":"https:\/\/api.w.org\/{rel}","templated":true}]}}