{"id":28639,"date":"2026-05-15T12:00:18","date_gmt":"2026-05-15T10:00:18","guid":{"rendered":"https:\/\/z-7.ch\/?post_type=product&p=28639"},"modified":"2026-05-15T12:00:18","modified_gmt":"2026-05-15T10:00:18","slug":"lafee-2","status":"publish","type":"product","link":"https:\/\/z-7.ch\/fr\/event\/lafee-2\/","title":{"rendered":"LaFee"},"content":{"rendered":"<h3>20 ans de Virus<\/h3>\n<p><strong>Avec son premier album Virus, LaFee a touch\u00e9 en plein c\u0153ur toute une g\u00e9n\u00e9ration au milieu des ann\u00e9es 2000. Ses chansons parlant de col\u00e8re, d\u2019ins\u00e9curit\u00e9, de chagrin et de r\u00e9volte ont fait de la chanteuse allemande la voix de nombreux adolescents qui se reconnaissaient dans son style direct et sans filtre. Vingt ans plus tard, cette \u00e9motion particuli\u00e8re revient sur sc\u00e8ne. \u00c0 l\u2019occasion de la tourn\u00e9e anniversaire 20 Jahre Virus, LaFee c\u00e9l\u00e8bre avec ses fans la musique qui a travers\u00e9 le temps.   <\/strong><\/p>\n<p>Virus \u00e9tait bien plus qu\u2019un simple album \u00e0 succ\u00e8s. Pour beaucoup, ces chansons sont devenues un refuge, un endroit qui comprenait ce que les autres n\u2019entendaient pas. Avec cette grande tourn\u00e9e anniversaire, LaFee fait revivre ce sentiment aujourd\u2019hui. Il ne s\u2019agit pas seulement de nostalgie, mais de retrouver la musique et les personnes qui l\u2019ont accompagn\u00e9e pendant toutes ces ann\u00e9es. Lorsque des classiques comme \u00ab Virus \u00bb, \u00ab Prinzesschen \u00bb ou \u00ab Heul doch \u00bb r\u00e9sonnent en live, les souvenirs d\u2019hier rencontrent le pr\u00e9sent. La tourn\u00e9e passera par l\u2019Allemagne, l\u2019Autriche, la Suisse et d\u2019autres pays europ\u00e9ens fin 2026 et d\u00e9but 2027. 20 Jahre Virus est bien plus qu\u2019un anniversaire \u2013 c\u2019est un chapitre partag\u00e9 entre LaFee et toute une g\u00e9n\u00e9ration.      <\/p>\n","protected":false},"excerpt":{"rendered":"<p>20 ans de Virus Avec son premier album Virus, LaFee a touch\u00e9 en plein c\u0153ur toute une g\u00e9n\u00e9ration au milieu&hellip;<\/p>\n","protected":false},"author":2,"featured_media":28628,"template":"","meta":{"_acf_changed":false},"product_brand":[],"product_cat":[160],"product_tag":[104],"class_list":{"0":"post-28639","1":"product","2":"type-product","3":"status-publish","4":"has-post-thumbnail","6":"product_cat-event","7":"product_tag-pop-fr","9":"first","10":"instock","11":"virtual","12":"product-type-simple"},"acf":[],"_links":{"self":[{"href":"https:\/\/z-7.ch\/fr\/wp-json\/wp\/v2\/product\/28639","targetHints":{"allow":["GET"]}}],"collection":[{"href":"https:\/\/z-7.ch\/fr\/wp-json\/wp\/v2\/product"}],"about":[{"href":"https:\/\/z-7.ch\/fr\/wp-json\/wp\/v2\/types\/product"}],"author":[{"embeddable":true,"href":"https:\/\/z-7.ch\/fr\/wp-json\/wp\/v2\/users\/2"}],"wp:featuredmedia":[{"embeddable":true,"href":"https:\/\/z-7.ch\/fr\/wp-json\/wp\/v2\/media\/28628"}],"wp:attachment":[{"href":"https:\/\/z-7.ch\/fr\/wp-json\/wp\/v2\/media?parent=28639"}],"wp:term":[{"taxonomy":"product_brand","embeddable":true,"href":"https:\/\/z-7.ch\/fr\/wp-json\/wp\/v2\/product_brand?post=28639"},{"taxonomy":"product_cat","embeddable":true,"href":"https:\/\/z-7.ch\/fr\/wp-json\/wp\/v2\/product_cat?post=28639"},{"taxonomy":"product_tag","embeddable":true,"href":"https:\/\/z-7.ch\/fr\/wp-json\/wp\/v2\/product_tag?post=28639"}],"curies":[{"name":"wp","href":"https:\/\/api.w.org\/{rel}","templated":true}]}}