{"id":3901,"date":"2026-01-13T10:00:12","date_gmt":"2026-01-13T09:00:12","guid":{"rendered":"https:\/\/dev.gasser-webdesign.ch\/z-7.ch?post_type=product&#038;p=3901"},"modified":"2026-04-10T14:37:13","modified_gmt":"2026-04-10T12:37:13","slug":"black-label-society","status":"publish","type":"product","link":"https:\/\/z-7.ch\/fr\/event\/black-label-society\/","title":{"rendered":"Black Label Society"},"content":{"rendered":"<h3>RIFF-MONSTER RELOADED<\/h3>\n<p><strong>Le chanteur, compositeur et guitariste Zakk Wylde revient au Z7 \u00e0 l\u2019\u00e9t\u00e9 2026 avec son monstre de riffs Black Label Society. Et il apporte de nouveaux titres : un nouvel album est annonc\u00e9 pour d\u00e9but 2026. Dans le cadre de la tourn\u00e9e de sortie qui suivra, le BLS Express fera escale \u00e0 Pratteln. <\/strong><\/p>\n<p>Zakk Wylde est un homme tr\u00e8s occup\u00e9. R\u00e9cemment, il \u00e9tait en tourn\u00e9e avec le Pantera reform\u00e9 ainsi qu\u2019avec son projet all-star Zakk Sabbath, et il a marqu\u00e9 les esprits lors du concert d\u2019adieu d\u2019Ozzy Osbourne \u00e0 Birmingham en juillet dernier. Malgr\u00e9 tout cela, il a encore trouv\u00e9 le temps d\u2019\u00e9crire et d\u2019enregistrer de nouveaux morceaux pour Black Label Society. Le tr\u00e8s attendu douzi\u00e8me album studio sortira au printemps 2026, suivi d\u2019une grande tourn\u00e9e. \u00c0 partir de f\u00e9vrier, une longue travers\u00e9e des \u00c9tats-Unis et du Canada est pr\u00e9vue, avant que les nouveaux titres ne soient pr\u00e9sent\u00e9s en Europe durant l\u2019\u00e9t\u00e9.<br \/>Trois singles ont d\u00e9j\u00e0 \u00e9t\u00e9 d\u00e9voil\u00e9s en amont : \u201cThe Gallows\u201d en septembre 2024, suivi de \u201cLord Humungus\u201d en f\u00e9vrier 2025, puis \u201cBroken And Blind\u201d \u00e0 l\u2019automne 2025 comme troisi\u00e8me extrait. Fid\u00e8le \u00e0 son humour d\u00e9cal\u00e9, Zakk Wylde a comment\u00e9 la sortie ainsi :<br \/>\u00ab Salut tout le monde ! Ici Zakk Wylde de Black Label Society. Voici un nouveau morceau qui s\u2019appelle \u201cBroken And Blind\u201d. Il parle de beurre de cacahu\u00e8te et de chocolat, et de ce qui se passe quand je n\u2019ai ni l\u2019un ni l\u2019autre. Mon \u00e2me est bris\u00e9e et je deviens aveugle de rage quand je n\u2019ai pas de beurre de cacahu\u00e8te et de chocolat. Voil\u00e0, ce morceau s\u2019appelle \u201cBroken And Blind\u201d. Merci, bonne journ\u00e9e. \u00bb       <\/p>\n<p>Black Label Society a \u00e9t\u00e9 fond\u00e9 en 1998 \u00e0 Los Angeles, en Californie, par Zakk Wylde. Leur premier album, Sonic Brew, est sorti la m\u00eame ann\u00e9e. Plus r\u00e9cemment, le groupe a publi\u00e9 Doom Crew Inc. en 2021. Le magazine Metal Hammer a salu\u00e9 l\u2019album en d\u00e9clarant :<br \/>\u00ab Bien s\u00fbr, les riffs de guitare ultra-cools du ma\u00eetre Wylde sont au c\u0153ur de chaque titre, superbement enrichis par des guitares acoustiques, des sons de piano et m\u00eame d\u2019orgue. Mais le plus impressionnant : jamais Zakk Wylde n\u2019avait chant\u00e9 avec autant d\u2019intensit\u00e9 et de vari\u00e9t\u00e9 que sur \u201cDoom Crew Inc.\u201d \u00bb<br \/>\u00c0 ce jour, le groupe compte onze albums studio, deux albums live et un EP. Le douzi\u00e8me album sortira au printemps 2026. Riffs monstrueux garantis. \u00ab L\u2019\u00e9l\u00e9ment principal de chaque morceau de Black Label Society, c\u2019est le riff \u00bb, explique Zakk. Une approche qui a permis au groupe d\u2019entrer trois fois cons\u00e9cutives dans le Top 5 du Billboard Albums Chart. La discographie de BLS ressemble \u00e0 un v\u00e9ritable mode d\u2019emploi du hard rock am\u00e9ricain finement cisel\u00e9 et devrait \u00eatre incontournable pour tous les musiciens de rock \u2019n\u2019 roll \u00e0 base de blues. Les nouveaux titres ont une fois encore \u00e9t\u00e9 enregistr\u00e9s dans le Black Vatican Studio de Zakk. Leur simplicit\u00e9 d\u00e9coule d\u2019une le\u00e7on essentielle que Wylde a tir\u00e9e de l\u2019album de Black Sabbath de 1976 We Sold Our Soul for Rock \u2019N\u2019 Roll : \u00ab Souvent, moins c\u2019est plus. Sauf pour les solos de guitare. \u00bb           <\/p>\n<p><strong>Venom Inc.<\/strong> incarne la r\u00e9surrection d\u2019un mythe du metal. Le groupe s\u2019est officiellement form\u00e9 le 25 avril 2015, \u00e0 l\u2019origine comme un projet unique imagin\u00e9 par Tony \u00ab Demolition Man \u00bb Dolan. Puis vint la surprise lors du Keep It True Festival \u00e0 Lauda-K\u00f6nigshofen : pendant un concert de Mpire Of Evil, trois membres de Venom sont mont\u00e9s ensemble sur sc\u00e8ne pour jouer quelques classiques \u2013 et la salle a explos\u00e9. Mantas \u00e0 la guitare, Demolition Man \u00e0 la basse et au chant, Abaddon \u00e0 la batterie : le l\u00e9gendaire line-up de l\u2019\u00e8re Prime Evil de Venom redevenait soudain r\u00e9alit\u00e9.   <\/p>\n<p>La r\u00e9action ne s\u2019est pas fait attendre. Des promoteurs du monde entier ont pris contact, et ce qui devait \u00eatre une apparition unique s\u2019est transform\u00e9 en un nouveau chapitre. Sous le nom de Venom Inc., le power trio a parcouru le globe et rencontr\u00e9 un succ\u00e8s international.   <\/p>\n<p>En 2017, l\u2019album Av\u00e9 est sorti et a \u00e9t\u00e9 c\u00e9l\u00e9br\u00e9 par les fans et la presse comme le retour du v\u00e9ritable esprit de Venom. En 2022, There\u2019s Only Black a suivi via Nuclear Blast, une nouvelle fois accueilli avec enthousiasme. Concerts devant des centaines de milliers de spectateurs, moments forts en festival \u00e0 travers le monde et longues tourn\u00e9es ont confirm\u00e9 le statut du groupe.  <\/p>\n<p>Actuellement, la trinit\u00e9 impie travaille sur de nouveaux morceaux pour un album studio pr\u00e9vu en 2026. Deux albums live ainsi qu\u2019un nouveau projet visuel sont \u00e9galement en pr\u00e9paration. S\u2019il \u00e9tait autrefois \u00e9crit \u00ab Here lies Venom \u00bb, aujourd\u2019hui plus que jamais, la v\u00e9rit\u00e9 est : Here stands Venom Inc.  <\/p>\n","protected":false},"excerpt":{"rendered":"<p>RIFF-MONSTER RELOADED Le chanteur, compositeur et guitariste Zakk Wylde revient au Z7 \u00e0 l\u2019\u00e9t\u00e9 2026 avec son monstre de riffs&hellip;<\/p>\n","protected":false},"author":2,"featured_media":6092,"template":"","meta":{"_acf_changed":false},"product_brand":[],"product_cat":[160],"product_tag":[103,124,126],"class_list":{"0":"post-3901","1":"product","2":"type-product","3":"status-publish","4":"has-post-thumbnail","6":"product_cat-event","7":"product_tag-heavy-metal-fr","8":"product_tag-southern-rock-fr","9":"product_tag-stoner-rock-fr","11":"first","12":"instock","13":"virtual","14":"purchasable","15":"product-type-simple"},"acf":[],"_links":{"self":[{"href":"https:\/\/z-7.ch\/fr\/wp-json\/wp\/v2\/product\/3901","targetHints":{"allow":["GET"]}}],"collection":[{"href":"https:\/\/z-7.ch\/fr\/wp-json\/wp\/v2\/product"}],"about":[{"href":"https:\/\/z-7.ch\/fr\/wp-json\/wp\/v2\/types\/product"}],"author":[{"embeddable":true,"href":"https:\/\/z-7.ch\/fr\/wp-json\/wp\/v2\/users\/2"}],"wp:featuredmedia":[{"embeddable":true,"href":"https:\/\/z-7.ch\/fr\/wp-json\/wp\/v2\/media\/6092"}],"wp:attachment":[{"href":"https:\/\/z-7.ch\/fr\/wp-json\/wp\/v2\/media?parent=3901"}],"wp:term":[{"taxonomy":"product_brand","embeddable":true,"href":"https:\/\/z-7.ch\/fr\/wp-json\/wp\/v2\/product_brand?post=3901"},{"taxonomy":"product_cat","embeddable":true,"href":"https:\/\/z-7.ch\/fr\/wp-json\/wp\/v2\/product_cat?post=3901"},{"taxonomy":"product_tag","embeddable":true,"href":"https:\/\/z-7.ch\/fr\/wp-json\/wp\/v2\/product_tag?post=3901"}],"curies":[{"name":"wp","href":"https:\/\/api.w.org\/{rel}","templated":true}]}}