{"id":5255,"date":"2026-01-19T17:00:17","date_gmt":"2026-01-19T16:00:17","guid":{"rendered":"https:\/\/z-7.chprodukt\/death-to-all\/"},"modified":"2026-04-10T14:34:01","modified_gmt":"2026-04-10T12:34:01","slug":"death-to-all","status":"publish","type":"product","link":"https:\/\/z-7.ch\/fr\/event\/death-to-all\/","title":{"rendered":"Death To All"},"content":{"rendered":"<h3>L\u2019H\u00c9RITAGE DU DEATH METAL<\/h3>\n<p><b>Trois anciens membres de la formation embl\u00e9matique Death se sont r\u00e9unis pour pr\u00e9server l\u2019h\u00e9ritage musical de la l\u00e9gende floridienne du death metal, Chuck Schuldiner, disparu bien trop t\u00f4t. Avec leur projet hommage Death To All, les musiciens feront escale en Suisse dans le cadre de la Symbolic Healing Tour 2026. <\/b><\/p>\n<p>Fond\u00e9 en 1984 par Chuck Schuldiner \u00e0 Altamonte Springs, Death \u2013 aux c\u00f4t\u00e9s du groupe californien Possessed \u2013 compte parmi les pionniers les plus importants du death metal et est consid\u00e9r\u00e9 comme l\u2019un des cofondateurs de la sc\u00e8ne floridienne qui a fa\u00e7onn\u00e9 le genre. Apr\u00e8s la disparition de son mastermind en 2001, Death a \u00e9t\u00e9 dissous. Plus de dix ans plus tard, trois anciens membres du groupe ont d\u00e9cid\u00e9 de prendre en main l\u2019h\u00e9ritage musical de Schuldiner et ont fond\u00e9 la formation hommage Death To All. Le batteur Gene Hoglan (Death, Dark Angel, Testament), le bassiste Steve DiGiorgio (Death, Testament, Sadus) et le guitariste Bobby Koelble (Death) se sont associ\u00e9s au chanteur et guitariste Max Phelps (Exist, Cynic). Death To All offre \u00e0 une nouvelle g\u00e9n\u00e9ration de metalheads l\u2019occasion de d\u00e9couvrir de pr\u00e8s le g\u00e9nie de Death et de Chuck Schuldiner. Actuellement, deux albums majeurs sont au c\u0153ur des setlists. La Symbolic Healing Tour c\u00e9l\u00e8bre les anniversaires de Spiritual Healing (35 ans) et de Symbolic (30 ans). Pendant deux heures, Death To All d\u00e9montrent de mani\u00e8re impressionnante \u00e0 quel point la musique de Schuldiner est intemporelle. Il s\u2019agit d\u2019un hommage puissant et respectueux, qui met le public au d\u00e9fi tout en l\u2019enthousiasmant, rappelant une fois encore l\u2019importance capitale de ce pionnier pour la sc\u00e8ne death metal. Parmi les moments forts de la setlist figurent des titres comme \u201cSpiritual Healing\u201d, \u201cSymbolic\u201d, \u201cThe Philosopher\u201d, \u201cZero Tolerance\u201d, \u201cVoice of the Soul\u201d et \u201cCrystal Mountain\u201d. Lors de la derni\u00e8re tourn\u00e9e en Allemagne, un fan de metal a pos\u00e9 la question sur un forum sp\u00e9cialis\u00e9 : \u00ab Est-ce que le groupe vaut le d\u00e9placement en concert ? \u00bb La r\u00e9ponse d\u2019un autre fan ne s\u2019est pas fait attendre : \u00ab Absolument ! Je les ai vus deux fois et les deux concerts \u00e9taient excellents. Le chanteur fait un super boulot et le reste du groupe est tout aussi impressionnant. Entendre cette musique en live, jou\u00e9e tr\u00e8s fid\u00e8lement \u00e0 l\u2019original, vaut 100 % le coup pour moi. J\u2019y retournerai \u00e0 chaque fois qu\u2019ils passeront pr\u00e8s de chez moi. \u00bb Direction Pratteln !            <\/p>\n<p><a class=\"button\" href=\"https:\/\/www.national-acts.com\/dta\" target=\"_blank\" rel=\"noopener\">VIP Upgrades<\/a><\/p>\n","protected":false},"excerpt":{"rendered":"<p>L\u2019H\u00c9RITAGE DU DEATH METAL Trois anciens membres de la formation embl\u00e9matique Death se sont r\u00e9unis pour pr\u00e9server l\u2019h\u00e9ritage musical de&hellip;<\/p>\n","protected":false},"author":2,"featured_media":6120,"template":"","meta":{"_acf_changed":false},"product_brand":[],"product_cat":[160],"product_tag":[164,103],"class_list":{"0":"post-5255","1":"product","2":"type-product","3":"status-publish","4":"has-post-thumbnail","6":"product_cat-event","7":"product_tag-black-death-metal","8":"product_tag-heavy-metal-fr","10":"first","11":"instock","12":"virtual","13":"purchasable","14":"product-type-simple"},"acf":[],"_links":{"self":[{"href":"https:\/\/z-7.ch\/fr\/wp-json\/wp\/v2\/product\/5255","targetHints":{"allow":["GET"]}}],"collection":[{"href":"https:\/\/z-7.ch\/fr\/wp-json\/wp\/v2\/product"}],"about":[{"href":"https:\/\/z-7.ch\/fr\/wp-json\/wp\/v2\/types\/product"}],"author":[{"embeddable":true,"href":"https:\/\/z-7.ch\/fr\/wp-json\/wp\/v2\/users\/2"}],"wp:featuredmedia":[{"embeddable":true,"href":"https:\/\/z-7.ch\/fr\/wp-json\/wp\/v2\/media\/6120"}],"wp:attachment":[{"href":"https:\/\/z-7.ch\/fr\/wp-json\/wp\/v2\/media?parent=5255"}],"wp:term":[{"taxonomy":"product_brand","embeddable":true,"href":"https:\/\/z-7.ch\/fr\/wp-json\/wp\/v2\/product_brand?post=5255"},{"taxonomy":"product_cat","embeddable":true,"href":"https:\/\/z-7.ch\/fr\/wp-json\/wp\/v2\/product_cat?post=5255"},{"taxonomy":"product_tag","embeddable":true,"href":"https:\/\/z-7.ch\/fr\/wp-json\/wp\/v2\/product_tag?post=5255"}],"curies":[{"name":"wp","href":"https:\/\/api.w.org\/{rel}","templated":true}]}}