{"id":5274,"date":"2025-12-12T10:00:54","date_gmt":"2025-12-12T09:00:54","guid":{"rendered":"https:\/\/z-7.chprodukt\/schandmaul\/"},"modified":"2026-04-13T13:59:28","modified_gmt":"2026-04-13T11:59:28","slug":"schandmaul","status":"publish","type":"product","link":"https:\/\/z-7.ch\/fr\/event\/schandmaul\/","title":{"rendered":"Schandmaul"},"content":{"rendered":"<h3>SCHANDMAUL REPRENNENT LE LARGE<\/h3>\n<p><strong>Apr\u00e8s cinq longues ann\u00e9es de calme plat, il est enfin temps de hisser \u00e0 nouveau les voiles. Schandmaul font leur grand retour sur sc\u00e8ne avec leur nouvel album Sternensegler et apportent leur m\u00e9lange inimitable de folk, de rock et de magie narrative au Z7. Le 05 mars 2027, le groupe invite sa fid\u00e8le communaut\u00e9 \u00e0 partir ensemble \u00e0 la d\u00e9couverte de nouveaux horizons musicaux. En ouverture de la soir\u00e9e, les folk-rockers franconiens Gossenpoeten donneront le ton en signant le premier chapitre de cette aventure.   <\/strong><\/p>\n<p>Initialement pens\u00e9 comme un signal de renouveau apr\u00e8s une longue p\u00e9riode difficile, Sternensegler (sortie pr\u00e9vue mi-2026) marque le d\u00e9but d\u2019une nouvelle \u00e8re pour les folk rockers munichois. Les sept musiciens n\u2019ont jamais paru aussi soud\u00e9s et franchissent avec audace une nouvelle \u00e9tape dans leur \u00e9volution. Avec cet album qui associe m\u00e9lodies accrocheuses, textes po\u00e9tiques et paysages sonores puissants, Schandmaul enrichissent leur son caract\u00e9ristique de nouvelles facettes, sans jamais perdre de vue leurs racines. Men\u00e9e par le leader Thomas Lindner, qui passe avec aisance de la guitare au clavier, la formation s\u2019est r\u00e9cemment renforc\u00e9e avec l\u2019arriv\u00e9e du nouveau frontman Till Herence. Gr\u00e2ce \u00e0 sa voix marquante et \u00e0 son \u00e9nergie fra\u00eeche, il apporte une dynamique suppl\u00e9mentaire sur sc\u00e8ne, tandis que le groupe, en \u00e9quipage parfaitement rod\u00e9, met le cap sur un nouveau chapitre. Ensemble, ils invitent le public \u00e0 jeter le quotidien par-dessus bord et \u00e0 naviguer avec eux \u00e0 travers histoires, mythes et aventures \u2013 dans la plus pure tradition de la magie Schandmaul qui fait vibrer c\u0153urs et jambes depuis des ann\u00e9es.     <\/p>\n<p><strong>Gossenpoeten:<\/strong> Les \u00ab sympathiques compagnons de beuverie venus de leur Franconie natale \u00bb sillonnent les sc\u00e8nes des clubs et festivals \u00e0 travers toute l\u2019Allemagne depuis plus de sept ans. Avec leur premier album Nah am Folk (2018) et le second Tavernentempler (2020), Gossenpoeten ont r\u00e9ussi une entr\u00e9e remarqu\u00e9e et attachante sur la sc\u00e8ne folk. Le groupe, compos\u00e9 des quatre membres Darian der Dichter, der Wandervogel, Fynn der Vagabund et die F\u00fcchsin, s\u2019est agrandi en 2023 avec l\u2019arriv\u00e9e de Herr Frischbier, dont les rythmiques rugueuses apportent une nouvelle duret\u00e9 \u00e0 leur folk festif. Depuis le 6 octobre 2023, ils envoient leur troisi\u00e8me album Weltenbummler directement dans vos oreilles. Inspir\u00e9 par l\u2019actualit\u00e9 mondiale, les exp\u00e9riences de tourn\u00e9e et la nostalgie de la mer, ce nouvel opus se montre particuli\u00e8rement vari\u00e9. Des textes plus s\u00e9rieux c\u00f4toient des m\u00e9lodies joyeuses et des hymnes festifs taill\u00e9s pour devenir des refrains incontournables. De Tavernentempler \u00e0 Weltenbummler.      <\/p>\n","protected":false},"excerpt":{"rendered":"<p>SCHANDMAUL REPRENNENT LE LARGE Apr\u00e8s cinq longues ann\u00e9es de calme plat, il est enfin temps de hisser \u00e0 nouveau les&hellip;<\/p>\n","protected":false},"author":2,"featured_media":5636,"template":"","meta":{"_acf_changed":false},"product_brand":[],"product_cat":[160],"product_tag":[113,167],"class_list":{"0":"post-5274","1":"product","2":"type-product","3":"status-publish","4":"has-post-thumbnail","6":"product_cat-event","7":"product_tag-folk-fr","8":"product_tag-mittelalter","10":"first","11":"instock","12":"virtual","13":"purchasable","14":"product-type-simple"},"acf":[],"_links":{"self":[{"href":"https:\/\/z-7.ch\/fr\/wp-json\/wp\/v2\/product\/5274","targetHints":{"allow":["GET"]}}],"collection":[{"href":"https:\/\/z-7.ch\/fr\/wp-json\/wp\/v2\/product"}],"about":[{"href":"https:\/\/z-7.ch\/fr\/wp-json\/wp\/v2\/types\/product"}],"author":[{"embeddable":true,"href":"https:\/\/z-7.ch\/fr\/wp-json\/wp\/v2\/users\/2"}],"wp:featuredmedia":[{"embeddable":true,"href":"https:\/\/z-7.ch\/fr\/wp-json\/wp\/v2\/media\/5636"}],"wp:attachment":[{"href":"https:\/\/z-7.ch\/fr\/wp-json\/wp\/v2\/media?parent=5274"}],"wp:term":[{"taxonomy":"product_brand","embeddable":true,"href":"https:\/\/z-7.ch\/fr\/wp-json\/wp\/v2\/product_brand?post=5274"},{"taxonomy":"product_cat","embeddable":true,"href":"https:\/\/z-7.ch\/fr\/wp-json\/wp\/v2\/product_cat?post=5274"},{"taxonomy":"product_tag","embeddable":true,"href":"https:\/\/z-7.ch\/fr\/wp-json\/wp\/v2\/product_tag?post=5274"}],"curies":[{"name":"wp","href":"https:\/\/api.w.org\/{rel}","templated":true}]}}