{"id":5276,"date":"2025-12-12T10:00:19","date_gmt":"2025-12-12T09:00:19","guid":{"rendered":"https:\/\/z-7.chprodukt\/grave-digger\/"},"modified":"2026-04-13T13:55:35","modified_gmt":"2026-04-13T11:55:35","slug":"grave-digger","status":"publish","type":"product","link":"https:\/\/z-7.ch\/fr\/event\/grave-digger\/","title":{"rendered":"Grave Digger"},"content":{"rendered":"<h3>GERMAN METAL ATTACK 2027: LEGENDS NEVER DIE<\/h3>\n<p><b>La grande parade du metal teuton est en marche. Men\u00e9e par les l\u00e9gendes de la Ruhr Grave Digger, une affiche massive, bruyante et sans compromis d\u00e9barquera \u00e0 Pratteln en janvier 2027. En special guest, Motorjesus seront de la partie avec leur metal survitamin\u00e9. En ouverture, Warwolf lanceront la soir\u00e9e avec des riffs impitoyables et un d\u00e9luge de double grosse caisse totalement d\u00e9ment.<br \/>   <\/b><\/p>\n<p>L\u2019acier est de nouveau forg\u00e9. En 2027, le heavy metal allemand revient avec une force intacte sur les sc\u00e8nes europ\u00e9ennes. Sous la banni\u00e8re Legends Never Die, trois puissances s\u2019unissent pour former un package qui fera battre le c\u0153ur de tous les fans de metal. Au centre de cette attaque se trouvent les ic\u00f4nes cultes Grave Digger. Avec des albums fondateurs et des hymnes inoubliables, Grave Digger comptent parmi les groupes les plus influents de la sc\u00e8ne metal allemande depuis le d\u00e9but des ann\u00e9es 1980. Et m\u00eame apr\u00e8s plus de quarante-cinq ans dans une industrie impitoyable, aucun signe de fatigue n\u2019est perceptible. Chris Boltendahl, Jens Becker, Marcus Kniep et Tobias Kersting restent une valeur s\u00fbre sur sc\u00e8ne et continuent de publier r\u00e9guli\u00e8rement des albums d\u2019une grande qualit\u00e9. Avec Bone Collector, sorti en janvier 2025, Grave Digger ont pr\u00e9sent\u00e9 le tout premier album de leur carri\u00e8re enti\u00e8rement d\u00e9pourvu de passages au clavier. L\u2019arriv\u00e9e du nouveau guitariste Tobias Kersting permet au groupe de renouer avec des marques de fabrique longtemps oubli\u00e9es. Bruts, violents, honn\u00eates et pourtant imm\u00e9diatement accrocheurs, des titres comme \u201cBone Collector\u201d ou \u201cMade Of Madness\u201d d\u00e9ferlent avec fracas. Cet album est un v\u00e9ritable manifeste du heavy metal allemand : old school \u00e0 l\u2019\u00e9tat pur, sans rouille ni patine, toujours authentique. Rarement le groupe n\u2019a sonn\u00e9 aussi polyvalent, \u00e9nergique, frais et riche en facettes que sur ce disque. Pour la German Metal Attack, Grave Digger proposeront un set classique couvrant plus de quatre d\u00e9cennies de carri\u00e8re, enrichi de nouveaux morceaux percutants, prouvant une fois de plus que les vraies l\u00e9gendes ne meurent jamais. Des classiques intemporels comme \u201cHeavy Metal Breakdown\u201d, \u201cRebellion\u201d ou \u201cExcalibur\u201d rencontrent de toutes nouvelles hymnes tonitruantes, pour un m\u00e9lange explosif entre pass\u00e9 et futur.             <\/p>\n<p><strong>Motorjesus:<\/strong> En special guest, Motorjesus font monter la temp\u00e9rature avec leur high-octane metal entra\u00eenant \u2013 un cocktail explosif de metal, de rock \u2019n\u2019 roll et d\u2019essence dans le sang. Ceux qui les ont d\u00e9j\u00e0 vus sur sc\u00e8ne le savent : ici, c\u2019est pied au plancher, sans compromis ! \u00c0 l\u2019\u00e9t\u00e9 2025, le groupe de M\u00f6nchengladbach a sign\u00e9 un retour fracassant avec Streets of Fire. Leur huiti\u00e8me album studio propulse leur heavy rock inimitable dans une nouvelle dimension. \u00c0 fond, ils livrent un m\u00e9lange de rock crasseux impr\u00e9gn\u00e9 de Mot\u00f6rhead, de metal hymnique fa\u00e7on ann\u00e9es 1980 \u00e0 la Judas Priest et Iron Maiden, le tout relev\u00e9 d\u2019une solide attitude punk. Le r\u00e9sultat est un feu d\u2019artifice de heavy rock sans concession, capable d\u2019embarquer aussi bien les fans de longue date que les nouveaux auditeurs. Le r\u00e9servoir est plein \u00e0 ras bord et Motorjesus \u00e9crasent l\u2019acc\u00e9l\u00e9rateur. Apr\u00e8s Hellbreaker, leur pr\u00e9c\u00e9dent album class\u00e9 \u00e0 la 20e place des charts allemands et qui leur a valu des apparitions sur des festivals comme Summer Breeze, Rock Hard Festival et bien d\u2019autres grandes sc\u00e8nes, Streets of Fire place la barre encore plus haut. L\u2019album regorge d\u2019hymnes puissantes invitant \u00e0 chanter en ch\u0153ur et \u00e0 lever le poing. Cette fois-ci, volontairement sans ballades, mais avec encore plus de vitesse, de groove et de riffs accrocheurs qui s\u2019impriment imm\u00e9diatement en t\u00eate. Avec leur son unique, Motorjesus prouvent une fois de plus qu\u2019ils font partie des groupes de heavy rock les plus constants et les plus puissants d\u2019Allemagne.          <\/p>\n<p><strong>Warwolf:<\/strong> Pour ouvrir cette nuit de metal br\u00fblante, place \u00e0 des riffs impitoyables et \u00e0 des assauts de double grosse caisse venus tout droit de l\u2019enfer. La NWOBHM rencontre l\u2019acier teutonique. Warwolf reviennent avec leur troisi\u00e8me album, The Final Battle, qui m\u00eale des influences \u00e0 la Maiden \u00e0 une touche r\u00e9solument germanique \u2013 plus brute et plus honn\u00eate que jamais. Une approche sans compromis, au son live cru et direct. L\u2019album a une nouvelle fois \u00e9t\u00e9 produit, mix\u00e9 et masteris\u00e9 par Chris Boltendahl, chanteur de Grave Digger, au Graveyard Studio de Cologne. En parcourant la discographie de Warwolf dans l\u2019ordre chronologique, l\u2019\u00e9volution du groupe saute aux oreilles. D\u2019album en album, le groupe s\u2019est soud\u00e9, a m\u00fbri comme un bon vin et affirm\u00e9 sa propre identit\u00e9. Le chanteur Andreas von Lipinski s\u2019\u00e9mancipe de plus en plus de l\u2019ombre de ses puissantes influences pour devenir un frontman charismatique et ind\u00e9pendant. L\u2019album s\u00e9duit par un m\u00e9lange puissant d\u2019\u00e9l\u00e9ments de metal classique et moderne : riffs de guitare tonitruants, voix marquantes et une \u00e9nergie indomptable qui traverse chaque morceau. Nous nous r\u00e9jouissons de d\u00e9couvrir les temps forts des trois albums de Warwolf et une performance live intense \u2013 sombre, brute et sauvage !            <\/p>\n<div>\n<div class=\"content_klein_text\"><\/div>\n<\/div>\n<div>\n<div class=\"content_klein_text\"><\/div>\n<\/div>\n","protected":false},"excerpt":{"rendered":"<p>GERMAN METAL ATTACK 2027: LEGENDS NEVER DIE La grande parade du metal teuton est en marche. Men\u00e9e par les l\u00e9gendes&hellip;<\/p>\n","protected":false},"author":2,"featured_media":5638,"template":"","meta":{"_acf_changed":false},"product_brand":[],"product_cat":[160],"product_tag":[103],"class_list":{"0":"post-5276","1":"product","2":"type-product","3":"status-publish","4":"has-post-thumbnail","6":"product_cat-event","7":"product_tag-heavy-metal-fr","9":"first","10":"instock","11":"virtual","12":"purchasable","13":"product-type-simple"},"acf":[],"_links":{"self":[{"href":"https:\/\/z-7.ch\/fr\/wp-json\/wp\/v2\/product\/5276","targetHints":{"allow":["GET"]}}],"collection":[{"href":"https:\/\/z-7.ch\/fr\/wp-json\/wp\/v2\/product"}],"about":[{"href":"https:\/\/z-7.ch\/fr\/wp-json\/wp\/v2\/types\/product"}],"author":[{"embeddable":true,"href":"https:\/\/z-7.ch\/fr\/wp-json\/wp\/v2\/users\/2"}],"wp:featuredmedia":[{"embeddable":true,"href":"https:\/\/z-7.ch\/fr\/wp-json\/wp\/v2\/media\/5638"}],"wp:attachment":[{"href":"https:\/\/z-7.ch\/fr\/wp-json\/wp\/v2\/media?parent=5276"}],"wp:term":[{"taxonomy":"product_brand","embeddable":true,"href":"https:\/\/z-7.ch\/fr\/wp-json\/wp\/v2\/product_brand?post=5276"},{"taxonomy":"product_cat","embeddable":true,"href":"https:\/\/z-7.ch\/fr\/wp-json\/wp\/v2\/product_cat?post=5276"},{"taxonomy":"product_tag","embeddable":true,"href":"https:\/\/z-7.ch\/fr\/wp-json\/wp\/v2\/product_tag?post=5276"}],"curies":[{"name":"wp","href":"https:\/\/api.w.org\/{rel}","templated":true}]}}