{"id":5282,"date":"2025-12-10T11:00:21","date_gmt":"2025-12-10T10:00:21","guid":{"rendered":"https:\/\/z-7.chprodukt\/dartagnan\/"},"modified":"2026-04-13T13:36:58","modified_gmt":"2026-04-13T11:36:58","slug":"dartagnan","status":"publish","type":"product","link":"https:\/\/z-7.ch\/fr\/event\/dartagnan\/","title":{"rendered":"dArtagnan"},"content":{"rendered":"<h3>H\u00c9ROS &amp; HYMNES : 10 ANS DE DARTAGNAN<\/h3>\n<p><b>Le 13 novembre, le Z7 vibrera \u00e0 nouveau sous une d\u00e9ferlante de folk rock \u00e0 pleine puissance \u2013 avec manteaux, rapi\u00e8res, fum\u00e9e de poudre et grondements de tonnerre. Les rockeurs mousquetaires dArtagnan c\u00e9l\u00e8brent la premi\u00e8re d\u00e9cennie de leur carri\u00e8re exceptionnelle avec la tourn\u00e9e anniversaire \u201cH\u00e9ros &amp; Hymnes 2026\u201d. Le programme d\u2019ouverture sera assur\u00e9 par les pirates folk metal Storm Seeker et les bretteurs folk punk de Doppelbock.  <\/b><\/p>\n<p>Les trois amis Ben Metzner, Tim Bernhard et Gustavo Strauss, originaires de Nuremberg et connus sous le nom de dArtagnan, d\u00e9crivent avec assurance leur folk rock festif comme du \u00ab Musketeer Rock \u00bb. \u00c0 quoi cela ressemble-t-il ? \u00ab Beaucoup de nos chansons sont \u00e9troitement li\u00e9es aux traditionals, \u00e0 des m\u00e9lodies qui r\u00e9sonnaient d\u00e9j\u00e0 dans les ruelles il y a des centaines d\u2019ann\u00e9es. Et pourtant, notre musique s\u2019inscrit parfaitement dans notre \u00e9poque. \u00bb Depuis 2015, dArtagnan conqui\u00e8rent le c\u0153ur du public avec leurs hits, grimpent dans les charts et d\u00e9crochent de nombreuses distinctions. La tourn\u00e9e \u00e0 venir est l\u2019occasion de revenir sur leur parcours : \u00ab Amis, compagnons, mousquetaires. C\u2019est presque irr\u00e9el : voil\u00e0 dix ans que nous parcourons les contr\u00e9es avec nos chansons. Une d\u00e9cennie enti\u00e8re d\u2019aventures, de concerts inoubliables, de sueur, de larmes \u2013 et surtout : d\u2019une amiti\u00e9 infinie. En 2026, notre premier album certifi\u00e9 or Seit an Seit f\u00eate ses dix ans et nous voulons c\u00e9l\u00e9brer cet anniversaire avec vous en grand. Apr\u00e8s l\u2019accueil extraordinaire r\u00e9serv\u00e9 \u00e0 notre Heldenfest \u00e0 Wuppertal, nous avons d\u00e9cid\u00e9 sur un coup de t\u00eate de lancer une tourn\u00e9e anniversaire compl\u00e8te. Dans 13 villes s\u00e9lectionn\u00e9es en Allemagne, en Autriche et en Suisse, nous voulons trinquer avec vous \u00e0 tout ce qui a \u00e9t\u00e9, \u00e0 tout ce qui est et \u00e0 tout ce qui reste \u00e0 venir. \u00bb Les plus grands moments musicaux d\u2019une d\u00e9cennie dArtagnan seront c\u00e9l\u00e9br\u00e9s, tout comme la vie et l\u2019amour de la musique. Et bien s\u00fbr, le groupe r\u00e9serve aussi quelques nouvelles surprises qui rendront ces soir\u00e9es vraiment uniques. \u00ab C\u2019est notre fa\u00e7on de vous dire merci. Merci aux amis fid\u00e8les qui nous accompagnent depuis des ann\u00e9es et sans qui tout cela n\u2019aurait jamais \u00e9t\u00e9 possible. Alors levez vos verres, chauffez vos voix et aiguisez vos \u00e9p\u00e9es : h\u00e9ro\u00efnes et h\u00e9ros, chantez les hymnes avec nous \u2013 et c\u00e9l\u00e9brez dix ans de dArtagnan sur la tourn\u00e9e H\u00e9ros &amp; Hymnes. \u00bb        <\/p>\n<p><strong>Storm Seeker :<\/strong> Embarquer avec Storm Seeker, c\u2019est ne craindre ni la mort ni les esprits marins. Soit vous r\u00e9sistez au courant irr\u00e9sistible de ch\u0153urs polyphoniques, de riffs de guitare puissants et aux sons envo\u00fbtants de la vielle \u00e0 roue et des fl\u00fbtes \u2013 soit vous \u00eates impitoyablement jet\u00e9 par-dessus bord. La vie entre hamacs et tonneaux de rhum sur les ponts inf\u00e9rieurs est aussi impr\u00e9visible et rude qu\u2019elle est libre et pleine d\u2019aventures. Un terrain id\u00e9al pour Sean Graham. Avec une voix \u00e0 la fois puissante et sensible, le frontman trace la route de cette force nautique \u00e0 cinq membres : \u00ab Tous ceux qui aiment, m\u00eame un peu, les r\u00e9cits de marins, l\u2019aventure et les histoires du rude Nord peuvent se r\u00e9jouir de ce que notre avenir commun nous r\u00e9serve \u00bb, promet le nouveau chanteur. \u00ab Hisser les voiles ! \u00bb tel est l\u2019ordre \u2013 et Set The Sails est justement le premier single enregistr\u00e9 avec lui. Le morceau ouvre la voie \u00e0 des histoires aussi anciennes que la navigation elle-m\u00eame : d\u00e9parts, aventures et privations. Le d\u00e9but d\u2019un voyage qui exige du courage et promet la libert\u00e9.         <\/p>\n<p><strong>Doppelbock :<\/strong> Quelque part entre folk punk, mobylettes et po\u00e9sie de bistrot, les cinq musiciens de Doppelbock, originaires de Gelnhausen en Hesse, tracent leur propre voie. Si beaucoup de leurs chansons sont teint\u00e9es d\u2019une bonne dose d\u2019autod\u00e9rision, le groupe aborde aussi r\u00e9guli\u00e8rement des th\u00e8mes plus s\u00e9rieux. Doppelbock parvient habilement \u00e0 faire le lien entre des morceaux punk classiques et des ballades folk \u00e0 la critique sociale subtile, sans jamais se disperser musicalement. Apr\u00e8s leur premier album So sch\u00f6n sorti en 2021 et plusieurs singles, ils ont frapp\u00e9 fort \u00e0 l\u2019\u00e9t\u00e9 2025 avec Zu jung f\u00fcr Nostalgie. Que ce soit en club ou sur les sc\u00e8nes de festival, Doppelbock mettent toujours le feu en concert, ayant d\u00e9j\u00e0 partag\u00e9 la sc\u00e8ne avec des groupes comme Doro, Versengold, Schandmaul, Paddyhats, Warkings, K\u00e4rbholz, Oomph et bien d\u2019autres.    <\/p>\n<div>\n<div class=\"content_klein_text\"><\/div>\n<\/div>\n","protected":false},"excerpt":{"rendered":"<p>H\u00c9ROS &amp; HYMNES : 10 ANS DE DARTAGNAN Le 13 novembre, le Z7 vibrera \u00e0 nouveau sous une d\u00e9ferlante de&hellip;<\/p>\n","protected":false},"author":2,"featured_media":5642,"template":"","meta":{"_acf_changed":false},"product_brand":[],"product_cat":[160],"product_tag":[113,167],"class_list":{"0":"post-5282","1":"product","2":"type-product","3":"status-publish","4":"has-post-thumbnail","6":"product_cat-event","7":"product_tag-folk-fr","8":"product_tag-mittelalter","10":"first","11":"instock","12":"virtual","13":"purchasable","14":"product-type-simple"},"acf":[],"_links":{"self":[{"href":"https:\/\/z-7.ch\/fr\/wp-json\/wp\/v2\/product\/5282","targetHints":{"allow":["GET"]}}],"collection":[{"href":"https:\/\/z-7.ch\/fr\/wp-json\/wp\/v2\/product"}],"about":[{"href":"https:\/\/z-7.ch\/fr\/wp-json\/wp\/v2\/types\/product"}],"author":[{"embeddable":true,"href":"https:\/\/z-7.ch\/fr\/wp-json\/wp\/v2\/users\/2"}],"wp:featuredmedia":[{"embeddable":true,"href":"https:\/\/z-7.ch\/fr\/wp-json\/wp\/v2\/media\/5642"}],"wp:attachment":[{"href":"https:\/\/z-7.ch\/fr\/wp-json\/wp\/v2\/media?parent=5282"}],"wp:term":[{"taxonomy":"product_brand","embeddable":true,"href":"https:\/\/z-7.ch\/fr\/wp-json\/wp\/v2\/product_brand?post=5282"},{"taxonomy":"product_cat","embeddable":true,"href":"https:\/\/z-7.ch\/fr\/wp-json\/wp\/v2\/product_cat?post=5282"},{"taxonomy":"product_tag","embeddable":true,"href":"https:\/\/z-7.ch\/fr\/wp-json\/wp\/v2\/product_tag?post=5282"}],"curies":[{"name":"wp","href":"https:\/\/api.w.org\/{rel}","templated":true}]}}