{"id":5286,"date":"2025-12-09T10:00:17","date_gmt":"2025-12-09T09:00:17","guid":{"rendered":"https:\/\/z-7.chprodukt\/orden-ogan\/"},"modified":"2026-04-01T10:07:33","modified_gmt":"2026-04-01T08:07:33","slug":"orden-ogan","status":"publish","type":"product","link":"https:\/\/z-7.ch\/fr\/event\/orden-ogan\/","title":{"rendered":"Orden Ogan + Ensiferum"},"content":{"rendered":"<h3>TOUR OF THE GRAVE<\/h3>\n<p><strong>Orden Ogan font partie de l\u2019\u00e9lite du power metal moderne \u2013 sombre, m\u00e9lodique et techniquement ma\u00eetris\u00e9. Des structures metal classiques rencontrent une dimension cin\u00e9matographique ainsi qu\u2019un sens marqu\u00e9 de l\u2019atmosph\u00e8re et du storytelling. En janvier 2027, Orden Ogan pr\u00e9senteront leur nouveau chef-d\u2019\u0153uvre Lords Of The Grave au Z7 \u2013 accompagn\u00e9s des g\u00e9ants finlandais du folk metal Ensiferum en special guests de prestige. Le leader du groupe Sebastian \u00ab Seeb \u00bb Levermann explique : \u00ab M\u00eame si nous venons de sous-genres diff\u00e9rents, nos styles se compl\u00e8tent parfaitement. Cette tourn\u00e9e r\u00e9unit puissance \u00e9pique, m\u00e9lodie et intensit\u00e9 au plus haut niveau \u2013 exactement ce que repr\u00e9sentent nos deux groupes. \u00bb <\/strong><\/p>\n<p>V\u00e9ritable institution du melodic power metal allemand, Orden Ogan assureront un lancement tonitruant de l\u2019ann\u00e9e de concerts 2027. La nouvelle tourn\u00e9e d\u00e9bute le 7 janvier \u00e0 Munich, et le nouvel album Lords Of The Grave sortira d\u00e8s le lendemain. Avec deux albums cons\u00e9cutifs class\u00e9s dans le Top 3 (Final Days et The Order of Fear), une tourn\u00e9e headline 2025 presque enti\u00e8rement sold out et des prestations massives en festival qui atteignent d\u00e9sormais le niveau de t\u00eate d\u2019affiche, Orden Ogan comptent parmi les forces dominantes du power metal moderne. Peu de groupes de la sc\u00e8ne parviennent \u00e0 combiner univers narratifs \u00e9piques, shows monumentaux et une fanbase aussi fid\u00e8le \u00e0 ce niveau. Apr\u00e8s leur tourn\u00e9e commune avec Wind Rose, Orden Ogan annoncent d\u00e9sormais leur tourn\u00e9e la plus grande et la plus ambitieuse \u00e0 ce jour : la Tour Of The Grave. Le nouvel album marque une nouvelle \u00e9tape dans l\u2019\u00e9volution du groupe. Musicalement, Lords Of The Grave poursuit la direction sans compromis : un power metal plus sombre et plus massif, port\u00e9 par d\u2019imposants murs de guitares, des lignes m\u00e9lodiques grandioses et des refrains taill\u00e9s pour les grandes salles. Sebastian \u00ab Seeb \u00bb Levermann d\u00e9crit ce qui attend le public : \u00ab Un show encore plus \u00e9pique que jamais. Ceux qui connaissent Orden Ogan savent que nos concerts sont toujours une immense f\u00eate avec le public \u2013 mais cette tourn\u00e9e sera la plus grande de toutes. \u00bb<\/p>\n<p>\u00c0 leurs c\u00f4t\u00e9s se produira Ensiferum, l\u2019un des groupes de folk metal les plus marquants d\u2019Europe. Depuis des d\u00e9cennies, les Finlandais m\u00ealent folklore nordique, puissance m\u00e9lodique, \u00e9nergie hymnique et refrains \u00e9piques. Avec leur style inimitable combinant folk, viking et melodic death metal, Ensiferum se sont construit une fid\u00e8le communaut\u00e9 de fans \u00e0 travers le monde et comptent parmi les formations majeures de leur genre. L\u2019histoire commune avec Orden Ogan remonte loin : d\u00e8s 2008, Ensiferum se produisaient en t\u00eate d\u2019affiche au festival WinterNachtsTraum organis\u00e9 par Orden Ogan. Pr\u00e8s de deux d\u00e9cennies plus tard, deux poids lourds europ\u00e9ens du metal se retrouvent \u00e0 nouveau sur la m\u00eame sc\u00e8ne \u2013 un programme qui r\u00e9unit m\u00e9lodies \u00e9piques, puissance brute et \u00e9nergie live irr\u00e9sistible.<\/p>\n","protected":false},"excerpt":{"rendered":"<p>TOUR OF THE GRAVE Orden Ogan font partie de l\u2019\u00e9lite du power metal moderne \u2013 sombre, m\u00e9lodique et techniquement ma\u00eetris\u00e9.&hellip;<\/p>\n","protected":false},"author":2,"featured_media":5646,"template":"","meta":{"_acf_changed":false},"product_brand":[],"product_cat":[160],"product_tag":[169],"class_list":{"0":"post-5286","1":"product","2":"type-product","3":"status-publish","4":"has-post-thumbnail","6":"product_cat-event","7":"product_tag-power-metal","9":"first","10":"instock","11":"virtual","12":"purchasable","13":"product-type-simple"},"acf":[],"_links":{"self":[{"href":"https:\/\/z-7.ch\/fr\/wp-json\/wp\/v2\/product\/5286","targetHints":{"allow":["GET"]}}],"collection":[{"href":"https:\/\/z-7.ch\/fr\/wp-json\/wp\/v2\/product"}],"about":[{"href":"https:\/\/z-7.ch\/fr\/wp-json\/wp\/v2\/types\/product"}],"author":[{"embeddable":true,"href":"https:\/\/z-7.ch\/fr\/wp-json\/wp\/v2\/users\/2"}],"wp:featuredmedia":[{"embeddable":true,"href":"https:\/\/z-7.ch\/fr\/wp-json\/wp\/v2\/media\/5646"}],"wp:attachment":[{"href":"https:\/\/z-7.ch\/fr\/wp-json\/wp\/v2\/media?parent=5286"}],"wp:term":[{"taxonomy":"product_brand","embeddable":true,"href":"https:\/\/z-7.ch\/fr\/wp-json\/wp\/v2\/product_brand?post=5286"},{"taxonomy":"product_cat","embeddable":true,"href":"https:\/\/z-7.ch\/fr\/wp-json\/wp\/v2\/product_cat?post=5286"},{"taxonomy":"product_tag","embeddable":true,"href":"https:\/\/z-7.ch\/fr\/wp-json\/wp\/v2\/product_tag?post=5286"}],"curies":[{"name":"wp","href":"https:\/\/api.w.org\/{rel}","templated":true}]}}