{"id":5288,"date":"2025-12-08T10:00:45","date_gmt":"2025-12-08T09:00:45","guid":{"rendered":"https:\/\/z-7.chprodukt\/saxon\/"},"modified":"2025-12-08T10:00:45","modified_gmt":"2025-12-08T09:00:45","slug":"saxon","status":"publish","type":"product","link":"https:\/\/z-7.ch\/fr\/event\/saxon\/","title":{"rendered":"Saxon"},"content":{"rendered":"<h4 style=\"margin: 0;\"><span style=\"background-color: white; color: black; padding: 5px 10px;\">Z7 SUMMER NIGHTS OPEN AIR<\/span><\/h4>\n<p>&nbsp;<\/p>\n<h3>ORAGE METAL AVEC SAXON<\/h3>\n<p><b>Le puissant aigle du metal d\u00e9ploie une nouvelle fois ses ailes et se pose sur notre sc\u00e8ne en plein air en ao\u00fbt 2026. Les l\u00e9gendes infatigables de la NWOBHM, Saxon, reviennent \u00e0 Pratteln pour un concert dans le cadre des Z7 Summer Nights. M\u00eame apr\u00e8s cinq d\u00e9cennies, le frontman Biff Byford affiche une forme \u00e9blouissante et apporte une fois de plus son tonnerre heavy metal intemporel en Suisse.  <\/b><\/p>\n<p>Saxon sont les v\u00e9ritables for\u00e7ats de la sc\u00e8ne metal. Fond\u00e9s il y a 50 ans \u00e0 Barnsley, en Angleterre, sous le nom Son Of A Bitch, ils ont depuis \u00e9crit l\u2019histoire du heavy metal. Aux c\u00f4t\u00e9s d\u2019Iron Maiden, ils faisaient partie des pionniers de la New Wave Of British Heavy Metal au d\u00e9but des ann\u00e9es 1980, pla\u00e7ant cinq albums dans le Top 20 des charts britanniques \u00e0 une \u00e9poque o\u00f9 il fallait vendre \u00e9norm\u00e9ment de disques pour s\u2019imposer dans les classements. Aujourd\u2019hui, Saxon comptent 24 albums studio et d\u2019innombrables albums live \u00e0 leur actif. Gr\u00e2ce \u00e0 des sorties r\u00e9guli\u00e8res et \u00e0 des tourn\u00e9es quasi ininterrompues, ils restent une valeur s\u00fbre du hard rock. Saxon font partie des tr\u00e8s rares groupes \u00e0 \u00eatre rest\u00e9s fid\u00e8les \u00e0 eux-m\u00eames et \u00e0 leur son tout au long de leur carri\u00e8re \u2013 et les fans le leur rendent bien. Avec leur dernier album Hell, Fire And Damnation, Saxon ont une nouvelle fois d\u00e9pass\u00e9 toutes les attentes en 2024, livrant un nouveau classique du heavy metal qui trouve l\u2019\u00e9quilibre parfait entre une puissance actuelle assum\u00e9e et un hommage respectueux \u00e0 l\u2019\u00e2ge d\u2019or de la New Wave Of British Heavy Metal. Chaque concert respire la confiance. Biff Byford livre ses meilleures performances vocales depuis des ann\u00e9es, tandis que le batteur Nigel Glockler et le bassiste Nibbs Carter assurent une rythmique tonitruante. Les guitares de Doug Scarratt et Brian Tatler sonnent fra\u00eeches et br\u00fblantes, se compl\u00e9tant \u00e0 merveille. Musicalement, Saxon offrent tout ce qui fait vibrer la communaut\u00e9 denim &amp; cuir. Revenant sur l\u2019album produit par Andy Sneap (Judas Priest) \u2013 et qui marque la premi\u00e8re participation du guitariste de Diamond Head, Brian Tatler \u2013 Biff explique : \u00ab Brian a apport\u00e9 une nouvelle dynamique \u00e0 l\u2019\u00e9criture des morceaux. \u00c7a a parfaitement fonctionn\u00e9. Hell, Fire And Damnation a \u00e9t\u00e9 \u00e9lu \u201cAlbum de l\u2019ann\u00e9e\u201d sur de nombreux sites, donc nous avons visiblement vis\u00e9 juste. J\u2019esp\u00e8re que le prochain sera aussi bon, voire meilleur. Mais Hell, Fire And Damnation sera difficile \u00e0 surpasser. Je le consid\u00e8re comme un album presque parfait. \u00bb Les compositions pour un successeur sont d\u00e9j\u00e0 en cours, avec une sortie attendue pour la fin de l\u2019ann\u00e9e 2026. Il n\u2019est donc pas exclu qu\u2019un tout nouveau titre de Saxon fasse d\u00e9j\u00e0 son apparition dans la setlist des Summer Nights.              <\/p>\n","protected":false},"excerpt":{"rendered":"<p>Z7 SUMMER NIGHTS OPEN AIR &nbsp; ORAGE METAL AVEC SAXON Le puissant aigle du metal d\u00e9ploie une nouvelle fois ses&hellip;<\/p>\n","protected":false},"author":2,"featured_media":5648,"template":"","meta":{"_acf_changed":false},"product_brand":[],"product_cat":[160],"product_tag":[103],"class_list":{"0":"post-5288","1":"product","2":"type-product","3":"status-publish","4":"has-post-thumbnail","6":"product_cat-event","7":"product_tag-heavy-metal-fr","9":"first","10":"instock","11":"virtual","12":"purchasable","13":"product-type-simple"},"acf":[],"_links":{"self":[{"href":"https:\/\/z-7.ch\/fr\/wp-json\/wp\/v2\/product\/5288","targetHints":{"allow":["GET"]}}],"collection":[{"href":"https:\/\/z-7.ch\/fr\/wp-json\/wp\/v2\/product"}],"about":[{"href":"https:\/\/z-7.ch\/fr\/wp-json\/wp\/v2\/types\/product"}],"author":[{"embeddable":true,"href":"https:\/\/z-7.ch\/fr\/wp-json\/wp\/v2\/users\/2"}],"wp:featuredmedia":[{"embeddable":true,"href":"https:\/\/z-7.ch\/fr\/wp-json\/wp\/v2\/media\/5648"}],"wp:attachment":[{"href":"https:\/\/z-7.ch\/fr\/wp-json\/wp\/v2\/media?parent=5288"}],"wp:term":[{"taxonomy":"product_brand","embeddable":true,"href":"https:\/\/z-7.ch\/fr\/wp-json\/wp\/v2\/product_brand?post=5288"},{"taxonomy":"product_cat","embeddable":true,"href":"https:\/\/z-7.ch\/fr\/wp-json\/wp\/v2\/product_cat?post=5288"},{"taxonomy":"product_tag","embeddable":true,"href":"https:\/\/z-7.ch\/fr\/wp-json\/wp\/v2\/product_tag?post=5288"}],"curies":[{"name":"wp","href":"https:\/\/api.w.org\/{rel}","templated":true}]}}