{"id":5291,"date":"2025-12-05T10:00:04","date_gmt":"2025-12-05T09:00:04","guid":{"rendered":"https:\/\/z-7.chprodukt\/the-dead-daisies\/"},"modified":"2026-04-01T10:04:57","modified_gmt":"2026-04-01T08:04:57","slug":"the-dead-daisies","status":"publish","type":"product","link":"https:\/\/z-7.ch\/fr\/event\/the-dead-daisies\/","title":{"rendered":"The Dead Daisies"},"content":{"rendered":"<h3>THE DEAD DAISIES: ON THE ROAD AGAIN<\/h3>\n<p><b>Nouvel album \u2013 nouvelle tourn\u00e9e. 2027 sera une ann\u00e9e Dead Daisies ! Le supergroupe de David Lowy, avec John Corabi et Doug Aldrich, retournera en studio en 2026 pour enregistrer de nouveaux morceaux. Au printemps 2027, les musiciens pr\u00e9senteront ce nouveau mat\u00e9riel lors d\u2019une grande tourn\u00e9e de sortie d\u2019album. <\/b><\/p>\n<p>\u00ab A new album will come out in 2027 ! \u00bb nous ont annonc\u00e9 The Dead Daisies en octobre 2025. Il allait donc de soi que nous souhaitions accueillir le groupe au Z7 avec ce nouvel opus. Depuis 2012, le guitariste australien, homme d\u2019affaires et ancien pilote de voltige David Lowy c\u00e9l\u00e8bre sa passion pour le classic rock de haut niveau avec ce projet. Il r\u00e9unit au sein de cette formation all-star quelques-uns des plus grands noms de l\u2019histoire du rock. Actuellement, le groupe compte dans ses rangs le guitariste Doug Aldrich et le bassiste Michael Devin, tous deux ex-membres de Whitesnake, tandis que Tommy Clufetos (Black Sabbath, Ozzy, Alice Cooper, entre autres) mart\u00e8le les f\u00fbts. Aux c\u00f4t\u00e9s du chanteur John Corabi (M\u00f6tley Cr\u00fce, Union, The Scream), ils forment un line-up de tr\u00e8s haut vol pour cette supergroup exceptionnelle. Ces douze derni\u00e8res ann\u00e9es, The Dead Daisies ont partag\u00e9 la sc\u00e8ne avec certaines des plus grandes l\u00e9gendes du rock, dont Kiss, Guns N\u2019 Roses, Scorpions, Aerosmith, Def Leppard, Bad Company, Whitesnake, ZZ Top, Foreigner, Judas Priest ou encore Hollywood Vampires. Ils ont donn\u00e9 des concerts en t\u00eate d\u2019affiche en Europe, au Japon, en Am\u00e9rique du Nord et du Sud, jou\u00e9 devant les fans de rock cubains apr\u00e8s la lev\u00e9e de l\u2019embargo en 2015, et enthousiasm\u00e9 300 000 spectateurs aux c\u00f4t\u00e9s d\u2019un orchestre de 60 musiciens lors du \u00ab Concert For Freedom \u00bb en Pologne. The Dead Daisies ont \u00e9galement fait vibrer des centaines de milliers de fans sur des festivals prestigieux tels que Download, Wacken, Graspop, Hellfest ou Sweden Rock. Leur derni\u00e8re venue au Z7 remonte \u00e0 l\u2019automne 2024, o\u00f9 ils ont livr\u00e9 un impressionnant best-of \u2013 avec Reb Beach en remplacement de Doug Aldrich, alors malade. Actuellement, le groupe travaille sur de nouveaux titres, avec un retour en studio pr\u00e9vu en 2026 et une sortie d\u2019album en 2027, juste \u00e0 temps pour la tourn\u00e9e.<\/p>\n<p>&nbsp;<\/p>\n<p>The Dead Daisies sont :<br \/>\n<strong>John Corabi<\/strong> (M\u00f6tley Cr\u00fce, Union, The Scream) \u2013 chant<br \/>\n<strong>Doug Aldrich<\/strong> (Whitesnake, Dio) &#8211; guitare<br \/>\n<strong>Tommy Clufetos<\/strong> (Black Sabbath, Ozzy, Alice Cooper, Ted Nugent etc.) &#8211; batterie<br \/>\n<strong>Michael Devin<\/strong> (Whitesnake) &#8211; basse<br \/>\n<strong>David Lowy<\/strong> (Red Phoenix\/Mink) &#8211; guitare<\/p>\n","protected":false},"excerpt":{"rendered":"<p>THE DEAD DAISIES: ON THE ROAD AGAIN Nouvel album \u2013 nouvelle tourn\u00e9e. 2027 sera une ann\u00e9e Dead Daisies ! Le&hellip;<\/p>\n","protected":false},"author":2,"featured_media":3707,"template":"","meta":{"_acf_changed":false},"product_brand":[],"product_cat":[160],"product_tag":[123,135,105],"class_list":{"0":"post-5291","1":"product","2":"type-product","3":"status-publish","4":"has-post-thumbnail","6":"product_cat-event","7":"product_tag-americana-fr","8":"product_tag-classic-rock-fr","9":"product_tag-hard-rock-fr","11":"first","12":"instock","13":"virtual","14":"purchasable","15":"product-type-simple"},"acf":[],"_links":{"self":[{"href":"https:\/\/z-7.ch\/fr\/wp-json\/wp\/v2\/product\/5291","targetHints":{"allow":["GET"]}}],"collection":[{"href":"https:\/\/z-7.ch\/fr\/wp-json\/wp\/v2\/product"}],"about":[{"href":"https:\/\/z-7.ch\/fr\/wp-json\/wp\/v2\/types\/product"}],"author":[{"embeddable":true,"href":"https:\/\/z-7.ch\/fr\/wp-json\/wp\/v2\/users\/2"}],"wp:featuredmedia":[{"embeddable":true,"href":"https:\/\/z-7.ch\/fr\/wp-json\/wp\/v2\/media\/3707"}],"wp:attachment":[{"href":"https:\/\/z-7.ch\/fr\/wp-json\/wp\/v2\/media?parent=5291"}],"wp:term":[{"taxonomy":"product_brand","embeddable":true,"href":"https:\/\/z-7.ch\/fr\/wp-json\/wp\/v2\/product_brand?post=5291"},{"taxonomy":"product_cat","embeddable":true,"href":"https:\/\/z-7.ch\/fr\/wp-json\/wp\/v2\/product_cat?post=5291"},{"taxonomy":"product_tag","embeddable":true,"href":"https:\/\/z-7.ch\/fr\/wp-json\/wp\/v2\/product_tag?post=5291"}],"curies":[{"name":"wp","href":"https:\/\/api.w.org\/{rel}","templated":true}]}}