{"id":5293,"date":"2025-12-03T10:00:55","date_gmt":"2025-12-03T09:00:55","guid":{"rendered":"https:\/\/z-7.chprodukt\/clawfinger\/"},"modified":"2026-04-01T10:14:28","modified_gmt":"2026-04-01T08:14:28","slug":"clawfinger","status":"publish","type":"product","link":"https:\/\/z-7.ch\/fr\/event\/clawfinger\/","title":{"rendered":"Clawfinger"},"content":{"rendered":"<h3>TONS D\u00c9CHA\u00ceN\u00c9S D\u2019UNE L\u00c9GENDE DU RAP METAL<\/h3>\n<p><b>Depuis plus de 30 ans, Clawfinger font partie de l\u2019\u00e9lite de la sc\u00e8ne crossover internationale. Avec leurs hits, ils ont marqu\u00e9 le genre comme peu d\u2019autres groupes. Le samedi d\u2019Halloween, les pionniers su\u00e9do-norv\u00e9giens reviennent dans notre salle avec leur nouvel album studio Before We All Die ainsi qu\u2019un grand nombre de titres embl\u00e9matiques issus de leur longue carri\u00e8re. <\/b><\/p>\n<p>Clawfinger ont fait irruption sur la sc\u00e8ne musicale internationale en 1993 avec fracas. Leur premier album Deaf Dumb Blind, port\u00e9 par des titres comme \u201cNigger\u201d, \u201cThe Truth\u201d ou \u201cWarfair\u201d, est devenu un succ\u00e8s mondial et reste aujourd\u2019hui encore un jalon d\u00e9terminant de l\u2019histoire du genre. Avec leur m\u00e9lange de metal, de rap et d\u2019\u00e9l\u00e9ments \u00e9lectroniques, Clawfinger n\u2019ont pas seulement cr\u00e9\u00e9 un nouveau style musical, ils ont aussi abord\u00e9 sans d\u00e9tour des probl\u00e9matiques sociales br\u00fblantes. Ils ont ainsi r\u00e9ussi \u00e0 exprimer ce que toute une g\u00e9n\u00e9ration ressentait. Aujourd\u2019hui, cette machine \u00e0 hits profonde et percutante du crossover jouit d\u2019un v\u00e9ritable statut culte. Leur dernier album Life Will Kill You remonte \u00e0 18 ans, mais voici enfin du nouveau mat\u00e9riel : Before We All Die (sortie le 20 f\u00e9vrier 2026) est le titre de ce nouvel opus studio. Le chanteur Zak Tell y d\u00e9livre une fois de plus des textes d\u2019une brutalit\u00e9 sans concession : \u00ab Il ne s\u2019agit pas de paix ici. Il s\u2019agit de diffuser la v\u00e9rit\u00e9, aussi horrible soit-elle. Et c\u2019est pr\u00e9cis\u00e9ment pour cela que nous le faisons. \u00bb Sur Before We All Die, Clawfinger traitent de la destruction de l\u2019environnement, de l\u2019hypocrisie politique et de la d\u00e9sillusion personnelle, jusqu\u2019au refus collectif. \u00ab Cet album est compos\u00e9 pour un tiers de protestation, un tiers de th\u00e9rapie et un tiers de doigt d\u2019honneur \u00bb, ajoute-t-il. \u00ab Nous ne pouvons malheureusement pas proposer des solutions toutes faites, mais au moins nous r\u00e9sistons, car rester silencieux signifierait notre fin \u00e0 tous. \u00bb Le premier single \u201cScum\u201d donne imm\u00e9diatement le ton. Le groupe y d\u00e9nonce des dirigeants corrompus, une morale factice et une foule grandissante anim\u00e9e par des id\u00e9es d\u2019extr\u00eame droite. Zak pr\u00e9cise : \u00ab \u2018Scum\u2019 est un morceau punk-rap brut, bruyant et d\u2019une honn\u00eatet\u00e9 brutale, qui frappe en pleine figure. Il s\u2019adresse aux types \u00e9go\u00efstes, sexistes et narcissiques qui ne cessent de parler. Avec des paroles ac\u00e9r\u00e9es comme des lames et un beat qui claque comme une gifle, \u2018Scum\u2019 dit exactement ce que nous pensons de ces individus qui feraient mieux de dispara\u00eetre. Le morceau est incroyablement en col\u00e8re, sombre et direct. Si tu as d\u00e9j\u00e0 eu envie de cracher au visage de quelqu\u2019un sans en avoir le courage \u2013 ou parce que les conventions sociales l\u2019interdisent \u2013 alors ce titre est fait pour toi. \u00bb<\/p>\n","protected":false},"excerpt":{"rendered":"<p>TONS D\u00c9CHA\u00ceN\u00c9S D\u2019UNE L\u00c9GENDE DU RAP METAL Depuis plus de 30 ans, Clawfinger font partie de l\u2019\u00e9lite de la sc\u00e8ne&hellip;<\/p>\n","protected":false},"author":2,"featured_media":3698,"template":"","meta":{"_acf_changed":false},"product_brand":[],"product_cat":[160],"product_tag":[173,130,172],"class_list":{"0":"post-5293","1":"product","2":"type-product","3":"status-publish","4":"has-post-thumbnail","6":"product_cat-event","7":"product_tag-crossover","8":"product_tag-nu-metal-fr","9":"product_tag-rap","11":"first","12":"instock","13":"virtual","14":"purchasable","15":"product-type-simple"},"acf":[],"_links":{"self":[{"href":"https:\/\/z-7.ch\/fr\/wp-json\/wp\/v2\/product\/5293","targetHints":{"allow":["GET"]}}],"collection":[{"href":"https:\/\/z-7.ch\/fr\/wp-json\/wp\/v2\/product"}],"about":[{"href":"https:\/\/z-7.ch\/fr\/wp-json\/wp\/v2\/types\/product"}],"author":[{"embeddable":true,"href":"https:\/\/z-7.ch\/fr\/wp-json\/wp\/v2\/users\/2"}],"wp:featuredmedia":[{"embeddable":true,"href":"https:\/\/z-7.ch\/fr\/wp-json\/wp\/v2\/media\/3698"}],"wp:attachment":[{"href":"https:\/\/z-7.ch\/fr\/wp-json\/wp\/v2\/media?parent=5293"}],"wp:term":[{"taxonomy":"product_brand","embeddable":true,"href":"https:\/\/z-7.ch\/fr\/wp-json\/wp\/v2\/product_brand?post=5293"},{"taxonomy":"product_cat","embeddable":true,"href":"https:\/\/z-7.ch\/fr\/wp-json\/wp\/v2\/product_cat?post=5293"},{"taxonomy":"product_tag","embeddable":true,"href":"https:\/\/z-7.ch\/fr\/wp-json\/wp\/v2\/product_tag?post=5293"}],"curies":[{"name":"wp","href":"https:\/\/api.w.org\/{rel}","templated":true}]}}