{"id":5295,"date":"2025-12-01T17:25:25","date_gmt":"2025-12-01T16:25:25","guid":{"rendered":"https:\/\/z-7.chprodukt\/traumkonzert\/"},"modified":"2026-02-06T17:46:16","modified_gmt":"2026-02-06T16:46:16","slug":"traumkonzert","status":"publish","type":"product","link":"https:\/\/z-7.ch\/fr\/event\/traumkonzert\/","title":{"rendered":"Traumkonzert"},"content":{"rendered":"<h3 data-start=\"197\" data-end=\"263\">LE CONCERT IMMERSIF DU CHANTEUR DE POLARKREIS 18, FELIX R\u00c4UBER<\/h3>\n<p data-start=\"265\" data-end=\"629\">Avec le Traumkonzert (\u00ab concert-r\u00eave \u00bb), le chanteur et compositeur Felix R\u00e4uber \u2013 connu comme le frontman de Polarkreis 18 (\u00ab Allein Allein \u00bb) \u2013 invite le public \u00e0 un voyage musical unique en son genre. Aux c\u00f4t\u00e9s du pianiste de concert Justin Lehmann-Friese et de la violoniste Shir-Ran Pinon, il cr\u00e9e une exp\u00e9rience live cin\u00e9matographique o\u00f9 la musique, la lumi\u00e8re, l\u2019espace \u2013 et le public \u2013 ne font plus qu\u2019un. <\/p>\n<p data-start=\"631\" data-end=\"887\">Dans des lieux sp\u00e9cialement con\u00e7us pour ce format, vous d\u00e9couvrez des compositions empreintes d\u2019\u00e9motion, inspir\u00e9es par Hans Zimmer, Ludovico Einaudi et Yann Tiersen. Les Traumkonzerte sont des instants de pause et de s\u00e9r\u00e9nit\u00e9 \u2013 une exp\u00e9rience qui touche profond\u00e9ment. <\/p>\n<p data-start=\"889\" data-end=\"1183\">L\u2019un des points forts r\u00e9side dans le choix de votre point de vue : lits simples ou doubles, chaises longues ou places assises classiques \u2013 c\u2019est vous qui d\u00e9cidez comment vous abandonner et vous immerger. Un moment de concert qui ressemble \u00e0 un r\u00eave \u2013 et que vous n\u2019avez encore jamais v\u00e9cu de cette mani\u00e8re. <\/p>\n","protected":false},"excerpt":{"rendered":"<p>LE CONCERT IMMERSIF DU CHANTEUR DE POLARKREIS 18, FELIX R\u00c4UBER Avec le Traumkonzert (\u00ab concert-r\u00eave \u00bb), le chanteur et compositeur&hellip;<\/p>\n","protected":false},"author":2,"featured_media":5235,"template":"","meta":{"_acf_changed":false},"product_brand":[],"product_cat":[160],"product_tag":[175],"class_list":{"0":"post-5295","1":"product","2":"type-product","3":"status-publish","4":"has-post-thumbnail","6":"product_cat-event","7":"product_tag-singer-songwriter","9":"first","10":"instock","11":"taxable","12":"shipping-taxable","13":"product-type-external"},"acf":[],"_links":{"self":[{"href":"https:\/\/z-7.ch\/fr\/wp-json\/wp\/v2\/product\/5295","targetHints":{"allow":["GET"]}}],"collection":[{"href":"https:\/\/z-7.ch\/fr\/wp-json\/wp\/v2\/product"}],"about":[{"href":"https:\/\/z-7.ch\/fr\/wp-json\/wp\/v2\/types\/product"}],"author":[{"embeddable":true,"href":"https:\/\/z-7.ch\/fr\/wp-json\/wp\/v2\/users\/2"}],"wp:featuredmedia":[{"embeddable":true,"href":"https:\/\/z-7.ch\/fr\/wp-json\/wp\/v2\/media\/5235"}],"wp:attachment":[{"href":"https:\/\/z-7.ch\/fr\/wp-json\/wp\/v2\/media?parent=5295"}],"wp:term":[{"taxonomy":"product_brand","embeddable":true,"href":"https:\/\/z-7.ch\/fr\/wp-json\/wp\/v2\/product_brand?post=5295"},{"taxonomy":"product_cat","embeddable":true,"href":"https:\/\/z-7.ch\/fr\/wp-json\/wp\/v2\/product_cat?post=5295"},{"taxonomy":"product_tag","embeddable":true,"href":"https:\/\/z-7.ch\/fr\/wp-json\/wp\/v2\/product_tag?post=5295"}],"curies":[{"name":"wp","href":"https:\/\/api.w.org\/{rel}","templated":true}]}}