{"id":5305,"date":"2025-11-24T10:00:15","date_gmt":"2025-11-24T09:00:15","guid":{"rendered":"https:\/\/z-7.chprodukt\/big-big-train\/"},"modified":"2026-04-01T10:22:04","modified_gmt":"2026-04-01T08:22:04","slug":"big-big-train","status":"publish","type":"product","link":"https:\/\/z-7.ch\/fr\/event\/big-big-train\/","title":{"rendered":"Big Big Train"},"content":{"rendered":"<h3>PROG AROUND THE WORLD<\/h3>\n<p><b>La formation britannique de r\u00e9tro-prog Big Big Train sera de retour \u00e0 Pratteln \u00e0 l\u2019automne 2026. Avec l\u2019imposant enregistrement live Are We Nearly There Yet? \u2013 Live Around The World, publi\u00e9 en octobre 2025, le groupe a livr\u00e9 une documentation passionnante de ses derni\u00e8res tourn\u00e9es. Lors de la prochaine tourn\u00e9e europ\u00e9enne, Big Big Train pr\u00e9senteront \u00e0 nouveau des titres issus de toutes les p\u00e9riodes de leur carri\u00e8re longue de plus de trente-cinq ans. <\/b><\/p>\n<p>M\u00eame apr\u00e8s 35 ans d\u2019existence, Big Big Train affichent une productivit\u00e9 impressionnante : depuis dix ans, le groupe publie chaque ann\u00e9e au moins un album studio et\/ou live. La quantit\u00e9 n\u2019a jamais nui \u00e0 la qualit\u00e9 \u2013 la cr\u00e9ativit\u00e9 des musiciens reste intacte. Fond\u00e9 en 1990 \u00e0 Bournemouth, Big Big Train sont devenus des acteurs majeurs du rock progressif international avec 17 albums studio ainsi que de nombreux EP et sorties live. Leur parcours est jalonn\u00e9 de classements \u00e9lev\u00e9s dans les charts internationaux (dont une premi\u00e8re place des charts rock britanniques), de distinctions prestigieuses (quatre fois laur\u00e9ats des Progressive Music Awards) et d\u2019innombrables concerts \u00e0 guichets ferm\u00e9s. Fid\u00e8les \u00e0 leurs racines tout en explorant de nouvelles voies, Big Big Train int\u00e8grent des influences vari\u00e9es et s\u2019imposent comme de fins passe-fronti\u00e8res entre pop, rock et prog, dans l\u2019esprit des groupes anglais du d\u00e9but des ann\u00e9es 1970. Leur derni\u00e8re venue au Z7 remonte \u00e0 septembre 2023 dans le cadre de The Journey Continues Tour. Le site diebuehrers.com \u00e9crivait alors : \u00ab D\u00e8s les premi\u00e8res notes, le groupe \u00e0 sept musiciens, accompagn\u00e9 d\u2019une section de cuivres suppl\u00e9mentaire, a montr\u00e9 pourquoi il domine l\u00e9gitimement les charts. Cette formation internationale aux multiples talents, venue du Royaume-Uni, des \u00c9tats-Unis, d\u2019Italie, de Su\u00e8de et de Norv\u00e8ge, r\u00e9unissait le chanteur Alberto Bravin (PFM), le batteur Nick D\u2019Virgilio (Genesis, Spock\u2019s Beard, Tears For Fears), le guitariste\/clavi\u00e9riste Rikard Sj\u00f6blom (Beardfish, Gungfly), la violoniste Clare Lindley (Stackridge), le bassiste Gregory Spawton, le clavi\u00e9riste Oskar Holldorff (Dim Gray) ainsi que l\u2019\u00e9toile montante de la guitare Maria Barbieri. Avec une setlist vari\u00e9e, le groupe a propos\u00e9 une superbe s\u00e9lection de classiques et bien s\u00fbr des morceaux de leur nouvel album Ingenious Devices. Un v\u00e9ritable train prog lanc\u00e9 \u00e0 pleine vitesse. \u00bb Depuis, un nouvel album studio, The Likes Of Us, est sorti en 2024. En octobre 2025, Big Big Train ont ensuite publi\u00e9 le live Are We Nearly There Yet? \u2013 Live Around The World, qui documente leurs concerts exceptionnels de ces derni\u00e8res ann\u00e9es. Pour cette sortie, Gregory Spawton et le chanteur hors pair Alberto Bravin ont s\u00e9lectionn\u00e9 les meilleures captations des tourn\u00e9es pass\u00e9es \u2013 m\u00ealant favoris du groupe et titres r\u00e9cents, enregistr\u00e9s devant des publics enthousiastes aux \u00c9tats-Unis, au Royaume-Uni et \u00e0 travers l\u2019Europe.<\/p>\n","protected":false},"excerpt":{"rendered":"<p>PROG AROUND THE WORLD La formation britannique de r\u00e9tro-prog Big Big Train sera de retour \u00e0 Pratteln \u00e0 l\u2019automne 2026.&hellip;<\/p>\n","protected":false},"author":2,"featured_media":3672,"template":"","meta":{"_acf_changed":false},"product_brand":[],"product_cat":[160],"product_tag":[136],"class_list":{"0":"post-5305","1":"product","2":"type-product","3":"status-publish","4":"has-post-thumbnail","6":"product_cat-event","7":"product_tag-prog-fr","9":"first","10":"instock","11":"virtual","12":"purchasable","13":"product-type-simple"},"acf":[],"_links":{"self":[{"href":"https:\/\/z-7.ch\/fr\/wp-json\/wp\/v2\/product\/5305","targetHints":{"allow":["GET"]}}],"collection":[{"href":"https:\/\/z-7.ch\/fr\/wp-json\/wp\/v2\/product"}],"about":[{"href":"https:\/\/z-7.ch\/fr\/wp-json\/wp\/v2\/types\/product"}],"author":[{"embeddable":true,"href":"https:\/\/z-7.ch\/fr\/wp-json\/wp\/v2\/users\/2"}],"wp:featuredmedia":[{"embeddable":true,"href":"https:\/\/z-7.ch\/fr\/wp-json\/wp\/v2\/media\/3672"}],"wp:attachment":[{"href":"https:\/\/z-7.ch\/fr\/wp-json\/wp\/v2\/media?parent=5305"}],"wp:term":[{"taxonomy":"product_brand","embeddable":true,"href":"https:\/\/z-7.ch\/fr\/wp-json\/wp\/v2\/product_brand?post=5305"},{"taxonomy":"product_cat","embeddable":true,"href":"https:\/\/z-7.ch\/fr\/wp-json\/wp\/v2\/product_cat?post=5305"},{"taxonomy":"product_tag","embeddable":true,"href":"https:\/\/z-7.ch\/fr\/wp-json\/wp\/v2\/product_tag?post=5305"}],"curies":[{"name":"wp","href":"https:\/\/api.w.org\/{rel}","templated":true}]}}