{"id":5309,"date":"2025-11-18T15:12:49","date_gmt":"2025-11-18T14:12:49","guid":{"rendered":"https:\/\/z-7.chprodukt\/crazy-diamond-2\/"},"modified":"2026-02-06T17:50:30","modified_gmt":"2026-02-06T16:50:30","slug":"crazy-diamond-2","status":"publish","type":"product","link":"https:\/\/z-7.ch\/fr\/event\/crazy-diamond-2\/","title":{"rendered":"Crazy Diamond"},"content":{"rendered":"<h4 style=\"margin: 0;\"><span style=\"background-color: white; color: black; padding: 5px 10px;\">Augusta Raurica &#8211; Live In Concert<\/span><\/h4>\n<p>&nbsp;<\/p>\n<h3>ROCK AU TH\u00c9\u00c2TRE ROMAIN<\/h3>\n<p>Le th\u00e9\u00e2tre romain d\u2019Augusta Raurica est la sc\u00e8ne antique en plein air la mieux conserv\u00e9e au nord des Alpes et accueille des concerts du Z7 depuis de nombreuses ann\u00e9es. En 2014, le groupe suisse tribute Pink Floyd Crazy Diamond y a livr\u00e9 l\u2019un des concerts les plus marquants jamais organis\u00e9s dans ce lieu, suivi par des artistes tels que Tangerine Dream, Nena, Mike &amp; The Mechanics, Nick Mason ou encore Beth Hart. Quiconque a d\u00e9j\u00e0 assist\u00e9 \u00e0 un concert dans ce demi-cercle de 1 600 places conna\u00eet l\u2019atmosph\u00e8re unique qui se d\u00e9gage de cet environnement historique. En 2026, le Z7 revient et pr\u00e9sente Augusta Raurica \u2013 Live in Concert avec Crazy Diamond, Apocalyptica et Eluveitie en t\u00eates d\u2019affiche prestigieuses.   <\/p>\n<h3>Crazy Diamond &#8211; The Pink Floyd Tribute<\/h3>\n<p>Nous c\u00e9l\u00e9brons les 25 ans de Crazy Diamond ! \u00ab Run, run, run, run \u2013 you better run! \u00bb Depuis leur cr\u00e9ation en 2001, Crazy Diamond parcourent la Suisse dans tous les sens pour faire vibrer les sc\u00e8nes. \u00ab Year after year, running over the same old ground. \u00bb Plus de cent mille fans ont d\u00e9j\u00e0 v\u00e9cu cette formation en concert au fil des ann\u00e9es. Interpr\u00e9ter la musique unique de Pink Floyd est une chose \u2013 lui apporter ce petit suppl\u00e9ment d\u2019\u00e2me en est une autre. Et force est de constater que les musiciens touchent juste, encore et encore. Puissants, denses et monumentaux, les morceaux sont servis avec une touche personnelle bien affirm\u00e9e. Les ingr\u00e9dients parfaits pour embarquer le public dans un v\u00e9ritable voyage dans le temps, des ann\u00e9es 1960 aux ann\u00e9es 1990. De la toute premi\u00e8re single \u201cArnold Layne\u201d aux moments forts plus r\u00e9cents comme \u201cHigh Hopes\u201d, en passant par des classiques tels que \u201cAnother Brick In The Wall\u201d ou \u201cThe Great Gig In The Sky\u201d, sans oublier des perles plus rares comme \u201cSheep\u201d ou \u201cCareful With That Axe Eugene\u201d, Crazy Diamond donnent le meilleur d\u2019eux-m\u00eames \u00e0 chaque titre pour offrir un spectacle inoubliable. Le son monumental est sublim\u00e9 par des effets visuels spectaculaires qui mettent parfaitement l\u2019ensemble en valeur. Pour comprendre pourquoi le groupe est souvent qualifi\u00e9 avec enthousiasme de \u00ab l\u2019un des meilleurs tribute Pink Floyd \u00bb, il faut absolument voir Crazy Diamond en live \u2013 id\u00e9alement dans l\u2019atmosph\u00e8re unique du th\u00e9\u00e2tre d\u2019Augusta Raurica, o\u00f9 le groupe avait d\u00e9j\u00e0 livr\u00e9 deux concerts grandioses en 2014, en clin d\u2019\u0153il au l\u00e9gendaire Live At Pompeii de Pink Floyd.             <\/p>\n","protected":false},"excerpt":{"rendered":"<p>Augusta Raurica &#8211; Live In Concert &nbsp; ROCK AU TH\u00c9\u00c2TRE ROMAIN Le th\u00e9\u00e2tre romain d\u2019Augusta Raurica est la sc\u00e8ne antique&hellip;<\/p>\n","protected":false},"author":2,"featured_media":5656,"template":"","meta":{"_acf_changed":false},"product_brand":[],"product_cat":[160],"product_tag":[136],"class_list":{"0":"post-5309","1":"product","2":"type-product","3":"status-publish","4":"has-post-thumbnail","6":"product_cat-event","7":"product_tag-prog-fr","9":"first","10":"outofstock","11":"virtual","12":"purchasable","13":"product-type-simple"},"acf":[],"_links":{"self":[{"href":"https:\/\/z-7.ch\/fr\/wp-json\/wp\/v2\/product\/5309","targetHints":{"allow":["GET"]}}],"collection":[{"href":"https:\/\/z-7.ch\/fr\/wp-json\/wp\/v2\/product"}],"about":[{"href":"https:\/\/z-7.ch\/fr\/wp-json\/wp\/v2\/types\/product"}],"author":[{"embeddable":true,"href":"https:\/\/z-7.ch\/fr\/wp-json\/wp\/v2\/users\/2"}],"wp:featuredmedia":[{"embeddable":true,"href":"https:\/\/z-7.ch\/fr\/wp-json\/wp\/v2\/media\/5656"}],"wp:attachment":[{"href":"https:\/\/z-7.ch\/fr\/wp-json\/wp\/v2\/media?parent=5309"}],"wp:term":[{"taxonomy":"product_brand","embeddable":true,"href":"https:\/\/z-7.ch\/fr\/wp-json\/wp\/v2\/product_brand?post=5309"},{"taxonomy":"product_cat","embeddable":true,"href":"https:\/\/z-7.ch\/fr\/wp-json\/wp\/v2\/product_cat?post=5309"},{"taxonomy":"product_tag","embeddable":true,"href":"https:\/\/z-7.ch\/fr\/wp-json\/wp\/v2\/product_tag?post=5309"}],"curies":[{"name":"wp","href":"https:\/\/api.w.org\/{rel}","templated":true}]}}