{"id":5311,"date":"2025-11-18T14:22:29","date_gmt":"2025-11-18T13:22:29","guid":{"rendered":"https:\/\/z-7.chprodukt\/apocalyptica\/"},"modified":"2026-04-10T14:38:45","modified_gmt":"2026-04-10T12:38:45","slug":"apocalyptica","status":"publish","type":"product","link":"https:\/\/z-7.ch\/fr\/event\/apocalyptica\/","title":{"rendered":"Apocalyptica"},"content":{"rendered":"<h4 style=\"margin: 0;\"><span style=\"background-color: white; color: black; padding: 5px 10px;\">Augusta Raurica &#8211; Live In Concert<\/span><\/h4>\n<p>&nbsp;<\/p>\n<h3>ROCK AU TH\u00c9\u00c2TRE ROMAIN<\/h3>\n<p>Le th\u00e9\u00e2tre romain d\u2019Augusta Raurica est la sc\u00e8ne antique en plein air la mieux conserv\u00e9e au nord des Alpes et accueille des concerts du Z7 depuis de nombreuses ann\u00e9es. En 2014, le groupe suisse tribute Pink Floyd Crazy Diamond y a livr\u00e9 l\u2019un des concerts les plus marquants jamais organis\u00e9s dans ce lieu, suivi par des artistes tels que Tangerine Dream, Nena, Mike &amp; The Mechanics, Nick Mason ou encore Beth Hart. Quiconque a d\u00e9j\u00e0 assist\u00e9 \u00e0 un concert dans ce demi-cercle de 1 600 places conna\u00eet l\u2019atmosph\u00e8re unique qui se d\u00e9gage de cet environnement historique. En 2026, le Z7 revient et pr\u00e9sente Augusta Raurica \u2013 Live in Concert avec Crazy Diamond, Apocalyptica et Eluveitie en t\u00eates d\u2019affiche prestigieuses.   <\/p>\n<h3>APOCALYPTICA \u2013 PLAYS METALLICA LIVE<\/h3>\n<p>Il y a 30 ans, un groupe totalement inconnu venu de Finlande faisait une entr\u00e9e fracassante sur la sc\u00e8ne musicale, attirant \u00e0 la fois l\u2019attention des amateurs de musique classique et des fans de metal. Avec l\u2019album Apocalyptica Plays Metallica by Four Cellos, ces musiciens form\u00e9s au classique venus du grand nord ont compl\u00e8tement boulevers\u00e9 les codes sur sc\u00e8ne. Headbanguer tout en jouant du violoncelle \u2013 le monde de la musique n\u2019avait encore jamais vu cela. Le concept n\u2019a cess\u00e9 d\u2019\u00e9voluer : rapidement, trois violoncelles et une batterie se sont retrouv\u00e9s sur sc\u00e8ne. Des chanteuses et chanteurs invit\u00e9s ont rejoint le projet, d\u2019autres groupes ont \u00e9t\u00e9 repris, avant que le groupe ne compose finalement ses propres morceaux. En 2024, Apocalyptica sont toutefois revenus \u00e0 leur premi\u00e8re passion avec la sortie de Apocalyptica Plays Metallica Vol. 2. L\u2019album poursuit le voyage entam\u00e9 en 1996, lorsque des violoncellistes de la c\u00e9l\u00e8bre Acad\u00e9mie Sibelius d\u2019Helsinki ont cr\u00e9\u00e9 leur hommage symphonique aux titans du metal Metallica. Ce dixi\u00e8me album d\u2019Apocalyptica r\u00e9serve plusieurs surprises, dont une r\u00e9interpr\u00e9tation spectaculaire de l\u2019un des moments les plus embl\u00e9matiques de Metallica : \u201cOne\u201d, issu de l\u2019album culte \u2026And Justice For All. De plus, James Hetfield et Rob Trujillo apparaissent \u00e9galement sur ce nouvel opus. Avec cette sortie, Apocalyptica se sont une fois de plus surpass\u00e9s. Lors de la tourn\u00e9e actuelle, pour le plus grand plaisir des fans, le groupe joue exclusivement des morceaux de Metallica. Du metal au violoncelle d\u00e9cha\u00een\u00e9 avec un best of Metallica \u2013 tout est r\u00e9uni pour une nuit d\u2019\u00e9t\u00e9 explosive \u00e0 Augusta Raurica.             <\/p>\n","protected":false},"excerpt":{"rendered":"<p>Augusta Raurica &#8211; Live In Concert &nbsp; ROCK AU TH\u00c9\u00c2TRE ROMAIN Le th\u00e9\u00e2tre romain d\u2019Augusta Raurica est la sc\u00e8ne antique&hellip;<\/p>\n","protected":false},"author":2,"featured_media":5658,"template":"","meta":{"_acf_changed":false},"product_brand":[],"product_cat":[160],"product_tag":[169,187],"class_list":{"0":"post-5311","1":"product","2":"type-product","3":"status-publish","4":"has-post-thumbnail","6":"product_cat-event","7":"product_tag-power-metal","8":"product_tag-symphonic","10":"first","11":"instock","12":"virtual","13":"purchasable","14":"product-type-simple"},"acf":[],"_links":{"self":[{"href":"https:\/\/z-7.ch\/fr\/wp-json\/wp\/v2\/product\/5311","targetHints":{"allow":["GET"]}}],"collection":[{"href":"https:\/\/z-7.ch\/fr\/wp-json\/wp\/v2\/product"}],"about":[{"href":"https:\/\/z-7.ch\/fr\/wp-json\/wp\/v2\/types\/product"}],"author":[{"embeddable":true,"href":"https:\/\/z-7.ch\/fr\/wp-json\/wp\/v2\/users\/2"}],"wp:featuredmedia":[{"embeddable":true,"href":"https:\/\/z-7.ch\/fr\/wp-json\/wp\/v2\/media\/5658"}],"wp:attachment":[{"href":"https:\/\/z-7.ch\/fr\/wp-json\/wp\/v2\/media?parent=5311"}],"wp:term":[{"taxonomy":"product_brand","embeddable":true,"href":"https:\/\/z-7.ch\/fr\/wp-json\/wp\/v2\/product_brand?post=5311"},{"taxonomy":"product_cat","embeddable":true,"href":"https:\/\/z-7.ch\/fr\/wp-json\/wp\/v2\/product_cat?post=5311"},{"taxonomy":"product_tag","embeddable":true,"href":"https:\/\/z-7.ch\/fr\/wp-json\/wp\/v2\/product_tag?post=5311"}],"curies":[{"name":"wp","href":"https:\/\/api.w.org\/{rel}","templated":true}]}}