{"id":5313,"date":"2025-11-12T10:00:05","date_gmt":"2025-11-12T09:00:05","guid":{"rendered":"https:\/\/z-7.chprodukt\/avantasia\/"},"modified":"2026-02-16T14:12:56","modified_gmt":"2026-02-16T13:12:56","slug":"avantasia","status":"publish","type":"product","link":"https:\/\/z-7.ch\/fr\/event\/avantasia\/","title":{"rendered":"Avantasia"},"content":{"rendered":"<h4 style=\"margin: 0;\"><span style=\"background-color: white; color: black; padding: 5px 10px;\">Z7 SUMMER NIGHTS OPEN AIR<\/span><\/h4>\n<p>&nbsp;<\/p>\n<h3>TOBI TOTAL : UNE NUIT D\u2019\u00c9T\u00c9 Z7 AVEC AVANTASIA<\/h3>\n<p><b>Avantasia sont de retour ! Tobias Sammet revient \u00e0 Pratteln avec son c\u00e9l\u00e8bre projet d\u2019op\u00e9ra metal r\u00e9unissant une v\u00e9ritable constellation de stars. La Here Be Dragons Tour fera halte aux Z7 Summer Nights Open Airs en 2026 et nous emm\u00e8nera dans un voyage musical fascinant, entre r\u00e9alit\u00e9 et r\u00eave, fougue et m\u00e9lancolie.  <\/b><\/p>\n<p>Here Be Dragons est le dixi\u00e8me album studio du projet metal opera Avantasia \u2013 et il a fait l\u2019effet d\u2019un v\u00e9ritable coup de tonnerre. Num\u00e9ro 1 en Allemagne et en Autriche, num\u00e9ro 3 dans les charts suisses. M\u00eame un quart de si\u00e8cle apr\u00e8s les d\u00e9buts du projet, la parade all-star de Tobias Sammet reste une valeur s\u00fbre. Sorti au printemps 2025, l\u2019album propose tous les ingr\u00e9dients essentiels d\u2019Avantasia : ch\u0153urs monumentaux et \u00e9l\u00e9ments de metal symphonique grandioses, tout en surprenant les fans de la premi\u00e8re heure comme les nouveaux venus avec des univers sonores in\u00e9dits et captivants. Here Be Dragons enrichit le son Avantasia, c\u00e9l\u00e9br\u00e9 dans le monde entier et en constante \u00e9volution depuis plus de 25 ans, avec des facettes nouvelles, puissantes et audacieuses. Il en r\u00e9sulte l\u2019album le plus coh\u00e9rent et le plus marquant de l\u2019histoire du groupe. Les dix titres de Here Be Dragons ont tous \u00e9t\u00e9 \u00e9crits et compos\u00e9s par Tobias Sammet lui-m\u00eame. Fid\u00e8le \u00e0 l\u2019esprit Avantasia, l\u2019album d\u00e9ploie des atmosph\u00e8res dignes du cin\u00e9ma et donne vie \u00e0 de grandes histoires \u2013 port\u00e9es par des artistes musicaux d\u2019exception. Parmi les invit\u00e9s figurent notamment Ronnie Atkins (Pretty Maids), Bob Catley (Magnum), Tommy Karevik (Kamelot), Michael Kiske (Helloween, Unisonic), Geoff Tate (Operation: Mindcrime, ex-Queensr\u00ffche) ou encore Kenny Leckremo (H.E.A.T). Certaines de ces voix remarquables seront \u00e9galement pr\u00e9sentes \u00e0 Pratteln pour le grand Avantasia Summer Nights Open Air. Et Tobias Sammet promet : \u00ab Les concerts de la Here Be Dragons Tour sont un voyage dans un monde rempli de merveilles, o\u00f9 l\u2019on peut oublier la r\u00e9alit\u00e9 quotidienne et nous rejoindre de l\u2019autre c\u00f4t\u00e9. C\u2019est une exp\u00e9rience immersive avec des effets sp\u00e9ciaux et une production gigantesque \u2013 plus grande et plus impressionnante que tout ce que nous avons fait jusqu\u2019\u00e0 pr\u00e9sent. Il y aura des morceaux hymniques et \u00e9piques qui s\u2019int\u00e8grent parfaitement \u00e0 nos classiques, ainsi que quelques titres presque oubli\u00e9s qui font leur retour dans la setlist. J\u2019ai vraiment h\u00e2te de pr\u00e9senter Here Be Dragons au monde entier en 2026 et de remettre ce grand spectacle sur la route. \u00bb Oui, c\u2019est officiel : Avantasia sont de retour !           <\/p>\n","protected":false},"excerpt":{"rendered":"<p>Z7 SUMMER NIGHTS OPEN AIR &nbsp; TOBI TOTAL : UNE NUIT D\u2019\u00c9T\u00c9 Z7 AVEC AVANTASIA Avantasia sont de retour !&hellip;<\/p>\n","protected":false},"author":2,"featured_media":5660,"template":"","meta":{"_acf_changed":false},"product_brand":[],"product_cat":[160],"product_tag":[169,187],"class_list":{"0":"post-5313","1":"product","2":"type-product","3":"status-publish","4":"has-post-thumbnail","6":"product_cat-event","7":"product_tag-power-metal","8":"product_tag-symphonic","10":"first","11":"instock","12":"virtual","13":"purchasable","14":"product-type-simple"},"acf":[],"_links":{"self":[{"href":"https:\/\/z-7.ch\/fr\/wp-json\/wp\/v2\/product\/5313","targetHints":{"allow":["GET"]}}],"collection":[{"href":"https:\/\/z-7.ch\/fr\/wp-json\/wp\/v2\/product"}],"about":[{"href":"https:\/\/z-7.ch\/fr\/wp-json\/wp\/v2\/types\/product"}],"author":[{"embeddable":true,"href":"https:\/\/z-7.ch\/fr\/wp-json\/wp\/v2\/users\/2"}],"wp:featuredmedia":[{"embeddable":true,"href":"https:\/\/z-7.ch\/fr\/wp-json\/wp\/v2\/media\/5660"}],"wp:attachment":[{"href":"https:\/\/z-7.ch\/fr\/wp-json\/wp\/v2\/media?parent=5313"}],"wp:term":[{"taxonomy":"product_brand","embeddable":true,"href":"https:\/\/z-7.ch\/fr\/wp-json\/wp\/v2\/product_brand?post=5313"},{"taxonomy":"product_cat","embeddable":true,"href":"https:\/\/z-7.ch\/fr\/wp-json\/wp\/v2\/product_cat?post=5313"},{"taxonomy":"product_tag","embeddable":true,"href":"https:\/\/z-7.ch\/fr\/wp-json\/wp\/v2\/product_tag?post=5313"}],"curies":[{"name":"wp","href":"https:\/\/api.w.org\/{rel}","templated":true}]}}