{"id":5315,"date":"2025-11-10T10:00:21","date_gmt":"2025-11-10T09:00:21","guid":{"rendered":"https:\/\/z-7.chprodukt\/rose-tattoo\/"},"modified":"2026-04-10T14:44:43","modified_gmt":"2026-04-10T12:44:43","slug":"rose-tattoo","status":"publish","type":"product","link":"https:\/\/z-7.ch\/fr\/event\/rose-tattoo\/","title":{"rendered":"Rose Tattoo"},"content":{"rendered":"<h4 style=\"margin: 0;\"><span style=\"background-color: white; color: black; padding: 5px 10px;\">Z7 SUMMER NIGHTS OPEN AIR<\/span><\/h4>\n<p>&nbsp;<\/p>\n<h3 style=\"display: inline-block; margin: 0; margin-right: 8px;\">HORAIRE<\/h3>\n<p>(Sous r\u00e9serve de modifications)<\/p>\n<table style=\"width: 100%; border-collapse: collapse; margin-top: 20px; border: 0px solid #fff;\">\n<tbody>\n<tr style=\"border-top: 1px solid #fff; border-bottom: 1px solid #fff;\">\n<td style=\"padding: 8px; color: #fff;\">21:30 &#8211; 23:00<\/td>\n<td style=\"padding: 8px; color: #fff;\">Rose Tattoo<\/td>\n<\/tr>\n<tr style=\"border-bottom: 1px solid #fff;\">\n<td style=\"padding: 8px; color: #fff;\">20:05 &#8211; 21:00<\/td>\n<td style=\"padding: 8px; color: #fff;\">Victory<\/td>\n<\/tr>\n<tr style=\"border-bottom: 1px solid #fff;\">\n<td style=\"padding: 8px; color: #fff;\">19:00 &#8211; 19:40<\/td>\n<td style=\"padding: 8px; color: #fff;\">Velvet Rush<\/td>\n<\/tr>\n<tr style=\"border-bottom: 1px solid #fff;\">\n<td style=\"padding: 8px; color: #fff;\">18:00<\/td>\n<td style=\"padding: 8px; color: #fff;\">Ouverture des portes<\/td>\n<\/tr>\n<\/tbody>\n<\/table>\n<h3>DERNIERS CONCERTS EN EUROPE<\/h3>\n<p><strong>Aux c\u00f4t\u00e9s d\u2019AC\/DC, Rose Tattoo ont marqu\u00e9 la sc\u00e8ne rock internationale comme peu d\u2019autres groupes australiens. Avec la tourn\u00e9e Rock\u2019n\u2019Roll Outlaws \u2013 One Last Ride, la formation men\u00e9e par le chanteur l\u00e9gendaire Angry Anderson c\u00e9l\u00e8bre son 50e anniversaire. En m\u00eame temps, leur concert au Z7 Summer Nights Open Air repr\u00e9sente la toute derni\u00e8re occasion pour les fans suisses de voir le groupe en live.  <\/strong><\/p>\n<p>Les hors-la-loi du rock\u2019n\u2019roll australien Rose Tattoo \u00e9crivent le dernier chapitre de leur histoire exceptionnelle. Apr\u00e8s cinq d\u00e9cennies sur les routes, le groupe autour du frontman Angry Anderson a annonc\u00e9 pour 2026 sa derni\u00e8re tourn\u00e9e europ\u00e9enne. Depuis sa fondation en 1976, Rose Tattoo ont profond\u00e9ment influenc\u00e9 la sc\u00e8ne rock internationale. Avec leur m\u00e9lange sans compromis de blues, de hard rock et de pub rock, ils ont cr\u00e9\u00e9 un son unique qui a marqu\u00e9 des g\u00e9n\u00e9rations de musiciens et de fans. Des titres comme \u201cRock \u2019n\u2019 Roll Outlaw\u201d, \u201cBad Boy for Love\u201d ou \u201cNice Boys\u201d sont aujourd\u2019hui des classiques incontournables du genre. M\u00eame apr\u00e8s un demi-si\u00e8cle, Angry Anderson \u2013 voix charismatique et infatigable \u2013 dirige toujours le groupe avec la m\u00eame \u00e9nergie et la m\u00eame passion qui ont fait de Rose Tattoo l\u2019un des groupes live les plus respect\u00e9s de l\u2019histoire du rock. La tourn\u00e9e d\u2019adieu emm\u00e8nera le groupe une derni\u00e8re fois \u00e0 travers l\u2019Europe en 2026 et promet un voyage \u00e9motionnel \u00e0 travers cinq d\u00e9cennies de rock \u2013 des premiers hymnes de pub rock aux classiques ult\u00e9rieurs. Avec son groupe parfaitement rod\u00e9, Angry livrera une derni\u00e8re fois ce qui a fait la renomm\u00e9e de Rose Tattoo : une \u00e9nergie live explosive, une attitude rock\u2019n\u2019roll authentique et la certitude que la v\u00e9ritable r\u00e9bellion ne meurt jamais. Les concerts Rock\u2019n\u2019Roll Outlaws \u2013 One Last Ride sont bien plus que de simples spectacles : ils marquent l\u2019adieu \u00e0 un pan essentiel de l\u2019histoire de la musique et rendent hommage \u00e0 l\u2019esprit intemporel du rock\u2019n\u2019roll. Fait remarquable, Angry Anderson f\u00eatera son 79e (!) anniversaire la veille de son concert \u00e0 Pratteln. Mais au lieu de profiter d\u2019une retraite bien m\u00e9rit\u00e9e, l\u2019inusable guerrier du rock\u2019n\u2019roll repart une derni\u00e8re fois sur les routes pour transmettre ses messages bruts et sinc\u00e8res aux fans.         <\/p>\n<p><strong>Victory :<\/strong> Fond\u00e9 en 1984, Victory fait toujours partie des groupes les plus marquants de la sc\u00e8ne heavy rock allemande. Le groupe a jou\u00e9 d\u2019innombrables concerts en ar\u00e8nes et festivals \u00e0 travers le monde et publi\u00e9, en plus de plusieurs albums live et compilations, dix albums studio qui leur ont valu un succ\u00e8s international dans les charts. Malgr\u00e9 de nombreux changements de formation et de longues pauses, le guitariste Herman Frank n\u2019a jamais renonc\u00e9 \u00e0 l\u2019id\u00e9e de poursuivre l\u2019aventure Victory. En 2021, apr\u00e8s dix ans d\u2019attente, Victory ont sorti leur tr\u00e8s attendu dixi\u00e8me album Gods Of Tomorrow. Le magazine Metal Hammer \u00e9crivait : \u00ab Musicalement, les Victory nouvelle version s\u2019inscrivent dans un hard rock de la fin des ann\u00e9es 80 subtilement modernis\u00e9 et \u00e9voluent confortablement aux c\u00f4t\u00e9s de groupes comme Asphalt Ballet ou Sven Gali. Le nouveau chanteur Gianni Pontillo (Pure Inc., The Order), en particulier, parvient \u00e0 donner \u00e0 ce mat\u00e9riau majoritairement \u00e9nergique et m\u00e9lodique une empreinte tr\u00e8s caract\u00e9ristique. \u00bb Le magazine Good Times ajoutait : \u00ab Le leader du groupe a le sens aussi bien des ballades que des hymnes \u2013 toujours avec le degr\u00e9 de puissance qui caract\u00e9rise le nom Victory. Et avec Gianni Pontillo, Frank a trouv\u00e9 le chanteur id\u00e9al pour ce type de power rock. \u00bb En 2024, la formation autour d\u2019Herman Frank est revenue avec un nouvel album, Circle of Life (sorti en septembre), et a repris le chemin des sc\u00e8nes. En janvier 2025, Victory nous ont rendu visite au Z7 en premi\u00e8re partie de Grave Digger, offrant des classiques, du tout nouveau mat\u00e9riel et une performance live particuli\u00e8rement entra\u00eenante.     <\/p>\n<p><strong>VELVET RUSH:<\/strong> Ils incarnent un modern rock \u00e9nergique et impr\u00e9gn\u00e9 de blues, m\u00ealant soul, vibrations vintage et groove irr\u00e9sistible. Men\u00e9 par la puissante chanteuse Sandra Lian, le quatuor hambourgeois d\u00e9clenche un v\u00e9ritable feu d\u2019artifice live d\u00e8s la premi\u00e8re minute. Sa voix rock forte et rauque, associ\u00e9e \u00e0 une pr\u00e9sence sc\u00e9nique affirm\u00e9e, s\u00e9duit aussi bien le public que la critique. Musicalement, VELVET RUSH fusionnent le hard rock des ann\u00e9es 70, le blues et le rock psych\u00e9d\u00e9lique avec une touche r\u00e9solument moderne. Le guitariste Dennis Henning, le bassiste Tim Black et le batteur Tom Zeschke posent une base solide et percutante pour des morceaux entra\u00eenants, riches en hooks, en dynamique et en plaisir de jeu.    <\/p>\n","protected":false},"excerpt":{"rendered":"<p>Z7 SUMMER NIGHTS OPEN AIR &nbsp; HORAIRE (Sous r\u00e9serve de modifications) 21:30 &#8211; 23:00 Rose Tattoo 20:05 &#8211; 21:00 Victory&hellip;<\/p>\n","protected":false},"author":2,"featured_media":5662,"template":"","meta":{"_acf_changed":false},"product_brand":[],"product_cat":[160],"product_tag":[105],"class_list":{"0":"post-5315","1":"product","2":"type-product","3":"status-publish","4":"has-post-thumbnail","6":"product_cat-event","7":"product_tag-hard-rock-fr","9":"first","10":"instock","11":"virtual","12":"purchasable","13":"product-type-simple"},"acf":[],"_links":{"self":[{"href":"https:\/\/z-7.ch\/fr\/wp-json\/wp\/v2\/product\/5315","targetHints":{"allow":["GET"]}}],"collection":[{"href":"https:\/\/z-7.ch\/fr\/wp-json\/wp\/v2\/product"}],"about":[{"href":"https:\/\/z-7.ch\/fr\/wp-json\/wp\/v2\/types\/product"}],"author":[{"embeddable":true,"href":"https:\/\/z-7.ch\/fr\/wp-json\/wp\/v2\/users\/2"}],"wp:featuredmedia":[{"embeddable":true,"href":"https:\/\/z-7.ch\/fr\/wp-json\/wp\/v2\/media\/5662"}],"wp:attachment":[{"href":"https:\/\/z-7.ch\/fr\/wp-json\/wp\/v2\/media?parent=5315"}],"wp:term":[{"taxonomy":"product_brand","embeddable":true,"href":"https:\/\/z-7.ch\/fr\/wp-json\/wp\/v2\/product_brand?post=5315"},{"taxonomy":"product_cat","embeddable":true,"href":"https:\/\/z-7.ch\/fr\/wp-json\/wp\/v2\/product_cat?post=5315"},{"taxonomy":"product_tag","embeddable":true,"href":"https:\/\/z-7.ch\/fr\/wp-json\/wp\/v2\/product_tag?post=5315"}],"curies":[{"name":"wp","href":"https:\/\/api.w.org\/{rel}","templated":true}]}}