{"id":5317,"date":"2025-11-07T14:07:59","date_gmt":"2025-11-07T13:07:59","guid":{"rendered":"https:\/\/z-7.chprodukt\/lazuli\/"},"modified":"2026-02-06T17:52:38","modified_gmt":"2026-02-06T16:52:38","slug":"lazuli","status":"publish","type":"product","link":"https:\/\/z-7.ch\/fr\/event\/lazuli\/","title":{"rendered":"Lazuli"},"content":{"rendered":"<h3>LE RETOUR DE LA PO\u00c9SIE PROGRESSIVE<\/h3>\n<p><strong>Le groupe fran\u00e7ais Lazuli compte parmi les formations les plus fascinantes de la sc\u00e8ne prog rock europ\u00e9enne. Avec leur m\u00e9lange unique de rock progressif, de chanson, de folk et de musiques du monde, les cinq musiciens cr\u00e9ent un univers sonore \u00e0 la fois mystique et puissant. Lors de leur prochaine tourn\u00e9e, ils pr\u00e9senteront leur nouvel album \u00catre et ne plus \u00eatre, prouvant une fois de plus que la magie musicale ne se laisse enfermer dans aucune case.  <\/strong><\/p>\n<p>Quiconque a d\u00e9j\u00e0 vu Lazuli sur sc\u00e8ne est tomb\u00e9 sous leur charme musical. Leur son r\u00e9unit des m\u00e9lodies lyriques, des percussions puissantes et des textures finement cisel\u00e9es pour former un ensemble captivant, o\u00f9 les fronti\u00e8res entre rock progressif, musiques du monde et chanson fran\u00e7aise s\u2019estompent. Il en r\u00e9sulte un langage musical po\u00e9tique, intense et profond\u00e9ment \u00e9motionnel, impossible \u00e0 cat\u00e9goriser \u2013 des comparaisons comme \u00ab King Crimson rencontre Peter Gabriel \u00bb restent trop r\u00e9ductrices pour saisir toute la richesse cr\u00e9ative de ce groupe hors norme. Une grande part de leur magie r\u00e9side dans leur instrumentation : aux c\u00f4t\u00e9s du marimba et du vibraphone, rares sur les sc\u00e8nes rock, c\u2019est surtout la \u201cLeode\u201d \u2013 un instrument \u00e0 cordes d\u00e9velopp\u00e9 par le groupe lui-m\u00eame et unique au monde \u2013 qui conf\u00e8re \u00e0 Lazuli sa signature sonore inimitable. Cette alliance de savoir-faire artisanal et d\u2019esprit d\u2019innovation \u00e9largit le spectre du prog rock vers de nouvelles dimensions sonores, o\u00f9 la chaleur organique se m\u00eale \u00e0 des sonorit\u00e9s futuristes. Leur nouvel album \u00catre et ne plus \u00eatre (\u00ab \u00catre et ne plus \u00eatre \u00bb), qui para\u00eetra le 30 janvier 2026, constitue le c\u0153ur artistique de la tourn\u00e9e \u00e0 venir. Fid\u00e8le \u00e0 l\u2019esprit Lazuli, il ne s\u2019agit pas d\u2019une simple collection de chansons, mais d\u2019un voyage \u00e0 travers la lumi\u00e8re et l\u2019obscurit\u00e9, le doute et l\u2019euphorie \u2013 une repr\u00e9sentation musicale de la vie elle-m\u00eame. Le groupe d\u00e9crit le processus de cr\u00e9ation comme un chaos d\u2019\u00e9motions et d\u2019inspirations, duquel sont n\u00e9s douze morceaux \u2013 \u00ab un peu de bruit organis\u00e9, interrompu par des soupirs et du silence \u00bb. Gr\u00e2ce \u00e0 ce m\u00e9lange de profondeur, d\u2019audace exp\u00e9rimentale et de passion, Lazuli sont pass\u00e9s du statut de secret bien gard\u00e9 \u00e0 celui de valeur s\u00fbre de la sc\u00e8ne prog rock europ\u00e9enne. Leurs concerts s\u00e9duisent autant le public que la critique, et ceux qui se laissent porter par leur musique vivent une exp\u00e9rience unique \u2013 un voyage sonore entre r\u00eave et r\u00e9alit\u00e9, intellect et \u00e9motion.         <\/p>\n","protected":false},"excerpt":{"rendered":"<p>LE RETOUR DE LA PO\u00c9SIE PROGRESSIVE Le groupe fran\u00e7ais Lazuli compte parmi les formations les plus fascinantes de la sc\u00e8ne&hellip;<\/p>\n","protected":false},"author":2,"featured_media":3532,"template":"","meta":{"_acf_changed":false},"product_brand":[],"product_cat":[160],"product_tag":[136],"class_list":{"0":"post-5317","1":"product","2":"type-product","3":"status-publish","4":"has-post-thumbnail","6":"product_cat-event","7":"product_tag-prog-fr","9":"first","10":"instock","11":"virtual","12":"product-type-simple"},"acf":[],"_links":{"self":[{"href":"https:\/\/z-7.ch\/fr\/wp-json\/wp\/v2\/product\/5317","targetHints":{"allow":["GET"]}}],"collection":[{"href":"https:\/\/z-7.ch\/fr\/wp-json\/wp\/v2\/product"}],"about":[{"href":"https:\/\/z-7.ch\/fr\/wp-json\/wp\/v2\/types\/product"}],"author":[{"embeddable":true,"href":"https:\/\/z-7.ch\/fr\/wp-json\/wp\/v2\/users\/2"}],"wp:featuredmedia":[{"embeddable":true,"href":"https:\/\/z-7.ch\/fr\/wp-json\/wp\/v2\/media\/3532"}],"wp:attachment":[{"href":"https:\/\/z-7.ch\/fr\/wp-json\/wp\/v2\/media?parent=5317"}],"wp:term":[{"taxonomy":"product_brand","embeddable":true,"href":"https:\/\/z-7.ch\/fr\/wp-json\/wp\/v2\/product_brand?post=5317"},{"taxonomy":"product_cat","embeddable":true,"href":"https:\/\/z-7.ch\/fr\/wp-json\/wp\/v2\/product_cat?post=5317"},{"taxonomy":"product_tag","embeddable":true,"href":"https:\/\/z-7.ch\/fr\/wp-json\/wp\/v2\/product_tag?post=5317"}],"curies":[{"name":"wp","href":"https:\/\/api.w.org\/{rel}","templated":true}]}}